{"id":1885,"date":"2024-12-06T13:40:46","date_gmt":"2024-12-06T13:40:46","guid":{"rendered":"https:\/\/test.velvetskin.ee\/?page_id=1885"},"modified":"2025-11-24T23:39:56","modified_gmt":"2025-11-24T21:39:56","slug":"tarnetingimused","status":"publish","type":"page","link":"https:\/\/test.velvetskin.ee\/en\/tarnetingimused\/","title":{"rendered":"Delivery terms"},"content":{"rendered":"<div data-elementor-type=\"wp-page\" data-elementor-id=\"1885\" class=\"elementor elementor-1885\" data-elementor-post-type=\"page\">\n\t\t\t\t<div class=\"elementor-element elementor-element-c7c3b5c e-flex e-con-boxed e-con e-parent\" data-id=\"c7c3b5c\" data-element_type=\"container\">\n\t\t\t\t\t<div class=\"e-con-inner\">\n\t\t\t\t<div class=\"elementor-element elementor-element-31156a2 elementor-widget elementor-widget-heading\" data-id=\"31156a2\" data-element_type=\"widget\" data-widget_type=\"heading.default\">\n\t\t\t\t<div class=\"elementor-widget-container\">\n\t\t\t\t\t<h2 class=\"elementor-heading-title elementor-size-default\">VELVETSKIN E-POE TARNETINGIMUSED<\/h2>\t\t\t\t<\/div>\n\t\t\t\t<\/div>\n\t\t\t\t<div class=\"elementor-element elementor-element-15eaa9c elementor-widget elementor-widget-text-editor\" data-id=\"15eaa9c\" data-element_type=\"widget\" data-widget_type=\"text-editor.default\">\n\t\t\t\t<div class=\"elementor-widget-container\">\n\t\t\t\t\t\t\t\t\t<h2>Tarneviisid<\/h2><table><thead><tr><th>Tarneviis<\/th><th>Kirjeldus<\/th><th>Hind<\/th><\/tr><\/thead><tbody><tr><td>Pakiautomaat (Itella Smartpost, Omniva, DPD)<\/td><td>Toimetame sinu valitud pakiautomaati. Saabub \u00fcldjuhul 1\u20133 t\u00f6\u00f6p\u00e4eva jooksul. Saad koodi SMS-iga.<\/td><td>3\u00a0\u20ac\u20135\u00a0\u20ac (s\u00f5ltub teenusepakkujast)<\/td><\/tr><tr><td>Kuller<\/td><td>Kuller toob kauba sinu aadressile. Ajad lepime telefoni teel kokku.<\/td><td>5\u00a0\u20ac\u20137\u00a0\u20ac<\/td><\/tr><tr><td>T\u00f6\u00f6koha v\u00f5i salongi j\u00e4reletulemine<\/td><td>V\u00f5id kaubale ise j\u00e4rele tulla meie Tallinna aadressile.<\/td><td>Tasuta<\/td><\/tr><\/tbody><\/table><h2>Tarnepiirkond<\/h2><p>Saadame pakke Eesti piires. Soovi korral saadame ka L\u00e4tti v\u00f5i Soome; hinnad ja tarneajad v\u00f5ivad erineda.<\/p><h2>Tarneprotsess<\/h2><ul><li>T\u00f6\u00f6tleme tellimusi t\u00f6\u00f6p\u00e4eviti. Kui tellimus tehakse n\u00e4dalavahetusel v\u00f5i riigip\u00fchal, hakkab t\u00e4htaeg jooksma j\u00e4rgneval t\u00f6\u00f6p\u00e4eval.<\/li><li>Kui tellimuses on tooteid, mis vajavad eri tarneaega, kasutame pikimat tarneaega v\u00f5i saadame saadaval olevad tooted eraldi kokkuleppel.<\/li><li>Kui pakki ei saa k\u00e4tte toote k\u00e4ttesaamise t\u00e4htaja jooksul, saadame meeldetuletuse. Kui pakile ei tulda j\u00e4rele, loetakse kaup loobunuks ja tagastame selle meile; kannad uuesti saatmise kulud.<\/li><\/ul>\t\t\t\t\t\t\t\t<\/div>\n\t\t\t\t<\/div>\n\t\t\t\t\t<\/div>\n\t\t\t\t<\/div>\n\t\t<div class=\"elementor-element elementor-element-6c1508c e-flex e-con-boxed e-con e-parent\" data-id=\"6c1508c\" data-element_type=\"container\">\n\t\t\t\t\t<div class=\"e-con-inner\">\n\t\t\t\t<div class=\"elementor-element elementor-element-2cfbfab elementor-widget elementor-widget-spacer\" data-id=\"2cfbfab\" data-element_type=\"widget\" data-widget_type=\"spacer.default\">\n\t\t\t\t<div class=\"elementor-widget-container\">\n\t\t\t\t\t\t\t<div class=\"elementor-spacer\">\n\t\t\t<div class=\"elementor-spacer-inner\"><\/div>\n\t\t<\/div>\n\t\t\t\t\t\t<\/div>\n\t\t\t\t<\/div>\n\t\t\t\t\t<\/div>\n\t\t\t\t<\/div>\n\t\t\t\t<\/div>","protected":false},"excerpt":{"rendered":"<p>VELVETSKIN E-POE TARNETINGIMUSED Tarneviisid Tarneviis Kirjeldus Hind Pakiautomaat (Itella Smartpost, Omniva, DPD) Toimetame sinu valitud pakiautomaati. Saabub \u00fcldjuhul 1\u20133 t\u00f6\u00f6p\u00e4eva jooksul. Saad koodi SMS-iga. 3\u00a0\u20ac\u20135\u00a0\u20ac (s\u00f5ltub teenusepakkujast) Kuller Kuller toob kauba sinu aadressile. Ajad lepime telefoni teel kokku. 5\u00a0\u20ac\u20137\u00a0\u20ac T\u00f6\u00f6koha v\u00f5i salongi j\u00e4reletulemine V\u00f5id kaubale ise j\u00e4rele tulla meie Tallinna aadressile. Tasuta Tarnepiirkond Saadame pakke [&hellip;]<\/p>","protected":false},"author":2,"featured_media":0,"parent":0,"menu_order":0,"comment_status":"closed","ping_status":"closed","template":"","meta":{"_acf_changed":false,"footnotes":""},"class_list":["post-1885","page","type-page","status-publish","hentry"],"acf":[],"_links":{"self":[{"href":"https:\/\/test.velvetskin.ee\/en\/wp-json\/wp\/v2\/pages\/1885","targetHints":{"allow":["GET"]}}],"collection":[{"href":"https:\/\/test.velvetskin.ee\/en\/wp-json\/wp\/v2\/pages"}],"about":[{"href":"https:\/\/test.velvetskin.ee\/en\/wp-json\/wp\/v2\/types\/page"}],"author":[{"embeddable":true,"href":"https:\/\/test.velvetskin.ee\/en\/wp-json\/wp\/v2\/users\/2"}],"replies":[{"embeddable":true,"href":"https:\/\/test.velvetskin.ee\/en\/wp-json\/wp\/v2\/comments?post=1885"}],"version-history":[{"count":10,"href":"https:\/\/test.velvetskin.ee\/en\/wp-json\/wp\/v2\/pages\/1885\/revisions"}],"predecessor-version":[{"id":3915,"href":"https:\/\/test.velvetskin.ee\/en\/wp-json\/wp\/v2\/pages\/1885\/revisions\/3915"}],"wp:attachment":[{"href":"https:\/\/test.velvetskin.ee\/en\/wp-json\/wp\/v2\/media?parent=1885"}],"curies":[{"name":"wp","href":"https:\/\/api.w.org\/{rel}","templated":true}]}}