{"id":1909,"date":"2024-12-06T15:41:09","date_gmt":"2024-12-06T15:41:09","guid":{"rendered":"https:\/\/test.velvetskin.ee\/?page_id=1909"},"modified":"2025-01-24T14:38:08","modified_gmt":"2025-01-24T14:38:08","slug":"brandid","status":"publish","type":"page","link":"https:\/\/test.velvetskin.ee\/en\/brandid\/","title":{"rendered":"Brandid"},"content":{"rendered":"<div data-elementor-type=\"wp-page\" data-elementor-id=\"1909\" class=\"elementor elementor-1909\" data-elementor-post-type=\"page\">\n\t\t\t\t<div class=\"elementor-element elementor-element-afc0c59 e-flex e-con-boxed e-con e-parent\" data-id=\"afc0c59\" data-element_type=\"container\">\n\t\t\t\t\t<div class=\"e-con-inner\">\n\t\t\t\t<div class=\"elementor-element elementor-element-707ebe5 elementor-widget elementor-widget-spacer\" data-id=\"707ebe5\" data-element_type=\"widget\" data-widget_type=\"spacer.default\">\n\t\t\t\t<div class=\"elementor-widget-container\">\n\t\t\t\t\t\t\t<div class=\"elementor-spacer\">\n\t\t\t<div class=\"elementor-spacer-inner\"><\/div>\n\t\t<\/div>\n\t\t\t\t\t\t<\/div>\n\t\t\t\t<\/div>\n\t\t\t\t\t<\/div>\n\t\t\t\t<\/div>\n\t\t<div class=\"elementor-element elementor-element-b0eca12 e-flex e-con-boxed e-con e-parent\" data-id=\"b0eca12\" data-element_type=\"container\">\n\t\t\t\t\t<div class=\"e-con-inner\">\n\t\t<div class=\"elementor-element elementor-element-c28dc05 e-con-full e-flex e-con e-child\" data-id=\"c28dc05\" data-element_type=\"container\">\n\t\t\t\t<div class=\"elementor-element elementor-element-9644809 elementor-widget elementor-widget-image\" data-id=\"9644809\" data-element_type=\"widget\" data-widget_type=\"image.default\">\n\t\t\t\t<div class=\"elementor-widget-container\">\n\t\t\t\t\t\t\t\t\t\t\t\t\t\t\t<img decoding=\"async\" width=\"300\" height=\"130\" src=\"https:\/\/test.velvetskin.ee\/wp-content\/uploads\/2024\/12\/Fau-logo.png\" class=\"attachment-full size-full wp-image-1915\" alt=\"\" srcset=\"https:\/\/test.velvetskin.ee\/wp-content\/uploads\/2024\/12\/Fau-logo.png 300w, https:\/\/test.velvetskin.ee\/wp-content\/uploads\/2024\/12\/Fau-logo-18x8.png 18w\" sizes=\"(max-width: 300px) 100vw, 300px\" \/>\t\t\t\t\t\t\t\t\t\t\t\t\t\t\t<\/div>\n\t\t\t\t<\/div>\n\t\t\t\t<div class=\"elementor-element elementor-element-f6fb65b elementor-widget elementor-widget-text-editor\" data-id=\"f6fb65b\" data-element_type=\"widget\" data-widget_type=\"text-editor.default\">\n\t\t\t\t<div class=\"elementor-widget-container\">\n\t\t\t\t\t\t\t\t\t<h4 class=\"translation-block\">FAU Cosmetics: <br>Nature meets innovation<\/h4>\t\t\t\t\t\t\t\t<\/div>\n\t\t\t\t<\/div>\n\t\t\t\t<div class=\"elementor-element elementor-element-0c7661a elementor-widget elementor-widget-text-editor\" data-id=\"0c7661a\" data-element_type=\"widget\" data-widget_type=\"text-editor.default\">\n\t\t\t\t<div class=\"elementor-widget-container\">\n\t\t\t\t\t\t\t\t\t<p>2004. aastal asutatud FAU Cosmetics sai alguse soovist \u00fchendada looduse ja teaduse parimad omadused, et pakkuda nahale parimat hooldust. Esialgu oli tegemist ainult profikasutuseks m\u00f5eldud toodetega.<\/p><p>FAU on saksa keeles h\u00e4\u00e4ldus &#8220;V&#8221;, mis s\u00fcmboliseerib naha v\u00f5itu [V]. Tooted on loodud selleks, et tuua esile naha loomulik ilu ja pakkuda enesekindlust igap\u00e4evasteks hetkedeks.<\/p><p>FAU olnud p\u00fchendunud k\u00f5rgekvaliteediliste looduslike koostisosade ja tipptasemel nahahoolduse tehnoloogia \u00fchendamisel loomaks erakordseid nahahooldustooteid. L\u00e4bi intensiivsete uuringute nahahoolduse ekspertide poolt on leitud puhtaid botaanilisi koostisosi, mis on p\u00e4rit loodusest, ning loonud suure j\u00f5udlusega k\u00f5rge kvaliteediga kosmeetikat, mis taastab naha loomuliku ilu, kasutades tipptasemel nahahoolduse tehnoloogiat.<\/p><p>Fau missiooniks on parandada naha tervist ja pakkuda n\u00e4htavaid tulemusi l\u00e4bi innovatsiooni ja p\u00fchendumuse.<\/p>\t\t\t\t\t\t\t\t<\/div>\n\t\t\t\t<\/div>\n\t\t\t\t<\/div>\n\t\t<div class=\"elementor-element elementor-element-3150f73 e-con-full e-flex e-con e-child\" data-id=\"3150f73\" data-element_type=\"container\">\n\t\t\t\t<div class=\"elementor-element elementor-element-80fcc8e elementor-widget elementor-widget-text-editor\" data-id=\"80fcc8e\" data-element_type=\"widget\" data-widget_type=\"text-editor.default\">\n\t\t\t\t<div class=\"elementor-widget-container\">\n\t\t\t\t\t\t\t\t\t<p><strong>P\u00f5hiv\u00e4\u00e4rtused:<\/strong><\/p><p>\u2022 <strong>Looduslikud koostisosad:<\/strong> Eelistatult kasutakase looduslikke, nahas\u00f5bralikke koostisosi, et tagada \u00f5rn ja t\u00f5hus nahahooldus.<br \/>\u2022 <strong>Tipptasemel tehnoloogia:<\/strong> P\u00fchendumus innovatsioonile ajendab arendama tooteid, mis kasutavad tippteadust.<br \/>\u2022 <strong>N\u00e4htavad tulemused:<\/strong> P\u00fc\u00fcdlus luua tooteid, mis toovad kaasa m\u00e4rgatavaid parendusi naha tervises ja v\u00e4limuses.<\/p>\t\t\t\t\t\t\t\t<\/div>\n\t\t\t\t<\/div>\n\t\t\t\t<div class=\"elementor-element elementor-element-e67740d elementor-widget elementor-widget-text-editor\" data-id=\"e67740d\" data-element_type=\"widget\" data-widget_type=\"text-editor.default\">\n\t\t\t\t<div class=\"elementor-widget-container\">\n\t\t\t\t\t\t\t\t\t<p><strong>FAU Cosmetics lubadus:<\/strong><\/p>\n<p>FAU Cosmetics areneb ja uueneb pidevalt, et pakkuda k\u00f5rgekvaliteedilisi tooteid, mis edendavad tervet ja s\u00e4ravat nahka.<\/p>\n<p>Eesm\u00e4rgiks on pakkuda tooteid, mis pole mitte ainult t\u00f5husad, vaid ka meeldivad kasutada, et igap\u00e4evane nahahooldus oleks nauditav kogemus.<\/p>\t\t\t\t\t\t\t\t<\/div>\n\t\t\t\t<\/div>\n\t\t\t\t<\/div>\n\t\t\t\t\t<\/div>\n\t\t\t\t<\/div>\n\t\t<div class=\"elementor-element elementor-element-cad5305 e-flex e-con-boxed e-con e-parent\" data-id=\"cad5305\" data-element_type=\"container\">\n\t\t\t\t\t<div class=\"e-con-inner\">\n\t\t\t\t<div class=\"elementor-element elementor-element-21aa55b elementor-widget elementor-widget-menu-anchor\" data-id=\"21aa55b\" data-element_type=\"widget\" data-widget_type=\"menu-anchor.default\">\n\t\t\t\t<div class=\"elementor-widget-container\">\n\t\t\t\t\t\t\t<div class=\"elementor-menu-anchor\" id=\"inlab\"><\/div>\n\t\t\t\t\t\t<\/div>\n\t\t\t\t<\/div>\n\t\t\t\t\t<\/div>\n\t\t\t\t<\/div>\n\t\t<div class=\"elementor-element elementor-element-89521a4 e-flex e-con-boxed e-con e-parent\" data-id=\"89521a4\" data-element_type=\"container\">\n\t\t\t\t\t<div class=\"e-con-inner\">\n\t\t\t\t<div class=\"elementor-element elementor-element-b4acde4 elementor-widget-divider--view-line elementor-widget elementor-widget-divider\" data-id=\"b4acde4\" data-element_type=\"widget\" data-widget_type=\"divider.default\">\n\t\t\t\t<div class=\"elementor-widget-container\">\n\t\t\t\t\t\t\t<div class=\"elementor-divider\">\n\t\t\t<span class=\"elementor-divider-separator\">\n\t\t\t\t\t\t<\/span>\n\t\t<\/div>\n\t\t\t\t\t\t<\/div>\n\t\t\t\t<\/div>\n\t\t\t\t\t<\/div>\n\t\t\t\t<\/div>\n\t\t<div class=\"elementor-element elementor-element-101b0d6b e-flex e-con-boxed e-con e-parent\" data-id=\"101b0d6b\" data-element_type=\"container\">\n\t\t\t\t\t<div class=\"e-con-inner\">\n\t\t<div class=\"elementor-element elementor-element-7775e440 e-con-full e-flex e-con e-child\" data-id=\"7775e440\" data-element_type=\"container\">\n\t\t\t\t<div class=\"elementor-element elementor-element-588641b0 elementor-widget elementor-widget-image\" data-id=\"588641b0\" data-element_type=\"widget\" data-widget_type=\"image.default\">\n\t\t\t\t<div class=\"elementor-widget-container\">\n\t\t\t\t\t\t\t\t\t\t\t\t\t\t\t<img decoding=\"async\" width=\"238\" height=\"117\" src=\"https:\/\/test.velvetskin.ee\/wp-content\/uploads\/2024\/12\/inlab_logo.png\" class=\"attachment-full size-full wp-image-1932\" alt=\"\" srcset=\"https:\/\/test.velvetskin.ee\/wp-content\/uploads\/2024\/12\/inlab_logo.png 238w, https:\/\/test.velvetskin.ee\/wp-content\/uploads\/2024\/12\/inlab_logo-18x9.png 18w\" sizes=\"(max-width: 238px) 100vw, 238px\" \/>\t\t\t\t\t\t\t\t\t\t\t\t\t\t\t<\/div>\n\t\t\t\t<\/div>\n\t\t\t\t<div class=\"elementor-element elementor-element-5f5a4298 elementor-widget elementor-widget-text-editor\" data-id=\"5f5a4298\" data-element_type=\"widget\" data-widget_type=\"text-editor.default\">\n\t\t\t\t<div class=\"elementor-widget-container\">\n\t\t\t\t\t\t\t\t\t<h4 class=\"translation-block\">InLab Medical: <br>Your path to professional beauty<\/h4>\t\t\t\t\t\t\t\t<\/div>\n\t\t\t\t<\/div>\n\t\t\t\t<div class=\"elementor-element elementor-element-239b1be2 elementor-widget elementor-widget-text-editor\" data-id=\"239b1be2\" data-element_type=\"widget\" data-widget_type=\"text-editor.default\">\n\t\t\t\t<div class=\"elementor-widget-container\">\n\t\t\t\t\t\t\t\t\t<p>INLAB MEDICAL on uuenduslik Hispaania ettev\u00f5te, kellel on \u00fcle kahkek\u00fcmne aastapikkune kogemus kosmeetikatoodete teadusuuringutes ja biotehnoloogias. Missiooniks on pakkuda nii professionaalidele kui ka kodukasutajatele tipptasemel epigeneetilisi kosmeetilisi lahendused.<\/p><p>INLAB MEDICAL pakub k\u00f5rgekvaliteedilisi epigeneetilisi kosmeetikatooteid, mis tagavad kiireid ja t\u00f5husaid tulemusi. Need tooted on loodud nii, et neid saab sujuvalt integreerida nii professionaalsetesse hooldustesse kui ka igap\u00e4evastesse ilurutiinidesse, pakkudes k\u00f5igile kergesti ligip\u00e4\u00e4setavat k\u00f5rge j\u00f5udlusega nahahooldust.<br \/>Eesm\u00e4rgiks on muuta sinu nahk iga p\u00e4ev tervemaks ja lihtsustada nahahooldust, pakkudes professionaalset kvaliteeti kodustes tingimustes.<\/p>\t\t\t\t\t\t\t\t<\/div>\n\t\t\t\t<\/div>\n\t\t\t\t<\/div>\n\t\t<div class=\"elementor-element elementor-element-441aed98 e-con-full e-flex e-con e-child\" data-id=\"441aed98\" data-element_type=\"container\">\n\t\t\t\t<div class=\"elementor-element elementor-element-1ec37d4e elementor-widget elementor-widget-text-editor\" data-id=\"1ec37d4e\" data-element_type=\"widget\" data-widget_type=\"text-editor.default\">\n\t\t\t\t<div class=\"elementor-widget-container\">\n\t\t\t\t\t\t\t\t\t<p><strong>P\u00f5hiv\u00e4\u00e4rtused:<\/strong><\/p><p>\u2022 <strong>Looduslikud koostisosad:<\/strong> Kasutatakse puhtaid botaanilisi ekstrakte, et luua t\u00f5husaid ja kvaliteetseid nahahoolduslahendusi, mis toidavad ja kaitsevad nahka.<br \/>\u2022 <strong>Innovatiivsed valemid:<\/strong> Tooted on v\u00e4lja t\u00f6\u00f6tatud kasutades uusimaid kosmeetikateaduse saavutusi, tagades erakordsed ja n\u00e4htavad tulemused.<br \/>\u2022 <strong>Professionaalne kvaliteet:<\/strong> Tooteid usaldavad nahahoolduse spetsialistid \u00fcle kogu maailma. Sortiment h\u00f5lmab steriilseid viaale, ampulle, seerumeid ja t\u00e4iustatud hooldusi.<br \/>\u2022 <strong>N\u00e4htavad tulemused:<\/strong> Tooted on kliiniliselt testitud ja t\u00f5estatud, et need parandavad naha tervist ja v\u00e4limust m\u00e4rgatavalt.<\/p>\t\t\t\t\t\t\t\t<\/div>\n\t\t\t\t<\/div>\n\t\t\t\t<div class=\"elementor-element elementor-element-5f447207 elementor-widget elementor-widget-text-editor\" data-id=\"5f447207\" data-element_type=\"widget\" data-widget_type=\"text-editor.default\">\n\t\t\t\t<div class=\"elementor-widget-container\">\n\t\t\t\t\t\t\t\t\t<p><strong>InLab Medicali lubadus:<\/strong><\/p><p>InLab Medical on p\u00fchendunud aitama teil saavutada parima naha. \u00dcksk\u00f5ik, kas olete nahahoolduse professionaal v\u00f5i iluhuviline, meie tooted on loodud pakkuma professionaalse tasemega tulemusi koduse mugavuse juures. Oleme teie k\u00f5rval, et iga\u00fcks saaks nautida tervet ja s\u00e4ravat nahka.<\/p><p><strong>Avastage InLab Medicali valik:<\/strong><\/p><p>Tutvuge InLab Medicali ulatusliku kvaliteetsete nahahooldustoodete valikuga ja kogege InLab Medicali kogemust. Tootevalik ulatub vananemisvastastest lahendustest kuni niisutavate boostideni \u2013 k\u00f5ik, mida vajate oma nahahooldusrutiini k\u00f5rgemale tasemele viimiseks.<\/p>\t\t\t\t\t\t\t\t<\/div>\n\t\t\t\t<\/div>\n\t\t\t\t<\/div>\n\t\t\t\t\t<\/div>\n\t\t\t\t<\/div>\n\t\t<div class=\"elementor-element elementor-element-82fe916 e-flex e-con-boxed e-con e-parent\" data-id=\"82fe916\" data-element_type=\"container\">\n\t\t\t\t\t<div class=\"e-con-inner\">\n\t\t\t\t<div class=\"elementor-element elementor-element-6cca095 elementor-widget elementor-widget-spacer\" data-id=\"6cca095\" data-element_type=\"widget\" data-widget_type=\"spacer.default\">\n\t\t\t\t<div class=\"elementor-widget-container\">\n\t\t\t\t\t\t\t<div class=\"elementor-spacer\">\n\t\t\t<div class=\"elementor-spacer-inner\"><\/div>\n\t\t<\/div>\n\t\t\t\t\t\t<\/div>\n\t\t\t\t<\/div>\n\t\t\t\t\t<\/div>\n\t\t\t\t<\/div>\n\t\t\t\t<\/div>","protected":false},"excerpt":{"rendered":"<p>FAU Cosmetics: Loodus kohtub innovatsiooniga 2004. aastal asutatud FAU Cosmetics sai alguse soovist \u00fchendada looduse ja teaduse parimad omadused, et pakkuda nahale parimat hooldust. Esialgu oli tegemist ainult profikasutuseks m\u00f5eldud toodetega. FAU on saksa keeles h\u00e4\u00e4ldus &#8220;V&#8221;, mis s\u00fcmboliseerib naha v\u00f5itu [V]. Tooted on loodud selleks, et tuua esile naha loomulik ilu ja pakkuda enesekindlust [&hellip;]<\/p>","protected":false},"author":2,"featured_media":0,"parent":0,"menu_order":0,"comment_status":"closed","ping_status":"closed","template":"","meta":{"_acf_changed":false,"footnotes":""},"class_list":["post-1909","page","type-page","status-publish","hentry"],"acf":[],"_links":{"self":[{"href":"https:\/\/test.velvetskin.ee\/en\/wp-json\/wp\/v2\/pages\/1909","targetHints":{"allow":["GET"]}}],"collection":[{"href":"https:\/\/test.velvetskin.ee\/en\/wp-json\/wp\/v2\/pages"}],"about":[{"href":"https:\/\/test.velvetskin.ee\/en\/wp-json\/wp\/v2\/types\/page"}],"author":[{"embeddable":true,"href":"https:\/\/test.velvetskin.ee\/en\/wp-json\/wp\/v2\/users\/2"}],"replies":[{"embeddable":true,"href":"https:\/\/test.velvetskin.ee\/en\/wp-json\/wp\/v2\/comments?post=1909"}],"version-history":[{"count":55,"href":"https:\/\/test.velvetskin.ee\/en\/wp-json\/wp\/v2\/pages\/1909\/revisions"}],"predecessor-version":[{"id":2802,"href":"https:\/\/test.velvetskin.ee\/en\/wp-json\/wp\/v2\/pages\/1909\/revisions\/2802"}],"wp:attachment":[{"href":"https:\/\/test.velvetskin.ee\/en\/wp-json\/wp\/v2\/media?parent=1909"}],"curies":[{"name":"wp","href":"https:\/\/api.w.org\/{rel}","templated":true}]}}