{"id":2742,"date":"2025-01-24T11:29:50","date_gmt":"2025-01-24T11:29:50","guid":{"rendered":"https:\/\/test.velvetskin.ee\/?page_id=2742"},"modified":"2025-01-24T12:06:48","modified_gmt":"2025-01-24T12:06:48","slug":"jarelmaks","status":"publish","type":"page","link":"https:\/\/test.velvetskin.ee\/en\/jarelmaks\/","title":{"rendered":"Installment payment"},"content":{"rendered":"<div data-elementor-type=\"wp-page\" data-elementor-id=\"2742\" class=\"elementor elementor-2742\" data-elementor-post-type=\"page\">\n\t\t\t\t<div class=\"elementor-element elementor-element-0e87900 e-flex e-con-boxed e-con e-parent\" data-id=\"0e87900\" data-element_type=\"container\">\n\t\t\t\t\t<div class=\"e-con-inner\">\n\t\t\t\t<div class=\"elementor-element elementor-element-9f80d7b elementor-widget elementor-widget-spacer\" data-id=\"9f80d7b\" data-element_type=\"widget\" data-widget_type=\"spacer.default\">\n\t\t\t\t<div class=\"elementor-widget-container\">\n\t\t\t\t\t\t\t<div class=\"elementor-spacer\">\n\t\t\t<div class=\"elementor-spacer-inner\"><\/div>\n\t\t<\/div>\n\t\t\t\t\t\t<\/div>\n\t\t\t\t<\/div>\n\t\t\t\t\t<\/div>\n\t\t\t\t<\/div>\n\t\t<div class=\"elementor-element elementor-element-ae145af e-flex e-con-boxed e-con e-parent\" data-id=\"ae145af\" data-element_type=\"container\">\n\t\t\t\t\t<div class=\"e-con-inner\">\n\t\t\t\t<div class=\"elementor-element elementor-element-f38a825 elementor-widget elementor-widget-heading\" data-id=\"f38a825\" data-element_type=\"widget\" data-widget_type=\"heading.default\">\n\t\t\t\t<div class=\"elementor-widget-container\">\n\t\t\t\t\t<h1 class=\"elementor-heading-title elementor-size-default\">J\u00e4relmaksu v\u00f5imalused<\/h1>\t\t\t\t<\/div>\n\t\t\t\t<\/div>\n\t\t\t\t\t<\/div>\n\t\t\t\t<\/div>\n\t\t<div class=\"elementor-element elementor-element-00a5400 e-flex e-con-boxed e-con e-parent\" data-id=\"00a5400\" data-element_type=\"container\">\n\t\t\t\t\t<div class=\"e-con-inner\">\n\t\t\t\t\t<\/div>\n\t\t\t\t<\/div>\n\t\t<div class=\"elementor-element elementor-element-53f50a6 e-flex e-con-boxed e-con e-parent\" data-id=\"53f50a6\" data-element_type=\"container\">\n\t\t\t\t\t<div class=\"e-con-inner\">\n\t\t<div class=\"elementor-element elementor-element-2d7a5eb e-con-full e-flex e-con e-child\" data-id=\"2d7a5eb\" data-element_type=\"container\">\n\t\t\t\t<div class=\"elementor-element elementor-element-c7cb898 elementor-widget-mobile__width-inherit elementor-widget elementor-widget-image\" data-id=\"c7cb898\" data-element_type=\"widget\" data-widget_type=\"image.default\">\n\t\t\t\t<div class=\"elementor-widget-container\">\n\t\t\t\t\t\t\t\t\t\t\t\t\t\t\t<img decoding=\"async\" width=\"184\" height=\"24\" src=\"https:\/\/test.velvetskin.ee\/wp-content\/uploads\/2025\/01\/montonio-logo.svg\" class=\"attachment-full size-full wp-image-2750\" alt=\"\" \/>\t\t\t\t\t\t\t\t\t\t\t\t\t\t\t<\/div>\n\t\t\t\t<\/div>\n\t\t\t\t<div class=\"elementor-element elementor-element-389b301 elementor-widget elementor-widget-heading\" data-id=\"389b301\" data-element_type=\"widget\" data-widget_type=\"heading.default\">\n\t\t\t\t<div class=\"elementor-widget-container\">\n\t\t\t\t\t<h2 class=\"elementor-heading-title elementor-size-default\">Maksa hiljem<\/h2>\t\t\t\t<\/div>\n\t\t\t\t<\/div>\n\t\t\t\t<div class=\"elementor-element elementor-element-7703b20 elementor-widget elementor-widget-text-editor\" data-id=\"7703b20\" data-element_type=\"widget\" data-widget_type=\"text-editor.default\">\n\t\t\t\t<div class=\"elementor-widget-container\">\n\t\t\t\t\t\t\t\t\t<p>Klient saab ostu eest saab tasuda hiljem \u2013 \u00fches, kahes v\u00f5i kolmes v\u00f5rdses osas, ilma igasuguse intressi ja lisatasuta.<\/p><ul><li>Kiire ja mugav ostu vormistamine<\/li><li>Ostusumma (s\u00f5ltuvalt perioodist) 30-2500 \u20ac<\/li><li>Ostjale intressivaba<\/li><li>Teenuse eest tasub kaupmees<\/li><\/ul>\t\t\t\t\t\t\t\t<\/div>\n\t\t\t\t<\/div>\n\t\t\t\t<\/div>\n\t\t<div class=\"elementor-element elementor-element-280aeaa e-con-full e-flex e-con e-child\" data-id=\"280aeaa\" data-element_type=\"container\">\n\t\t\t\t<div class=\"elementor-element elementor-element-7bd9c55 elementor-widget-mobile__width-inherit elementor-widget elementor-widget-image\" data-id=\"7bd9c55\" data-element_type=\"widget\" data-widget_type=\"image.default\">\n\t\t\t\t<div class=\"elementor-widget-container\">\n\t\t\t\t\t\t\t\t\t\t\t\t\t\t\t<img decoding=\"async\" width=\"184\" height=\"24\" src=\"https:\/\/test.velvetskin.ee\/wp-content\/uploads\/2025\/01\/montonio-logo.svg\" class=\"attachment-full size-full wp-image-2750\" alt=\"\" \/>\t\t\t\t\t\t\t\t\t\t\t\t\t\t\t<\/div>\n\t\t\t\t<\/div>\n\t\t\t\t<div class=\"elementor-element elementor-element-cd04857 elementor-widget elementor-widget-heading\" data-id=\"cd04857\" data-element_type=\"widget\" data-widget_type=\"heading.default\">\n\t\t\t\t<div class=\"elementor-widget-container\">\n\t\t\t\t\t<h2 class=\"elementor-heading-title elementor-size-default\">Paindlik j\u00e4relmaks<\/h2>\t\t\t\t<\/div>\n\t\t\t\t<\/div>\n\t\t\t\t<div class=\"elementor-element elementor-element-7eaf8f0 elementor-widget elementor-widget-text-editor\" data-id=\"7eaf8f0\" data-element_type=\"widget\" data-widget_type=\"text-editor.default\">\n\t\t\t\t<div class=\"elementor-widget-container\">\n\t\t\t\t\t\t\t\t\t<p>Just see \u00f5ige lahendus suuremate ostude rahastamiseks. Klient saab valida t\u00e4pselt oma vajadustele vastava maksegraafiku.<\/p><ul><li>30 sekundit taotlusest pakkumiseni<\/li><li>Ostusumma 100 \u2013 2 500 \u20ac (v\u00f5imalusel kuni 10 000\u20ac)<\/li><li>J\u00e4relmaksuperiood 3-72 kuud<\/li><li>Ostja tasub intressi ja teenustasu<\/li><\/ul>\t\t\t\t\t\t\t\t<\/div>\n\t\t\t\t<\/div>\n\t\t\t\t<\/div>\n\t\t\t\t\t<\/div>\n\t\t\t\t<\/div>\n\t\t<div class=\"elementor-element elementor-element-e4de995 e-flex e-con-boxed e-con e-parent\" data-id=\"e4de995\" data-element_type=\"container\">\n\t\t\t\t\t<div class=\"e-con-inner\">\n\t\t\t\t<div class=\"elementor-element elementor-element-721f270 elementor-widget elementor-widget-spacer\" data-id=\"721f270\" data-element_type=\"widget\" data-widget_type=\"spacer.default\">\n\t\t\t\t<div class=\"elementor-widget-container\">\n\t\t\t\t\t\t\t<div class=\"elementor-spacer\">\n\t\t\t<div class=\"elementor-spacer-inner\"><\/div>\n\t\t<\/div>\n\t\t\t\t\t\t<\/div>\n\t\t\t\t<\/div>\n\t\t\t\t\t<\/div>\n\t\t\t\t<\/div>\n\t\t\t\t<\/div>","protected":false},"excerpt":{"rendered":"<p>J\u00e4relmaksu v\u00f5imalused Maksa hiljem Klient saab ostu eest saab tasuda hiljem \u2013 \u00fches, kahes v\u00f5i kolmes v\u00f5rdses osas, ilma igasuguse intressi ja lisatasuta. Kiire ja mugav ostu vormistamine Ostusumma (s\u00f5ltuvalt perioodist) 30-2500 \u20ac Ostjale intressivaba Teenuse eest tasub kaupmees Paindlik j\u00e4relmaks Just see \u00f5ige lahendus suuremate ostude rahastamiseks. Klient saab valida t\u00e4pselt oma vajadustele vastava [&hellip;]<\/p>","protected":false},"author":2,"featured_media":0,"parent":0,"menu_order":0,"comment_status":"closed","ping_status":"closed","template":"","meta":{"_acf_changed":false,"footnotes":""},"class_list":["post-2742","page","type-page","status-publish","hentry"],"acf":[],"_links":{"self":[{"href":"https:\/\/test.velvetskin.ee\/en\/wp-json\/wp\/v2\/pages\/2742","targetHints":{"allow":["GET"]}}],"collection":[{"href":"https:\/\/test.velvetskin.ee\/en\/wp-json\/wp\/v2\/pages"}],"about":[{"href":"https:\/\/test.velvetskin.ee\/en\/wp-json\/wp\/v2\/types\/page"}],"author":[{"embeddable":true,"href":"https:\/\/test.velvetskin.ee\/en\/wp-json\/wp\/v2\/users\/2"}],"replies":[{"embeddable":true,"href":"https:\/\/test.velvetskin.ee\/en\/wp-json\/wp\/v2\/comments?post=2742"}],"version-history":[{"count":37,"href":"https:\/\/test.velvetskin.ee\/en\/wp-json\/wp\/v2\/pages\/2742\/revisions"}],"predecessor-version":[{"id":2782,"href":"https:\/\/test.velvetskin.ee\/en\/wp-json\/wp\/v2\/pages\/2742\/revisions\/2782"}],"wp:attachment":[{"href":"https:\/\/test.velvetskin.ee\/en\/wp-json\/wp\/v2\/media?parent=2742"}],"curies":[{"name":"wp","href":"https:\/\/api.w.org\/{rel}","templated":true}]}}