{"id":1045,"date":"2024-07-28T19:00:09","date_gmt":"2024-07-28T16:00:09","guid":{"rendered":"https:\/\/test.velvetskin.ee\/?post_type=product&#038;p=1045"},"modified":"2025-11-25T21:34:08","modified_gmt":"2025-11-25T19:34:08","slug":"shiny-pumpkin-repair-essence","status":"publish","type":"product","link":"https:\/\/test.velvetskin.ee\/en\/product\/shiny-pumpkin-repair-essence\/","title":{"rendered":"Shiny Pumpkin Repair Essence"},"content":{"rendered":"<p><strong>17 aminohapet<\/strong> (skin constituents)<br \/>\n<strong>+ EGF<\/strong> (epidermal growth factor)<br \/>\n<strong>+ t\u00fcvirakkude aktivaator<\/strong> (dermal regeneration promotion) <strong>75%<\/strong><\/p>\n<ul>\n<li><strong>Taastav seerum k\u00f5ikidele nahat\u00fc\u00fcpidele, eriti peale tugevaid hooldusi, nagu keemiline koorimine ja <\/strong><strong>laser jne.<\/strong><br \/>\nSee sisaldab k\u00f5rvitsabaasi (75% k\u00f5rvitsa ekstrakti) ja 17 t\u00fc\u00fcpi aminohappeid, mis on nahale olulised valgud ja EGF-i, mis aktiveerib naha kasvu.<br \/>\nToidab nahka seestpoolt ja varustab uute naharakkude tootmiseks vajaliku valguga, tulemuseks sile nahapind ja pingul n\u00e4oovaal ning terve ja s\u00e4rav jume.<\/li>\n<li><strong>Kuidas kasutada.<\/strong><br \/>\nPeale seerumit kandke nahale v\u00e4ike kogus essentsi ja masseerige \u00f5rnalt kuni imendumiseni-teie nahk pakatab niiskusest!<\/li>\n<li><strong>Peamised toimeained.<\/strong><\/li>\n<\/ul>\n<p>&nbsp;<\/p>\n<p><img fetchpriority=\"high\" decoding=\"async\" class=\"alignnone wp-image-1048 size-full\" src=\"https:\/\/test.velvetskin.ee\/wp-content\/uploads\/2024\/07\/V-Shape-Taastav-essents-seerum.png\" alt=\"\" width=\"790\" height=\"170\" srcset=\"https:\/\/test.velvetskin.ee\/wp-content\/uploads\/2024\/07\/V-Shape-Taastav-essents-seerum.png 790w, https:\/\/test.velvetskin.ee\/wp-content\/uploads\/2024\/07\/V-Shape-Taastav-essents-seerum-300x65.png 300w, https:\/\/test.velvetskin.ee\/wp-content\/uploads\/2024\/07\/V-Shape-Taastav-essents-seerum-768x165.png 768w, https:\/\/test.velvetskin.ee\/wp-content\/uploads\/2024\/07\/V-Shape-Taastav-essents-seerum-18x4.png 18w, https:\/\/test.velvetskin.ee\/wp-content\/uploads\/2024\/07\/V-Shape-Taastav-essents-seerum-600x129.png 600w\" sizes=\"(max-width: 790px) 100vw, 790px\" \/><\/p>","protected":false},"excerpt":{"rendered":"<p>V Shape Restorative essence serum. 17 amino acids (skin constituents) + EGF (epidermal growth factor) + stem cell activator (dermal regeneration promotion) 75%. Restorative serum for all skin types, especially after strong treatments such as chemical peels and lasers, etc. 150ml<\/p>","protected":false},"featured_media":1052,"template":"","meta":{"_acf_changed":false},"product_brand":[158],"product_cat":[167],"product_tag":[190,181,182,183,189],"class_list":{"0":"post-1045","1":"product","2":"type-product","3":"status-publish","4":"has-post-thumbnail","6":"product_brand-fau","7":"product_cat-seerumid","8":"product_tag-arritunud-ja-voi-kuiv-nahk","9":"product_tag-esimesed-kortsud-30","10":"product_tag-kortsud-ja-lotvunud-nahk","11":"product_tag-tuhm-ja-sara-kaotanud-nahk","12":"product_tag-tundlik","14":"first","15":"instock","16":"sale","17":"taxable","18":"shipping-taxable","19":"purchasable","20":"product-type-simple"},"acf":[],"_links":{"self":[{"href":"https:\/\/test.velvetskin.ee\/en\/wp-json\/wp\/v2\/product\/1045","targetHints":{"allow":["GET"]}}],"collection":[{"href":"https:\/\/test.velvetskin.ee\/en\/wp-json\/wp\/v2\/product"}],"about":[{"href":"https:\/\/test.velvetskin.ee\/en\/wp-json\/wp\/v2\/types\/product"}],"version-history":[{"count":12,"href":"https:\/\/test.velvetskin.ee\/en\/wp-json\/wp\/v2\/product\/1045\/revisions"}],"predecessor-version":[{"id":3936,"href":"https:\/\/test.velvetskin.ee\/en\/wp-json\/wp\/v2\/product\/1045\/revisions\/3936"}],"wp:featuredmedia":[{"embeddable":true,"href":"https:\/\/test.velvetskin.ee\/en\/wp-json\/wp\/v2\/media\/1052"}],"wp:attachment":[{"href":"https:\/\/test.velvetskin.ee\/en\/wp-json\/wp\/v2\/media?parent=1045"}],"wp:term":[{"taxonomy":"product_brand","embeddable":true,"href":"https:\/\/test.velvetskin.ee\/en\/wp-json\/wp\/v2\/product_brand?post=1045"},{"taxonomy":"product_cat","embeddable":true,"href":"https:\/\/test.velvetskin.ee\/en\/wp-json\/wp\/v2\/product_cat?post=1045"},{"taxonomy":"product_tag","embeddable":true,"href":"https:\/\/test.velvetskin.ee\/en\/wp-json\/wp\/v2\/product_tag?post=1045"}],"curies":[{"name":"wp","href":"https:\/\/api.w.org\/{rel}","templated":true}]}}