{"id":1054,"date":"2024-07-28T19:08:28","date_gmt":"2024-07-28T16:08:28","guid":{"rendered":"https:\/\/test.velvetskin.ee\/?post_type=product&#038;p=1054"},"modified":"2025-11-25T21:34:08","modified_gmt":"2025-11-25T19:34:08","slug":"shiny-pumpkin-serum","status":"publish","type":"product","link":"https:\/\/test.velvetskin.ee\/en\/product\/shiny-pumpkin-serum\/","title":{"rendered":"Shiny Pumpkin Serum"},"content":{"rendered":"<h4>V-shape regenereeriv seerum<\/h4>\n<p><strong>17 aminohapet<\/strong> (nahaga sarnased)<br \/>\n<strong>+ EGF<\/strong> (epidermaalsed raku kasvufaktorid)<br \/>\n<strong>+ H\u00fcaluroonhape<\/strong><\/p>\n<ul>\n<li><strong>Elastse koostisega seerum k\u00f5ikidele nahat\u00fc\u00fcpidele, mis vajavad niisutust ja taastamist, eriti peale keemilist <\/strong><strong>koorimist ja laserravi.<\/strong><br \/>\nSisaldab toitvat k\u00f5rvitsaekstrakti, niisutab p\u00f5hjalikult ja muudab siledaks ka kareda naha, v\u00e4hendab n\u00e4o turset, 17 aminohapet ja h\u00fcaluroonhapet, mis t\u00f5stab oluliselt naha niiskustaset. V-Shape on n\u00e4okuju taastav regenereeriv seerum, mis soodustab kahjustatud naha seisundi paranemist, tulemuseks p\u00f5hjalikult niisutatud ja s\u00e4rav nahk.<\/li>\n<li><strong>Peamised toimeained<\/strong><br \/>\nK\u00f5rvitsaekstrakt 5%, EGF, 17 asendamatut aminohapet, h\u00fcaluroonhape, allantoiin<\/li>\n<li><strong>Kuidas kasutada<\/strong><br \/>\nPeale toonikut, v\u00f5tke piisav kogus (pool pipetit\u00e4it) seerumit ja imendage \u00f5rnalt masseerides nahka.<\/li>\n<\/ul>","protected":false},"excerpt":{"rendered":"<p>V-shape regenerating serum. 17 amino acids (similar to skin) + EGF (epidermal cell growth factors) + Hyaluronic acid. A serum with an elastic composition for all skin types that need hydration and restoration, especially after chemical peeling and laser treatment. 100ml<\/p>","protected":false},"featured_media":1058,"template":"","meta":{"_acf_changed":false},"product_brand":[158],"product_cat":[167],"product_tag":[181,182,183],"class_list":{"0":"post-1054","1":"product","2":"type-product","3":"status-publish","4":"has-post-thumbnail","6":"product_brand-fau","7":"product_cat-seerumid","8":"product_tag-esimesed-kortsud-30","9":"product_tag-kortsud-ja-lotvunud-nahk","10":"product_tag-tuhm-ja-sara-kaotanud-nahk","12":"first","13":"instock","14":"sale","15":"taxable","16":"shipping-taxable","17":"purchasable","18":"product-type-simple"},"acf":[],"_links":{"self":[{"href":"https:\/\/test.velvetskin.ee\/en\/wp-json\/wp\/v2\/product\/1054","targetHints":{"allow":["GET"]}}],"collection":[{"href":"https:\/\/test.velvetskin.ee\/en\/wp-json\/wp\/v2\/product"}],"about":[{"href":"https:\/\/test.velvetskin.ee\/en\/wp-json\/wp\/v2\/types\/product"}],"version-history":[{"count":9,"href":"https:\/\/test.velvetskin.ee\/en\/wp-json\/wp\/v2\/product\/1054\/revisions"}],"predecessor-version":[{"id":3937,"href":"https:\/\/test.velvetskin.ee\/en\/wp-json\/wp\/v2\/product\/1054\/revisions\/3937"}],"wp:featuredmedia":[{"embeddable":true,"href":"https:\/\/test.velvetskin.ee\/en\/wp-json\/wp\/v2\/media\/1058"}],"wp:attachment":[{"href":"https:\/\/test.velvetskin.ee\/en\/wp-json\/wp\/v2\/media?parent=1054"}],"wp:term":[{"taxonomy":"product_brand","embeddable":true,"href":"https:\/\/test.velvetskin.ee\/en\/wp-json\/wp\/v2\/product_brand?post=1054"},{"taxonomy":"product_cat","embeddable":true,"href":"https:\/\/test.velvetskin.ee\/en\/wp-json\/wp\/v2\/product_cat?post=1054"},{"taxonomy":"product_tag","embeddable":true,"href":"https:\/\/test.velvetskin.ee\/en\/wp-json\/wp\/v2\/product_tag?post=1054"}],"curies":[{"name":"wp","href":"https:\/\/api.w.org\/{rel}","templated":true}]}}