{"id":1063,"date":"2024-07-28T19:14:43","date_gmt":"2024-07-28T16:14:43","guid":{"rendered":"https:\/\/test.velvetskin.ee\/?post_type=product&#038;p=1063"},"modified":"2025-11-25T21:34:08","modified_gmt":"2025-11-25T19:34:08","slug":"shiny-pumpkin-amino-therapy","status":"publish","type":"product","link":"https:\/\/test.velvetskin.ee\/en\/product\/shiny-pumpkin-amino-therapy\/","title":{"rendered":"Shiny Pumpkin Amino Therapy"},"content":{"rendered":"<h4>Regenereerimine + neutraliseerimine + superniisutamine<\/h4>\n<p><strong>85% k\u00f5rge kontsentratsiooniga k\u00f5rvitsaekstrakt <\/strong><br \/>\n<strong>+ 17 t\u00fc\u00fcpi asendamatuid aminohappeid<\/strong><\/p>\n<ul>\n<li><strong>T\u00e4iendab naha proteiini asendamatute aminohapetega.<\/strong><br \/>\nP\u00e4rast erihooldust, n\u00e4iteks laser- v\u00f5i happehooldus, t\u00e4iendab see nahka moodustavaid valke. Peale Pumpkin Peel toote kasutamist neutraliseerib see naha, samaaegselt imenduvad k\u00f5rvitsaekstrakti toitaineid, et nahk oleks klaar ja s\u00e4rav. Annab nahale loomuliku s\u00e4ra, maksimeerides asendamatute aminohapete niisutavat j\u00f5udu.<\/li>\n<li><strong>85% toitev k\u00f5rvitsaekstrakt.<\/strong><br \/>\nK\u00f5rvitsaekstrakt ja 17 erinevat asendamatut aminohapet sisaldavad nii rahustavat kui ka niisutavat toimet \u00e4rritunud nahale. \u00d5huline vaht imendub h\u00e4sti, rikastab toitainetega ja soodustab t\u00fcvirakkude teket ning naha taastumist.<\/li>\n<li><strong>Kuidas kasutada.<\/strong><br \/>\n1. Neutralisaatorina p\u00e4rast Pumpkin Peel\u2019i naha rahustamiseks ja toitainetega rikastamiseks<br \/>\n2. Peale naha pesemist tooniku asemel.<\/li>\n<\/ul>","protected":false},"excerpt":{"rendered":"<p>Regeneration + neutralization + super moisturizing. 85% high concentration pumpkin extract + 17 types of essential amino acids. Supplements skin protein with essential amino acids. 160ml<\/p>","protected":false},"featured_media":1068,"template":"","meta":{"_acf_changed":false},"product_brand":[158],"product_cat":[166],"product_tag":[178,190,181,182,186,179,183,189],"class_list":{"0":"post-1063","1":"product","2":"type-product","3":"status-publish","4":"has-post-thumbnail","6":"product_brand-fau","7":"product_cat-naopuhastus","8":"product_tag-akne-ja-akneilmingud","9":"product_tag-arritunud-ja-voi-kuiv-nahk","10":"product_tag-esimesed-kortsud-30","11":"product_tag-kortsud-ja-lotvunud-nahk","12":"product_tag-pigmendiprobleemid","13":"product_tag-rasune-ja-kombineeritud-nahk","14":"product_tag-tuhm-ja-sara-kaotanud-nahk","15":"product_tag-tundlik","17":"first","18":"instock","19":"sale","20":"taxable","21":"shipping-taxable","22":"purchasable","23":"product-type-simple"},"acf":[],"_links":{"self":[{"href":"https:\/\/test.velvetskin.ee\/en\/wp-json\/wp\/v2\/product\/1063","targetHints":{"allow":["GET"]}}],"collection":[{"href":"https:\/\/test.velvetskin.ee\/en\/wp-json\/wp\/v2\/product"}],"about":[{"href":"https:\/\/test.velvetskin.ee\/en\/wp-json\/wp\/v2\/types\/product"}],"version-history":[{"count":11,"href":"https:\/\/test.velvetskin.ee\/en\/wp-json\/wp\/v2\/product\/1063\/revisions"}],"predecessor-version":[{"id":3938,"href":"https:\/\/test.velvetskin.ee\/en\/wp-json\/wp\/v2\/product\/1063\/revisions\/3938"}],"wp:featuredmedia":[{"embeddable":true,"href":"https:\/\/test.velvetskin.ee\/en\/wp-json\/wp\/v2\/media\/1068"}],"wp:attachment":[{"href":"https:\/\/test.velvetskin.ee\/en\/wp-json\/wp\/v2\/media?parent=1063"}],"wp:term":[{"taxonomy":"product_brand","embeddable":true,"href":"https:\/\/test.velvetskin.ee\/en\/wp-json\/wp\/v2\/product_brand?post=1063"},{"taxonomy":"product_cat","embeddable":true,"href":"https:\/\/test.velvetskin.ee\/en\/wp-json\/wp\/v2\/product_cat?post=1063"},{"taxonomy":"product_tag","embeddable":true,"href":"https:\/\/test.velvetskin.ee\/en\/wp-json\/wp\/v2\/product_tag?post=1063"}],"curies":[{"name":"wp","href":"https:\/\/api.w.org\/{rel}","templated":true}]}}