{"id":1210,"date":"2024-07-30T13:36:47","date_gmt":"2024-07-30T10:36:47","guid":{"rendered":"https:\/\/test.velvetskin.ee\/?post_type=product&#038;p=1210"},"modified":"2025-11-25T21:34:09","modified_gmt":"2025-11-25T19:34:09","slug":"core-intensive-collagen-eye-patch","status":"publish","type":"product","link":"https:\/\/test.velvetskin.ee\/en\/product\/core-intensive-collagen-eye-patch\/","title":{"rendered":"Core Intensive Collagen Eye Patch silmaplaastrid"},"content":{"rendered":"<p><strong>H\u00fcdrol\u00fc\u00fcsitud kollageen ja 6 erinevat peptiidikompleksi taastavad naha elastsuse ja pinguldavad 8 liiki h\u00fcaluroonhapet annavad kuivale nahale niiskust ja pehmuse.<\/strong><\/p>\n<ul>\n<li><strong>H\u00fcdrol\u00fc\u00fcsitud kollageen &amp; 6 t\u00fc\u00fcpi peptiide kollageen <\/strong><br \/>\nsuurendab kahjustatud naha elastsust ning 6-t\u00fc\u00fcpi peptiidide kompleks toimib s\u00fcnergistlikult h\u00fcdrol\u00fc\u00fcsitud kollageeniga, et toita nahka ja tugevdada naha s\u00fcdamikku.<\/li>\n<li><strong>8 erineva suurusega h\u00fcaluroonhapet<\/strong><br \/>\n8 erinevas molekulsuuruses h\u00fcaluroonhape &#8211; \u00fclimadalatest kuni \u00fclik\u00f5rgete molekulideni, t\u00e4idab naha niiskusega nii v\u00e4ljast kui ka seestpoolt, moodustades niiskuskile, tekitades niiskusluku efekti, v\u00e4ltides niiskuse aurustumist nahas.<\/li>\n<li><strong>Kaitseb kuiva ja tundlikku silma\u00fcmbruse nahka<\/strong><br \/>\nSisaldab pantenooli, allantoiini ja tokofer\u00fc\u00fclatsetaati-k\u00f5igil on on suurep\u00e4rased rahustavad, niisutavad ja kaitsev toime. Antioks\u00fcdandid aitavad silma\u00fcmbruse nahal p\u00fcsida tervena.<\/li>\n<li><strong>Nahas\u00f5bralikud silmaplaaster-maskid<\/strong><br \/>\nNeed on keskkonnas\u00f5bralikud geeljad plaastermaskid, mis on toimeainetega rikastatud, tekitavad nahal meeldiva jahutatud ja niisutatud tunde ja lagunevad looduslikult kuumas vees. NB! Kui paned kasutatud silmaplaastri oma vannivette v\u00f5id nautida samade toimeainetega kogu keha hooldust!.<\/li>\n<\/ul>","protected":false},"excerpt":{"rendered":"<p>Eye patches that provide immediate hydration and smooth out dark circles. Hydrolyzed collagen and 6 different peptide complexes restore skin elasticity and firmness. 8 types of hyaluronic acid provide moisture and softness to dry skin. 60pcs\/30 pairs<\/p>","protected":false},"featured_media":1211,"template":"","meta":{"_acf_changed":false},"product_brand":[158],"product_cat":[170],"product_tag":[181,182,187],"class_list":{"0":"post-1210","1":"product","2":"type-product","3":"status-publish","4":"has-post-thumbnail","6":"product_brand-fau","7":"product_cat-silmaumbruse-hooldus","8":"product_tag-esimesed-kortsud-30","9":"product_tag-kortsud-ja-lotvunud-nahk","10":"product_tag-silmaumbruse-probleemid","12":"first","13":"instock","14":"sale","15":"taxable","16":"shipping-taxable","17":"purchasable","18":"product-type-simple"},"acf":[],"_links":{"self":[{"href":"https:\/\/test.velvetskin.ee\/en\/wp-json\/wp\/v2\/product\/1210","targetHints":{"allow":["GET"]}}],"collection":[{"href":"https:\/\/test.velvetskin.ee\/en\/wp-json\/wp\/v2\/product"}],"about":[{"href":"https:\/\/test.velvetskin.ee\/en\/wp-json\/wp\/v2\/types\/product"}],"version-history":[{"count":7,"href":"https:\/\/test.velvetskin.ee\/en\/wp-json\/wp\/v2\/product\/1210\/revisions"}],"predecessor-version":[{"id":3944,"href":"https:\/\/test.velvetskin.ee\/en\/wp-json\/wp\/v2\/product\/1210\/revisions\/3944"}],"wp:featuredmedia":[{"embeddable":true,"href":"https:\/\/test.velvetskin.ee\/en\/wp-json\/wp\/v2\/media\/1211"}],"wp:attachment":[{"href":"https:\/\/test.velvetskin.ee\/en\/wp-json\/wp\/v2\/media?parent=1210"}],"wp:term":[{"taxonomy":"product_brand","embeddable":true,"href":"https:\/\/test.velvetskin.ee\/en\/wp-json\/wp\/v2\/product_brand?post=1210"},{"taxonomy":"product_cat","embeddable":true,"href":"https:\/\/test.velvetskin.ee\/en\/wp-json\/wp\/v2\/product_cat?post=1210"},{"taxonomy":"product_tag","embeddable":true,"href":"https:\/\/test.velvetskin.ee\/en\/wp-json\/wp\/v2\/product_tag?post=1210"}],"curies":[{"name":"wp","href":"https:\/\/api.w.org\/{rel}","templated":true}]}}