{"id":1514,"date":"2024-11-24T16:07:32","date_gmt":"2024-11-24T14:07:32","guid":{"rendered":"https:\/\/test.velvetskin.ee\/?post_type=product&#038;p=1514"},"modified":"2025-11-25T21:34:10","modified_gmt":"2025-11-25T19:34:10","slug":"signature-radiance-kreem","status":"publish","type":"product","link":"https:\/\/test.velvetskin.ee\/en\/product\/signature-radiance-kreem\/","title":{"rendered":"Signature Radiance kreem"},"content":{"rendered":"<p>Kerge teksuuriga kreem, mis on niisutav, s\u00e4raandev, jumet \u00fchtlustav ja nahka pinguldava efektiga.<\/p>\n<p>Kreem sobib h\u00e4sti kasutada koos Whitening sarja pigmendiseerumiga. Tulemuseks niisutatud, s\u00e4rav ja pingul nahk.<\/p>\n<p>Toote peamised koostisained on h\u00fcdrol\u00fc\u00fcsitud kollageeni ekstrakt, mis on saadud Hiina raviseenest Snow Fungus. Madala molekulmassiga kollageen , mida meie nahk k\u00f5ige enam vajab, et tagada pingul ja s\u00e4rav nahk.\u00a0 Lisaks C vitamiini derivaat.<\/p>","protected":false},"excerpt":{"rendered":"<p>Kerge teksuuriga kreem, mis on niisutav, s\u00e4raandev, jumet \u00fchtlustav ja nahka pinguldava efektiga. Kreem sobib h\u00e4sti kasutada koos Whitening sarja pigmendiseerumiga. Tulemuseks niisutatud, s\u00e4rav ja pingul nahk. 50 ml<\/p>","protected":false},"featured_media":1521,"template":"","meta":{"_acf_changed":false},"product_brand":[158],"product_cat":[169],"product_tag":[181,182,186,183],"class_list":{"0":"post-1514","1":"product","2":"type-product","3":"status-publish","4":"has-post-thumbnail","6":"product_brand-fau","7":"product_cat-kreemid","8":"product_tag-esimesed-kortsud-30","9":"product_tag-kortsud-ja-lotvunud-nahk","10":"product_tag-pigmendiprobleemid","11":"product_tag-tuhm-ja-sara-kaotanud-nahk","13":"first","14":"instock","15":"sale","16":"taxable","17":"shipping-taxable","18":"purchasable","19":"product-type-simple"},"acf":[],"_links":{"self":[{"href":"https:\/\/test.velvetskin.ee\/en\/wp-json\/wp\/v2\/product\/1514","targetHints":{"allow":["GET"]}}],"collection":[{"href":"https:\/\/test.velvetskin.ee\/en\/wp-json\/wp\/v2\/product"}],"about":[{"href":"https:\/\/test.velvetskin.ee\/en\/wp-json\/wp\/v2\/types\/product"}],"version-history":[{"count":7,"href":"https:\/\/test.velvetskin.ee\/en\/wp-json\/wp\/v2\/product\/1514\/revisions"}],"predecessor-version":[{"id":3951,"href":"https:\/\/test.velvetskin.ee\/en\/wp-json\/wp\/v2\/product\/1514\/revisions\/3951"}],"wp:featuredmedia":[{"embeddable":true,"href":"https:\/\/test.velvetskin.ee\/en\/wp-json\/wp\/v2\/media\/1521"}],"wp:attachment":[{"href":"https:\/\/test.velvetskin.ee\/en\/wp-json\/wp\/v2\/media?parent=1514"}],"wp:term":[{"taxonomy":"product_brand","embeddable":true,"href":"https:\/\/test.velvetskin.ee\/en\/wp-json\/wp\/v2\/product_brand?post=1514"},{"taxonomy":"product_cat","embeddable":true,"href":"https:\/\/test.velvetskin.ee\/en\/wp-json\/wp\/v2\/product_cat?post=1514"},{"taxonomy":"product_tag","embeddable":true,"href":"https:\/\/test.velvetskin.ee\/en\/wp-json\/wp\/v2\/product_tag?post=1514"}],"curies":[{"name":"wp","href":"https:\/\/api.w.org\/{rel}","templated":true}]}}