{"id":1737,"date":"2024-11-27T17:42:01","date_gmt":"2024-11-27T15:42:01","guid":{"rendered":"https:\/\/test.velvetskin.ee\/?post_type=product&#038;p=1737"},"modified":"2025-11-26T22:45:23","modified_gmt":"2025-11-26T20:45:23","slug":"vital-rose-treatment-oil","status":"publish","type":"product","link":"https:\/\/test.velvetskin.ee\/en\/product\/vital-rose-treatment-oil\/","title":{"rendered":"Vital Rose Treatment Oil"},"content":{"rendered":"<p><strong>MASSAA\u017dI HOOLDUS<\/strong><br \/>\nAromaatne roosil\u00f5hnaga \u00f5li, m\u00f5jub l\u00f5\u00f5gastavalt meeltele ja leevendab stressitunnet.<\/p>\n<p><strong>KEHA \u00d5LI<\/strong><\/p>\n<p>Kehahooldus\u00f5li rahustab \u00e4revust ja unetust roosi aroomiteraapiaga ning silendab ja niisutab kuivanud ja tundlikku nahka.<\/p>\n<p><strong>PEAMISED KOOSTISOSAD<\/strong><\/p>\n<p>Roosilille\u00f5li, Carthamus Tinctorius seemne\u00f5li, Camellia Sinensis seemne\u00f5li, Helianthus Annuus (p\u00e4evalille) seemne\u00f5li, Argania Spinosa \u00f5li.<\/p>","protected":false},"excerpt":{"rendered":"<p>Roosi\u00f5li, mis hoolitseb eluj\u00f5ulise ja sileda naha eest, rikastatud looduslike \u00f5lidega nagu Safflower ekstrakt, roheline tee, makadaamia \u00f5li, p\u00e4evalilleseemned, argaania\u00f5li. V\u00e4ga kerge libisemisega ja meeldiva tekstuuriga \u00f5li, mis imendub naha sisse kiirelt. Ei j\u00e4ta nahale tugevat aroomi ja ei j\u00e4\u00e4 kleepuma. 1000ml<\/p>","protected":false},"featured_media":1739,"template":"","meta":{"_acf_changed":false},"product_brand":[158],"product_cat":[175],"product_tag":[182],"class_list":{"0":"post-1737","1":"product","2":"type-product","3":"status-publish","4":"has-post-thumbnail","6":"product_brand-fau","7":"product_cat-massaazitooted","8":"product_tag-kortsud-ja-lotvunud-nahk","10":"first","11":"instock","12":"sale","13":"taxable","14":"shipping-taxable","15":"purchasable","16":"product-type-simple"},"acf":[],"_links":{"self":[{"href":"https:\/\/test.velvetskin.ee\/en\/wp-json\/wp\/v2\/product\/1737","targetHints":{"allow":["GET"]}}],"collection":[{"href":"https:\/\/test.velvetskin.ee\/en\/wp-json\/wp\/v2\/product"}],"about":[{"href":"https:\/\/test.velvetskin.ee\/en\/wp-json\/wp\/v2\/types\/product"}],"version-history":[{"count":9,"href":"https:\/\/test.velvetskin.ee\/en\/wp-json\/wp\/v2\/product\/1737\/revisions"}],"predecessor-version":[{"id":3968,"href":"https:\/\/test.velvetskin.ee\/en\/wp-json\/wp\/v2\/product\/1737\/revisions\/3968"}],"wp:featuredmedia":[{"embeddable":true,"href":"https:\/\/test.velvetskin.ee\/en\/wp-json\/wp\/v2\/media\/1739"}],"wp:attachment":[{"href":"https:\/\/test.velvetskin.ee\/en\/wp-json\/wp\/v2\/media?parent=1737"}],"wp:term":[{"taxonomy":"product_brand","embeddable":true,"href":"https:\/\/test.velvetskin.ee\/en\/wp-json\/wp\/v2\/product_brand?post=1737"},{"taxonomy":"product_cat","embeddable":true,"href":"https:\/\/test.velvetskin.ee\/en\/wp-json\/wp\/v2\/product_cat?post=1737"},{"taxonomy":"product_tag","embeddable":true,"href":"https:\/\/test.velvetskin.ee\/en\/wp-json\/wp\/v2\/product_tag?post=1737"}],"curies":[{"name":"wp","href":"https:\/\/api.w.org\/{rel}","templated":true}]}}