{"id":2023,"date":"2024-12-08T15:11:18","date_gmt":"2024-12-08T13:11:18","guid":{"rendered":"https:\/\/test.velvetskin.ee\/?post_type=product&#038;p=2023"},"modified":"2025-11-26T22:45:23","modified_gmt":"2025-11-26T20:45:23","slug":"fau-s-line-reshape-aroma-oil","status":"publish","type":"product","link":"https:\/\/test.velvetskin.ee\/en\/product\/fau-s-line-reshape-aroma-oil\/","title":{"rendered":"Fau S Line Reshape Aroma Oil"},"content":{"rendered":"<p>A premium massage oil that not only helps slim and trim the skin, but also removes accumulated toxins from the body and provides long-lasting hydration to the skin.<\/p>\n<ul>\n<li><strong>If you want to reduce cellulite<br \/>\n<\/strong><\/li>\n<li><strong><strong>If you want to remove water from your body that causes swelling<\/strong><\/strong><\/li>\n<li><strong><strong>If you want elasticity and deep hydration for your skin<\/strong><\/strong><\/li>\n<li><strong>If you want to relax your muscles and enjoy aromatherapy<\/strong><\/li>\n<\/ul>","protected":false},"excerpt":{"rendered":"<p>Meeldiva tsitrusearoomiga massaa\u017ei\u00f5li, mis sobib ideaalselt massaa\u017ei tegemiseks kehal v\u00f5i kasutada niisutava, toitva, trimmiva ja m\u00fcrkained v\u00e4ljutava kehahoolduse \u00f5lina.<br \/>\nToodet v\u00f5ib kasutada hommikul ja \/ v\u00f5i \u00f5htul kogu kehal v.a mitte kanda n\u00e4ole. 1000 ml<\/p>\n<p>&nbsp;<\/p>","protected":false},"featured_media":2026,"template":"","meta":{"_acf_changed":false},"product_brand":[158],"product_cat":[175],"product_tag":[182],"class_list":{"0":"post-2023","1":"product","2":"type-product","3":"status-publish","4":"has-post-thumbnail","6":"product_brand-fau","7":"product_cat-massaazitooted","8":"product_tag-kortsud-ja-lotvunud-nahk","10":"first","11":"instock","12":"sale","13":"taxable","14":"shipping-taxable","15":"purchasable","16":"product-type-simple"},"acf":[],"_links":{"self":[{"href":"https:\/\/test.velvetskin.ee\/en\/wp-json\/wp\/v2\/product\/2023","targetHints":{"allow":["GET"]}}],"collection":[{"href":"https:\/\/test.velvetskin.ee\/en\/wp-json\/wp\/v2\/product"}],"about":[{"href":"https:\/\/test.velvetskin.ee\/en\/wp-json\/wp\/v2\/types\/product"}],"version-history":[{"count":11,"href":"https:\/\/test.velvetskin.ee\/en\/wp-json\/wp\/v2\/product\/2023\/revisions"}],"predecessor-version":[{"id":3973,"href":"https:\/\/test.velvetskin.ee\/en\/wp-json\/wp\/v2\/product\/2023\/revisions\/3973"}],"wp:featuredmedia":[{"embeddable":true,"href":"https:\/\/test.velvetskin.ee\/en\/wp-json\/wp\/v2\/media\/2026"}],"wp:attachment":[{"href":"https:\/\/test.velvetskin.ee\/en\/wp-json\/wp\/v2\/media?parent=2023"}],"wp:term":[{"taxonomy":"product_brand","embeddable":true,"href":"https:\/\/test.velvetskin.ee\/en\/wp-json\/wp\/v2\/product_brand?post=2023"},{"taxonomy":"product_cat","embeddable":true,"href":"https:\/\/test.velvetskin.ee\/en\/wp-json\/wp\/v2\/product_cat?post=2023"},{"taxonomy":"product_tag","embeddable":true,"href":"https:\/\/test.velvetskin.ee\/en\/wp-json\/wp\/v2\/product_tag?post=2023"}],"curies":[{"name":"wp","href":"https:\/\/api.w.org\/{rel}","templated":true}]}}