{"id":2333,"date":"2025-01-14T15:43:41","date_gmt":"2025-01-14T13:43:41","guid":{"rendered":"https:\/\/test.velvetskin.ee\/?post_type=product&#038;p=2333"},"modified":"2025-11-26T08:52:59","modified_gmt":"2025-11-26T06:52:59","slug":"lifting-cocktail-ampoules","status":"publish","type":"product","link":"https:\/\/test.velvetskin.ee\/en\/product\/lifting-cocktail-ampoules\/","title":{"rendered":"Lifting Cocktail Ampoules"},"content":{"rendered":"<p>Kohese pinguldava efektiga seerum. Steriilne lahus h\u00fcaluroonhappe, DMAE, kollageeni ja meregl\u00fckogeeniga.<\/p>\n<p>V\u00f5imas kokteil epigeneetiliste koostisosadega. Stimuleerib kollageeni s\u00fcnteesi ja parandab naha tekstuuri ja niisutust.<\/p>\n<p><strong>Kasutusjuhend:<\/strong><br \/>\nKanna ringjate liigutustega n\u00e4ole, kaelale ja dekolteele, v\u00e4ltides silma\u00fcmbrust, kuni t\u00e4ieliku imendumiseni. Kasuta igap\u00e4evaselt. Ava ettevaatlikult ampull, lisa karbisolev otsik ja kasuta\u00a0 1 ampull p\u00e4evas, 1 osa hommikul ja 1 osa \u00f5htul. Ampull tuleb kasutada 12h jooksul.<\/p>\n<p><strong>Active ingredients:<br \/>\n<\/strong>Kollageen<br \/>\nAMD<br \/>\nMere gl\u00fckogeen<br \/>\nH\u00fcaluroonhape<\/p>","protected":false},"excerpt":{"rendered":"<p>Kohese pinguldava efektiga seerum. Steriilne lahus h\u00fcaluroonhappe, DMAE, kollageeni ja meregl\u00fckogeeniga.<\/p>","protected":false},"featured_media":2337,"template":"","meta":{"_acf_changed":false},"product_brand":[159],"product_cat":[168],"product_tag":[181,182],"class_list":{"0":"post-2333","1":"product","2":"type-product","3":"status-publish","4":"has-post-thumbnail","6":"product_brand-inlab","7":"product_cat-ampulli-seerumid","8":"product_tag-esimesed-kortsud-30","9":"product_tag-kortsud-ja-lotvunud-nahk","11":"first","12":"instock","13":"sale","14":"taxable","15":"shipping-taxable","16":"purchasable","17":"product-type-simple"},"acf":[],"_links":{"self":[{"href":"https:\/\/test.velvetskin.ee\/en\/wp-json\/wp\/v2\/product\/2333","targetHints":{"allow":["GET"]}}],"collection":[{"href":"https:\/\/test.velvetskin.ee\/en\/wp-json\/wp\/v2\/product"}],"about":[{"href":"https:\/\/test.velvetskin.ee\/en\/wp-json\/wp\/v2\/types\/product"}],"version-history":[{"count":8,"href":"https:\/\/test.velvetskin.ee\/en\/wp-json\/wp\/v2\/product\/2333\/revisions"}],"predecessor-version":[{"id":3977,"href":"https:\/\/test.velvetskin.ee\/en\/wp-json\/wp\/v2\/product\/2333\/revisions\/3977"}],"wp:featuredmedia":[{"embeddable":true,"href":"https:\/\/test.velvetskin.ee\/en\/wp-json\/wp\/v2\/media\/2337"}],"wp:attachment":[{"href":"https:\/\/test.velvetskin.ee\/en\/wp-json\/wp\/v2\/media?parent=2333"}],"wp:term":[{"taxonomy":"product_brand","embeddable":true,"href":"https:\/\/test.velvetskin.ee\/en\/wp-json\/wp\/v2\/product_brand?post=2333"},{"taxonomy":"product_cat","embeddable":true,"href":"https:\/\/test.velvetskin.ee\/en\/wp-json\/wp\/v2\/product_cat?post=2333"},{"taxonomy":"product_tag","embeddable":true,"href":"https:\/\/test.velvetskin.ee\/en\/wp-json\/wp\/v2\/product_tag?post=2333"}],"curies":[{"name":"wp","href":"https:\/\/api.w.org\/{rel}","templated":true}]}}