{"id":2339,"date":"2025-01-14T15:53:23","date_gmt":"2025-01-14T13:53:23","guid":{"rendered":"https:\/\/test.velvetskin.ee\/?post_type=product&#038;p=2339"},"modified":"2025-11-26T08:52:59","modified_gmt":"2025-11-26T06:52:59","slug":"regenerating-cocktail-ampoules","status":"publish","type":"product","link":"https:\/\/test.velvetskin.ee\/en\/product\/regenerating-cocktail-ampoules\/","title":{"rendered":"Regenerating Cocktail Ampoules"},"content":{"rendered":"<p>Nahka elustav ja taastav steriilne lahus, mille koostisosadeks on h\u00fcaluroonhape, mis parandab naha niisutust, ja meregl\u00fckogeen, mis silub peeneid miimikajooni. Koens\u00fc\u00fcm Q10 ja E-vitamiin toimivad v\u00f5imsate antioks\u00fcdantidena. Aloe vera on oluline rakkude taastaja.<\/p>\n<p><strong>Kasutusjuhend:<\/strong><br \/>\nKanna ringjate liigutustega n\u00e4ole, kaelale ja dekolteele, v\u00e4ltides silma\u00fcmbrust, kuni t\u00e4ieliku imendumiseni. Kasuta igap\u00e4evaselt. Ava ettevaatlikult ampull, lisa karbisolev otsik ja kasuta\u00a0 1 ampull p\u00e4evas, 1 osa hommikul ja 1 osa \u00f5htul. Ampull tuleb kasutada 12h jooksul.<\/p>\n<p><strong>Active ingredients:<br \/>\n<\/strong><span class=\"Y2IQFc\" lang=\"et\">H\u00fcaluroonhape<br \/>\nAloe Vera<br \/>\nKoens\u00fc\u00fcm Q10 + E-vitamiin Mereline Gucogen<\/span><\/p>","protected":false},"excerpt":{"rendered":"<p>Energiseeriv ja taastav steriilne lahus, mille koostisosadeks on h\u00fcaluroonhape, mis parandab naha niisutust, ja meregl\u00fckogeen, mis silub peeneid miimikajooni. Koens\u00fc\u00fcm Q10 ja E-vitamiin toimivad v\u00f5imsate antioks\u00fcdantidena.<\/p>","protected":false},"featured_media":2342,"template":"","meta":{"_acf_changed":false},"product_brand":[159],"product_cat":[168],"product_tag":[190,182,180,183,189],"class_list":{"0":"post-2339","1":"product","2":"type-product","3":"status-publish","4":"has-post-thumbnail","6":"product_brand-inlab","7":"product_cat-ampulli-seerumid","8":"product_tag-arritunud-ja-voi-kuiv-nahk","9":"product_tag-kortsud-ja-lotvunud-nahk","10":"product_tag-rosaatsea-ja-kuperroosa","11":"product_tag-tuhm-ja-sara-kaotanud-nahk","12":"product_tag-tundlik","14":"first","15":"instock","16":"sale","17":"taxable","18":"shipping-taxable","19":"purchasable","20":"product-type-simple"},"acf":[],"_links":{"self":[{"href":"https:\/\/test.velvetskin.ee\/en\/wp-json\/wp\/v2\/product\/2339","targetHints":{"allow":["GET"]}}],"collection":[{"href":"https:\/\/test.velvetskin.ee\/en\/wp-json\/wp\/v2\/product"}],"about":[{"href":"https:\/\/test.velvetskin.ee\/en\/wp-json\/wp\/v2\/types\/product"}],"version-history":[{"count":6,"href":"https:\/\/test.velvetskin.ee\/en\/wp-json\/wp\/v2\/product\/2339\/revisions"}],"predecessor-version":[{"id":3978,"href":"https:\/\/test.velvetskin.ee\/en\/wp-json\/wp\/v2\/product\/2339\/revisions\/3978"}],"wp:featuredmedia":[{"embeddable":true,"href":"https:\/\/test.velvetskin.ee\/en\/wp-json\/wp\/v2\/media\/2342"}],"wp:attachment":[{"href":"https:\/\/test.velvetskin.ee\/en\/wp-json\/wp\/v2\/media?parent=2339"}],"wp:term":[{"taxonomy":"product_brand","embeddable":true,"href":"https:\/\/test.velvetskin.ee\/en\/wp-json\/wp\/v2\/product_brand?post=2339"},{"taxonomy":"product_cat","embeddable":true,"href":"https:\/\/test.velvetskin.ee\/en\/wp-json\/wp\/v2\/product_cat?post=2339"},{"taxonomy":"product_tag","embeddable":true,"href":"https:\/\/test.velvetskin.ee\/en\/wp-json\/wp\/v2\/product_tag?post=2339"}],"curies":[{"name":"wp","href":"https:\/\/api.w.org\/{rel}","templated":true}]}}