{"id":2348,"date":"2025-01-14T15:59:43","date_gmt":"2025-01-14T13:59:43","guid":{"rendered":"https:\/\/test.velvetskin.ee\/?post_type=product&#038;p=2348"},"modified":"2025-11-26T08:52:59","modified_gmt":"2025-11-26T06:52:59","slug":"radiance-cocktail-ampoules","status":"publish","type":"product","link":"https:\/\/test.velvetskin.ee\/en\/product\/radiance-cocktail-ampoules\/","title":{"rendered":"Radiance Cocktail Ampoules"},"content":{"rendered":"<p>Steriilne lahus C-vitamiini, feruulhappe, h\u00fcaluroonhappe ja meregl\u00fckogeeniga. V\u00f5imas kokteil epigeneetiliste koostisosadega. Selle omadused aitavad edasi l\u00fckata rakkude vananemist ja v\u00e4hendada kortsude teket.<\/p>\n<p><strong>Kasutusjuhend:<\/strong> Kanna ringjate liigutustega n\u00e4ole, kaelale ja dekolteele, v\u00e4ltides silma\u00fcmbrust, kuni t\u00e4ieliku imendumiseni. Kasuta igap\u00e4evaselt.<\/p>\n<p><strong>Aktiivkoostisiained:<br \/>\n<\/strong>Vitamin C<br \/>\nMarine glycogen<br \/>\nHyaluronic acid<br \/>\nFerulic acid<\/p>","protected":false},"excerpt":{"rendered":"<p>Steriilne lahus C-vitamiini, feruulhappe, h\u00fcaluroonhappe ja meregl\u00fckogeeniga. V\u00f5imas kokteil epigeneetiliste koostisosadega. Selle omadused aitavad edasi l\u00fckata rakkude vananemist ja v\u00e4hendada kortsude teket.<\/p>","protected":false},"featured_media":2350,"template":"","meta":{"_acf_changed":false},"product_brand":[159],"product_cat":[168],"product_tag":[181,182,186,183],"class_list":{"0":"post-2348","1":"product","2":"type-product","3":"status-publish","4":"has-post-thumbnail","6":"product_brand-inlab","7":"product_cat-ampulli-seerumid","8":"product_tag-esimesed-kortsud-30","9":"product_tag-kortsud-ja-lotvunud-nahk","10":"product_tag-pigmendiprobleemid","11":"product_tag-tuhm-ja-sara-kaotanud-nahk","13":"first","14":"instock","15":"sale","16":"taxable","17":"shipping-taxable","18":"purchasable","19":"product-type-simple"},"acf":[],"_links":{"self":[{"href":"https:\/\/test.velvetskin.ee\/en\/wp-json\/wp\/v2\/product\/2348","targetHints":{"allow":["GET"]}}],"collection":[{"href":"https:\/\/test.velvetskin.ee\/en\/wp-json\/wp\/v2\/product"}],"about":[{"href":"https:\/\/test.velvetskin.ee\/en\/wp-json\/wp\/v2\/types\/product"}],"version-history":[{"count":6,"href":"https:\/\/test.velvetskin.ee\/en\/wp-json\/wp\/v2\/product\/2348\/revisions"}],"predecessor-version":[{"id":3980,"href":"https:\/\/test.velvetskin.ee\/en\/wp-json\/wp\/v2\/product\/2348\/revisions\/3980"}],"wp:featuredmedia":[{"embeddable":true,"href":"https:\/\/test.velvetskin.ee\/en\/wp-json\/wp\/v2\/media\/2350"}],"wp:attachment":[{"href":"https:\/\/test.velvetskin.ee\/en\/wp-json\/wp\/v2\/media?parent=2348"}],"wp:term":[{"taxonomy":"product_brand","embeddable":true,"href":"https:\/\/test.velvetskin.ee\/en\/wp-json\/wp\/v2\/product_brand?post=2348"},{"taxonomy":"product_cat","embeddable":true,"href":"https:\/\/test.velvetskin.ee\/en\/wp-json\/wp\/v2\/product_cat?post=2348"},{"taxonomy":"product_tag","embeddable":true,"href":"https:\/\/test.velvetskin.ee\/en\/wp-json\/wp\/v2\/product_tag?post=2348"}],"curies":[{"name":"wp","href":"https:\/\/api.w.org\/{rel}","templated":true}]}}