{"id":2377,"date":"2025-01-14T17:36:43","date_gmt":"2025-01-14T15:36:43","guid":{"rendered":"https:\/\/test.velvetskin.ee\/?post_type=product&#038;p=2377"},"modified":"2025-11-25T21:34:11","modified_gmt":"2025-11-25T19:34:11","slug":"bi-clean-tonic-biphase","status":"publish","type":"product","link":"https:\/\/test.velvetskin.ee\/en\/product\/bi-clean-tonic-biphase\/","title":{"rendered":"Bi-clean Tonic Biphase"},"content":{"rendered":"<p>Eemaldab k\u00f5ige vastupidavama meigi ilma rasvaste j\u00e4\u00e4kideta, j\u00e4ttes naha v\u00e4rske ja siidise. Sobib h\u00e4sti ka tundlikule nahale.<\/p>\n<p><strong>Kasutusjuhend:<\/strong> Loksuta hoolikalt enne kasutamist. Niisuta vatipadi ja kanna n\u00e4ole ja kaelale. Kasuta igap\u00e4evaselt. Sobib k\u00f5ikidele nahat\u00fc\u00fcpidele.<\/p>\n<p><strong>Aktiivkoostisined:<\/strong><br \/>\nArgaania \u00f5li<br \/>\nLactic acid<\/p>","protected":false},"excerpt":{"rendered":"<p>Eemaldab k\u00f5ige vastupidavama meigi ilma rasvaste j\u00e4\u00e4kideta, j\u00e4ttes naha v\u00e4rske ja siidise.<\/p>","protected":false},"featured_media":2378,"template":"","meta":{"_acf_changed":false},"product_brand":[159],"product_cat":[166],"product_tag":[181,182,186,179,180],"class_list":{"0":"post-2377","1":"product","2":"type-product","3":"status-publish","4":"has-post-thumbnail","6":"product_brand-inlab","7":"product_cat-naopuhastus","8":"product_tag-esimesed-kortsud-30","9":"product_tag-kortsud-ja-lotvunud-nahk","10":"product_tag-pigmendiprobleemid","11":"product_tag-rasune-ja-kombineeritud-nahk","12":"product_tag-rosaatsea-ja-kuperroosa","14":"first","15":"instock","16":"sale","17":"taxable","18":"shipping-taxable","19":"purchasable","20":"product-type-simple"},"acf":[],"_links":{"self":[{"href":"https:\/\/test.velvetskin.ee\/en\/wp-json\/wp\/v2\/product\/2377","targetHints":{"allow":["GET"]}}],"collection":[{"href":"https:\/\/test.velvetskin.ee\/en\/wp-json\/wp\/v2\/product"}],"about":[{"href":"https:\/\/test.velvetskin.ee\/en\/wp-json\/wp\/v2\/types\/product"}],"version-history":[{"count":5,"href":"https:\/\/test.velvetskin.ee\/en\/wp-json\/wp\/v2\/product\/2377\/revisions"}],"predecessor-version":[{"id":3984,"href":"https:\/\/test.velvetskin.ee\/en\/wp-json\/wp\/v2\/product\/2377\/revisions\/3984"}],"wp:featuredmedia":[{"embeddable":true,"href":"https:\/\/test.velvetskin.ee\/en\/wp-json\/wp\/v2\/media\/2378"}],"wp:attachment":[{"href":"https:\/\/test.velvetskin.ee\/en\/wp-json\/wp\/v2\/media?parent=2377"}],"wp:term":[{"taxonomy":"product_brand","embeddable":true,"href":"https:\/\/test.velvetskin.ee\/en\/wp-json\/wp\/v2\/product_brand?post=2377"},{"taxonomy":"product_cat","embeddable":true,"href":"https:\/\/test.velvetskin.ee\/en\/wp-json\/wp\/v2\/product_cat?post=2377"},{"taxonomy":"product_tag","embeddable":true,"href":"https:\/\/test.velvetskin.ee\/en\/wp-json\/wp\/v2\/product_tag?post=2377"}],"curies":[{"name":"wp","href":"https:\/\/api.w.org\/{rel}","templated":true}]}}