{"id":2380,"date":"2025-01-14T17:41:54","date_gmt":"2025-01-14T15:41:54","guid":{"rendered":"https:\/\/test.velvetskin.ee\/?post_type=product&#038;p=2380"},"modified":"2025-11-25T21:34:11","modified_gmt":"2025-11-25T19:34:11","slug":"aquamarine-facial-toner","status":"publish","type":"product","link":"https:\/\/test.velvetskin.ee\/en\/product\/aquamarine-facial-toner\/","title":{"rendered":"Aquamarine Facial Toner"},"content":{"rendered":"<p>Normaliseerib naha pH p\u00e4rast igap\u00e4evast n\u00e4opuhastust. V\u00e4hendab poore, hoides \u00e4ra mustuse tekkimise ja tagades nahale elastsuse. J\u00e4tab naha puhtaks ja l\u00e4iketa.<\/p>\n<p><strong>Kasutusjuhend:<\/strong><br \/>\nNiisuta vatipadi ja kanna toonik puhtale nahale<\/p>\n<p><strong>Aktiivkoostiained:<br \/>\n<\/strong>Kollageen<br \/>\nMereline elastiin<\/p>","protected":false},"excerpt":{"rendered":"<p>Normaliseerib naha pH p\u00e4rast igap\u00e4evast n\u00e4opuhastust.<br \/>\nV\u00e4hendab poore, v\u00e4ltides ebapuhtuste teket ja andes nahale elastsust, niisutust. J\u00e4tab naha puhtaks ja matiks.<\/p>","protected":false},"featured_media":2382,"template":"","meta":{"_acf_changed":false},"product_brand":[159],"product_cat":[166],"product_tag":[190,181,182,180,183,189],"class_list":{"0":"post-2380","1":"product","2":"type-product","3":"status-publish","4":"has-post-thumbnail","6":"product_brand-inlab","7":"product_cat-naopuhastus","8":"product_tag-arritunud-ja-voi-kuiv-nahk","9":"product_tag-esimesed-kortsud-30","10":"product_tag-kortsud-ja-lotvunud-nahk","11":"product_tag-rosaatsea-ja-kuperroosa","12":"product_tag-tuhm-ja-sara-kaotanud-nahk","13":"product_tag-tundlik","15":"first","16":"instock","17":"sale","18":"taxable","19":"shipping-taxable","20":"purchasable","21":"product-type-simple"},"acf":[],"_links":{"self":[{"href":"https:\/\/test.velvetskin.ee\/en\/wp-json\/wp\/v2\/product\/2380","targetHints":{"allow":["GET"]}}],"collection":[{"href":"https:\/\/test.velvetskin.ee\/en\/wp-json\/wp\/v2\/product"}],"about":[{"href":"https:\/\/test.velvetskin.ee\/en\/wp-json\/wp\/v2\/types\/product"}],"version-history":[{"count":7,"href":"https:\/\/test.velvetskin.ee\/en\/wp-json\/wp\/v2\/product\/2380\/revisions"}],"predecessor-version":[{"id":3985,"href":"https:\/\/test.velvetskin.ee\/en\/wp-json\/wp\/v2\/product\/2380\/revisions\/3985"}],"wp:featuredmedia":[{"embeddable":true,"href":"https:\/\/test.velvetskin.ee\/en\/wp-json\/wp\/v2\/media\/2382"}],"wp:attachment":[{"href":"https:\/\/test.velvetskin.ee\/en\/wp-json\/wp\/v2\/media?parent=2380"}],"wp:term":[{"taxonomy":"product_brand","embeddable":true,"href":"https:\/\/test.velvetskin.ee\/en\/wp-json\/wp\/v2\/product_brand?post=2380"},{"taxonomy":"product_cat","embeddable":true,"href":"https:\/\/test.velvetskin.ee\/en\/wp-json\/wp\/v2\/product_cat?post=2380"},{"taxonomy":"product_tag","embeddable":true,"href":"https:\/\/test.velvetskin.ee\/en\/wp-json\/wp\/v2\/product_tag?post=2380"}],"curies":[{"name":"wp","href":"https:\/\/api.w.org\/{rel}","templated":true}]}}