{"id":2421,"date":"2025-01-15T15:25:45","date_gmt":"2025-01-15T13:25:45","guid":{"rendered":"https:\/\/test.velvetskin.ee\/?post_type=product&#038;p=2421"},"modified":"2025-11-25T21:34:11","modified_gmt":"2025-11-25T19:34:11","slug":"dmae-3-pure-serum","status":"publish","type":"product","link":"https:\/\/test.velvetskin.ee\/en\/product\/dmae-3-pure-serum\/","title":{"rendered":"Lifting Dmae 3% Pure Serum"},"content":{"rendered":"<p>N\u00e4oseerum, mis stimuleerib kollageeni s\u00fcnteesi. Parandab naha tekstuuri ja niisutust oma tugeva pinguldava toimeainete t\u00f5ttu.<\/p>\n<p><strong>Kasutusjuhend:<\/strong> Kanna n\u00e4ole, kaelale ja dekolteele \u00f5rnalt masseerides. V\u00e4ldi kokkupuudet limaskestade ja haavadega.<\/p>\n<p><strong>Active ingredients:<br \/>\n<\/strong>DIMETHYLETHANOLAMINE, DEANOL (DMAE)<br \/>\nPIIMHAPE<\/p>","protected":false},"excerpt":{"rendered":"<p>N\u00e4oseerum, mis stimuleerib kollageeni s\u00fcnteesi. Parandab naha tekstuuri ja niisutust oma tugeva pinguldava toimeainete t\u00f5ttu.<\/p>","protected":false},"featured_media":2424,"template":"","meta":{"_acf_changed":false},"product_brand":[159],"product_cat":[167],"product_tag":[182],"class_list":{"0":"post-2421","1":"product","2":"type-product","3":"status-publish","4":"has-post-thumbnail","6":"product_brand-inlab","7":"product_cat-seerumid","8":"product_tag-kortsud-ja-lotvunud-nahk","10":"first","11":"instock","12":"sale","13":"taxable","14":"shipping-taxable","15":"purchasable","16":"product-type-simple"},"acf":[],"_links":{"self":[{"href":"https:\/\/test.velvetskin.ee\/en\/wp-json\/wp\/v2\/product\/2421","targetHints":{"allow":["GET"]}}],"collection":[{"href":"https:\/\/test.velvetskin.ee\/en\/wp-json\/wp\/v2\/product"}],"about":[{"href":"https:\/\/test.velvetskin.ee\/en\/wp-json\/wp\/v2\/types\/product"}],"version-history":[{"count":7,"href":"https:\/\/test.velvetskin.ee\/en\/wp-json\/wp\/v2\/product\/2421\/revisions"}],"predecessor-version":[{"id":3990,"href":"https:\/\/test.velvetskin.ee\/en\/wp-json\/wp\/v2\/product\/2421\/revisions\/3990"}],"wp:featuredmedia":[{"embeddable":true,"href":"https:\/\/test.velvetskin.ee\/en\/wp-json\/wp\/v2\/media\/2424"}],"wp:attachment":[{"href":"https:\/\/test.velvetskin.ee\/en\/wp-json\/wp\/v2\/media?parent=2421"}],"wp:term":[{"taxonomy":"product_brand","embeddable":true,"href":"https:\/\/test.velvetskin.ee\/en\/wp-json\/wp\/v2\/product_brand?post=2421"},{"taxonomy":"product_cat","embeddable":true,"href":"https:\/\/test.velvetskin.ee\/en\/wp-json\/wp\/v2\/product_cat?post=2421"},{"taxonomy":"product_tag","embeddable":true,"href":"https:\/\/test.velvetskin.ee\/en\/wp-json\/wp\/v2\/product_tag?post=2421"}],"curies":[{"name":"wp","href":"https:\/\/api.w.org\/{rel}","templated":true}]}}