{"id":2433,"date":"2025-01-15T15:34:23","date_gmt":"2025-01-15T13:34:23","guid":{"rendered":"https:\/\/test.velvetskin.ee\/?post_type=product&#038;p=2433"},"modified":"2025-11-25T21:34:11","modified_gmt":"2025-11-25T19:34:11","slug":"botxlike-pure-serum","status":"publish","type":"product","link":"https:\/\/test.velvetskin.ee\/en\/product\/botxlike-pure-serum\/","title":{"rendered":"Botxlike Pure Serum"},"content":{"rendered":"<p>N\u00e4oseerum botoksi efekti peptiididega. Tuntud kui t\u00f5hus vahend peenikeste miimikakortsude v\u00e4hendamiseks. Peamine vananemisvastane koostisosa.<\/p>\n<p>V\u00e4hendab kortsude s\u00fcgavust n\u00e4ol, mis on p\u00f5hjustatud lihaste kokkut\u00f5mbumine, eriti \u017eestide abil otsmikul ja silmade \u00fcmber.<\/p>\n<p><strong>Kasutusjuhend:<\/strong><br \/>\nKanna n\u00e4ole, kaelale ja dekolteele \u00f5rnalt masseerides.<\/p>\n<p><strong>Active ingredients:<br \/>\n<\/strong>Argireliin<br \/>\nVitamin B3<\/p>","protected":false},"excerpt":{"rendered":"<p>N\u00e4oseerum botoksi efekti peptiididega. Tuntud kui t\u00f5hus vahend peenikeste miimikakortsude v\u00e4hendamiseks. Peamiselt vananemisvastane koostisosa.<\/p>","protected":false},"featured_media":2435,"template":"","meta":{"_acf_changed":false},"product_brand":[159],"product_cat":[167],"product_tag":[181,182],"class_list":{"0":"post-2433","1":"product","2":"type-product","3":"status-publish","4":"has-post-thumbnail","6":"product_brand-inlab","7":"product_cat-seerumid","8":"product_tag-esimesed-kortsud-30","9":"product_tag-kortsud-ja-lotvunud-nahk","11":"first","12":"instock","13":"sale","14":"taxable","15":"shipping-taxable","16":"purchasable","17":"product-type-simple"},"acf":[],"_links":{"self":[{"href":"https:\/\/test.velvetskin.ee\/en\/wp-json\/wp\/v2\/product\/2433","targetHints":{"allow":["GET"]}}],"collection":[{"href":"https:\/\/test.velvetskin.ee\/en\/wp-json\/wp\/v2\/product"}],"about":[{"href":"https:\/\/test.velvetskin.ee\/en\/wp-json\/wp\/v2\/types\/product"}],"version-history":[{"count":6,"href":"https:\/\/test.velvetskin.ee\/en\/wp-json\/wp\/v2\/product\/2433\/revisions"}],"predecessor-version":[{"id":3993,"href":"https:\/\/test.velvetskin.ee\/en\/wp-json\/wp\/v2\/product\/2433\/revisions\/3993"}],"wp:featuredmedia":[{"embeddable":true,"href":"https:\/\/test.velvetskin.ee\/en\/wp-json\/wp\/v2\/media\/2435"}],"wp:attachment":[{"href":"https:\/\/test.velvetskin.ee\/en\/wp-json\/wp\/v2\/media?parent=2433"}],"wp:term":[{"taxonomy":"product_brand","embeddable":true,"href":"https:\/\/test.velvetskin.ee\/en\/wp-json\/wp\/v2\/product_brand?post=2433"},{"taxonomy":"product_cat","embeddable":true,"href":"https:\/\/test.velvetskin.ee\/en\/wp-json\/wp\/v2\/product_cat?post=2433"},{"taxonomy":"product_tag","embeddable":true,"href":"https:\/\/test.velvetskin.ee\/en\/wp-json\/wp\/v2\/product_tag?post=2433"}],"curies":[{"name":"wp","href":"https:\/\/api.w.org\/{rel}","templated":true}]}}