{"id":2440,"date":"2025-01-15T17:08:46","date_gmt":"2025-01-15T15:08:46","guid":{"rendered":"https:\/\/test.velvetskin.ee\/?post_type=product&#038;p=2440"},"modified":"2025-11-26T22:41:00","modified_gmt":"2025-11-26T20:41:00","slug":"retinol-cream-urban","status":"publish","type":"product","link":"https:\/\/test.velvetskin.ee\/en\/product\/retinol-cream-urban\/","title":{"rendered":"Retinol Cream Urban"},"content":{"rendered":"<p>N\u00e4okreem retinooli, argaania ja aaloega. Suurendab naha niisutust ja v\u00e4hendab miimikajooni, v\u00e4hendab melaniini tootmist, seet\u00f5ttu aitab \u00e4ra hoida pigmendi teket. Samuti aitab v\u00e4hendada juba olemasolevat pigmenti. Eemaldab surnud naharakud, ahendab poore ja parandab naha tekstuuri.<\/p>\n<p><strong>Kasutusjuhend:<\/strong><br \/>\nKanna ringjate liigutustega puhtale n\u00e4ole, kaelale ja dekolteele, v\u00e4ltides silma\u00fcmbrust. Kanna nahale \u00f5htul.<\/p>\n<p><strong>Aktiivsed koostisained:<\/strong><br \/>\nRetinool (A-vitamiin)<br \/>\nArgaania\u00f5li<br \/>\nAloe Vera<\/p>","protected":false},"excerpt":{"rendered":"<p>N\u00e4okreem retinooli, argaania ja aaloega. Suurendab naha niisutust ja v\u00e4hendab miimikajooni, v\u00e4hendab melaniini tootmist, seet\u00f5ttu aitab \u00e4ra hoida pigmendi teket. Samuti aitab v\u00e4hendada juba olemasolevat pigmenti. Eemaldab surnud naharakud, ahendab poore ja parandab naha tekstuuri.<br \/>\nKasutusjuhend: Kanna ringjate liigutustega puhtale n\u00e4ole, kaelale ja dekolteele, v\u00e4ltides silma\u00fcmbrust. Kanna nahale \u00f5htul.<\/p>","protected":false},"featured_media":3186,"template":"","meta":{"_acf_changed":false},"product_brand":[159],"product_cat":[169],"product_tag":[182,186,179],"class_list":{"0":"post-2440","1":"product","2":"type-product","3":"status-publish","4":"has-post-thumbnail","6":"product_brand-inlab","7":"product_cat-kreemid","8":"product_tag-kortsud-ja-lotvunud-nahk","9":"product_tag-pigmendiprobleemid","10":"product_tag-rasune-ja-kombineeritud-nahk","12":"first","13":"instock","14":"sale","15":"taxable","16":"shipping-taxable","17":"purchasable","18":"product-type-simple"},"acf":[],"_links":{"self":[{"href":"https:\/\/test.velvetskin.ee\/en\/wp-json\/wp\/v2\/product\/2440","targetHints":{"allow":["GET"]}}],"collection":[{"href":"https:\/\/test.velvetskin.ee\/en\/wp-json\/wp\/v2\/product"}],"about":[{"href":"https:\/\/test.velvetskin.ee\/en\/wp-json\/wp\/v2\/types\/product"}],"version-history":[{"count":6,"href":"https:\/\/test.velvetskin.ee\/en\/wp-json\/wp\/v2\/product\/2440\/revisions"}],"predecessor-version":[{"id":3994,"href":"https:\/\/test.velvetskin.ee\/en\/wp-json\/wp\/v2\/product\/2440\/revisions\/3994"}],"wp:featuredmedia":[{"embeddable":true,"href":"https:\/\/test.velvetskin.ee\/en\/wp-json\/wp\/v2\/media\/3186"}],"wp:attachment":[{"href":"https:\/\/test.velvetskin.ee\/en\/wp-json\/wp\/v2\/media?parent=2440"}],"wp:term":[{"taxonomy":"product_brand","embeddable":true,"href":"https:\/\/test.velvetskin.ee\/en\/wp-json\/wp\/v2\/product_brand?post=2440"},{"taxonomy":"product_cat","embeddable":true,"href":"https:\/\/test.velvetskin.ee\/en\/wp-json\/wp\/v2\/product_cat?post=2440"},{"taxonomy":"product_tag","embeddable":true,"href":"https:\/\/test.velvetskin.ee\/en\/wp-json\/wp\/v2\/product_tag?post=2440"}],"curies":[{"name":"wp","href":"https:\/\/api.w.org\/{rel}","templated":true}]}}