{"id":2447,"date":"2025-01-15T17:13:42","date_gmt":"2025-01-15T15:13:42","guid":{"rendered":"https:\/\/test.velvetskin.ee\/?post_type=product&#038;p=2447"},"modified":"2025-11-26T22:41:00","modified_gmt":"2025-11-26T20:41:00","slug":"azelaic-cream-urban","status":"publish","type":"product","link":"https:\/\/test.velvetskin.ee\/en\/product\/azelaic-cream-urban\/","title":{"rendered":"Azelaic Cream Urban"},"content":{"rendered":"<p>N\u00e4okreem aselaiinhappe, proteogl\u00fckaanide ja chia-\u00f5liga. Silub ja \u00fchtlustab nahatooni ja tekstuuri.<\/p>\n<p><strong>Kasutusjuhend:<\/strong><br \/>\nKanna ringjate liigutustega ideaalselt puhtale n\u00e4ole, kaelale ja dekolteele, v\u00e4ltides silma\u00fcmbrust. Kanna hommikul v\u00f5i \u00f5htul.<\/p>\n<p><strong>Aktiivsed koostiained:<\/strong><br \/>\nPROTEOGLYCANS muudab jume m\u00e4rgatavalt \u00fchtlasemaks. Parandab naha tekstuuri ja elastsust, \u00fchtlustab v\u00e4rvi ning minimeerib kortse ja miimikajooni.<br \/>\nASELAHAPE on teatud t\u00fc\u00fcpi dikarboks\u00fc\u00fclhape, mida saadakse teraviljaliikidest, n\u00e4iteks nisust, oder v\u00f5i rukis. Seet\u00f5ttu on see looduslik hape. T\u00e4nu oma antibakteriaalsele, p\u00f5letikuvastasele, antioks\u00fcdantsele ja depigmenteerivatele omadustele, seda kasutatakse teatud t\u00fc\u00fcpi akne raviks, pigmendi parandamiseks, punetuse v\u00e4hendamiseks. Sobib tundlikule nahale.<\/p>","protected":false},"excerpt":{"rendered":"<p>N\u00e4okreem aselaiinhappe, proteogl\u00fckaanidega, mis silub ja \u00fchtlustab nahatooni ja tekstuuri. On antibakteriaalse toimega, v\u00e4hendab p\u00f5letikke. Kreem sobib probleemsele, akne, rosacea probleemiga nahale. Sobib ka tundlikule ja pidevalt punetavale nahale.<br \/>\nKasutamine: kanna kreemi puhtale nahale \u00f5htuti. Kui soovid kasutada ka hommikul siis peab lisama peale SPF p\u00e4iksekaite kreemi.<\/p>","protected":false},"featured_media":3182,"template":"","meta":{"_acf_changed":false},"product_brand":[159],"product_cat":[169],"product_tag":[178,190,186,179,180,189],"class_list":{"0":"post-2447","1":"product","2":"type-product","3":"status-publish","4":"has-post-thumbnail","6":"product_brand-inlab","7":"product_cat-kreemid","8":"product_tag-akne-ja-akneilmingud","9":"product_tag-arritunud-ja-voi-kuiv-nahk","10":"product_tag-pigmendiprobleemid","11":"product_tag-rasune-ja-kombineeritud-nahk","12":"product_tag-rosaatsea-ja-kuperroosa","13":"product_tag-tundlik","15":"first","16":"instock","17":"sale","18":"taxable","19":"shipping-taxable","20":"purchasable","21":"product-type-simple"},"acf":[],"_links":{"self":[{"href":"https:\/\/test.velvetskin.ee\/en\/wp-json\/wp\/v2\/product\/2447","targetHints":{"allow":["GET"]}}],"collection":[{"href":"https:\/\/test.velvetskin.ee\/en\/wp-json\/wp\/v2\/product"}],"about":[{"href":"https:\/\/test.velvetskin.ee\/en\/wp-json\/wp\/v2\/types\/product"}],"version-history":[{"count":7,"href":"https:\/\/test.velvetskin.ee\/en\/wp-json\/wp\/v2\/product\/2447\/revisions"}],"predecessor-version":[{"id":3996,"href":"https:\/\/test.velvetskin.ee\/en\/wp-json\/wp\/v2\/product\/2447\/revisions\/3996"}],"wp:featuredmedia":[{"embeddable":true,"href":"https:\/\/test.velvetskin.ee\/en\/wp-json\/wp\/v2\/media\/3182"}],"wp:attachment":[{"href":"https:\/\/test.velvetskin.ee\/en\/wp-json\/wp\/v2\/media?parent=2447"}],"wp:term":[{"taxonomy":"product_brand","embeddable":true,"href":"https:\/\/test.velvetskin.ee\/en\/wp-json\/wp\/v2\/product_brand?post=2447"},{"taxonomy":"product_cat","embeddable":true,"href":"https:\/\/test.velvetskin.ee\/en\/wp-json\/wp\/v2\/product_cat?post=2447"},{"taxonomy":"product_tag","embeddable":true,"href":"https:\/\/test.velvetskin.ee\/en\/wp-json\/wp\/v2\/product_tag?post=2447"}],"curies":[{"name":"wp","href":"https:\/\/api.w.org\/{rel}","templated":true}]}}