{"id":245,"date":"2024-05-28T17:36:31","date_gmt":"2024-05-28T14:36:31","guid":{"rendered":"https:\/\/test.velvetskin.ee\/?post_type=product&#038;p=245"},"modified":"2025-11-25T21:34:08","modified_gmt":"2025-11-25T19:34:08","slug":"skin-solution-sos-foam-cleanser","status":"publish","type":"product","link":"https:\/\/test.velvetskin.ee\/en\/product\/skin-solution-sos-foam-cleanser\/","title":{"rendered":"Skin Solution SOS Foam Cleanser"},"content":{"rendered":"<h4><strong>Niisutav, h\u00fcpoallergiline ja kergelt happeline puhastaja ei muuda nahka kuivaks<\/strong><\/h4>\n<p><strong>H\u00fcpoallergeenne, \u00f5rnalt happeline puhastusvahend, mis eemaldab t\u00f5husalt rasu ja j\u00e4\u00e4kaineid, kuna sisaldab nelja t\u00fc\u00fcpi happeid, mis aitavad surnud nahka hooldada, ja kookosp\u00e4hklitest saadud puuviljade pindaktiivne aine aitab pesta n\u00e4gu ilma nahka \u00e4rritamata.<\/strong><\/p>\n<ul>\n<li><strong>Kookosest saadud puuviljade pindaktiivne aine<\/strong><br \/>\nLooduslik taimne kookosp\u00e4hklist saadud pindaktiivne aine tekitab rikkaliku ja tiheda vahu, mis eemaldab pooridest j\u00e4\u00e4kained, nahalt mustuse ja meigi ning j\u00e4tab naha siledaks ning niisutatuks.<\/li>\n<li><strong>H\u00fcpoallergliline ja kergelt happeline puhastaja sobib ka probleemsele nahale, n\u00e4iteks akne korral<\/strong><br \/>\nTegemist on aknele kalduva naha leevendamise funktsiooniga sertifitseeritud pH-tasemega kergelt happelise vahuga puhastusvahen<br \/>\ndiga, mis sobib tundlikule nahale ilma \u00e4rrituseta ning eemaldab kergesti j\u00e4\u00e4kaineid ja tedret\u00e4hne naha pooridest. Lisaks on sellel kliinilise testi j\u00e4rgi \u00fchekordsel kasutamisel ajutine tedret\u00e4hni (valgepea) parandav toime 43%.<\/li>\n<li><strong>V\u00f5imas puhastav efekt<\/strong><br \/>\nSisaldab nelja t\u00fc\u00fcpi happeid, AHA, BHA, PHA ja LHA, mis \u00f5rnalt lahustavad epidermiselt surnud nahakarakud, puhastavad ja silendavad naha pinda, t\u00f5stes naha imendamisv\u00f5imet.<\/li>\n<li><strong>Niisutav ja rahustav samaaeglselt.<\/strong><br \/>\nSee sisaldab 6-Cica Complexi, mis on t\u00f5husalt nahka rahustav, ning aloe vera lehtede ekstrakti ja allantoiini, mis \u00fchtaegu t\u00f5husalt niisutavad ja rahustavad nahka, seejuures tekitamata naha pingulolekut v\u00f5i ebamugavust.<\/li>\n<\/ul>","protected":false},"excerpt":{"rendered":"<p>Facial cleansing cream-foam. Slightly acidic foam cleanses the skin of excess oil, dirt and makeup residue and soothes irritated skin. Helps effectively remove and prevent the formation of comedones. Suitable for acne and combination skin, sensitive and dry skin. DOES NOT IRRITATE! 120ml<\/p>","protected":false},"featured_media":997,"template":"","meta":{"_acf_changed":false},"product_brand":[158],"product_cat":[166],"product_tag":[178,190,181,182,186,179,180,189],"class_list":{"0":"post-245","1":"product","2":"type-product","3":"status-publish","4":"has-post-thumbnail","6":"product_brand-fau","7":"product_cat-naopuhastus","8":"product_tag-akne-ja-akneilmingud","9":"product_tag-arritunud-ja-voi-kuiv-nahk","10":"product_tag-esimesed-kortsud-30","11":"product_tag-kortsud-ja-lotvunud-nahk","12":"product_tag-pigmendiprobleemid","13":"product_tag-rasune-ja-kombineeritud-nahk","14":"product_tag-rosaatsea-ja-kuperroosa","15":"product_tag-tundlik","17":"first","18":"instock","19":"sale","20":"taxable","21":"shipping-taxable","22":"purchasable","23":"product-type-simple"},"acf":[],"_links":{"self":[{"href":"https:\/\/test.velvetskin.ee\/en\/wp-json\/wp\/v2\/product\/245","targetHints":{"allow":["GET"]}}],"collection":[{"href":"https:\/\/test.velvetskin.ee\/en\/wp-json\/wp\/v2\/product"}],"about":[{"href":"https:\/\/test.velvetskin.ee\/en\/wp-json\/wp\/v2\/types\/product"}],"version-history":[{"count":10,"href":"https:\/\/test.velvetskin.ee\/en\/wp-json\/wp\/v2\/product\/245\/revisions"}],"predecessor-version":[{"id":3922,"href":"https:\/\/test.velvetskin.ee\/en\/wp-json\/wp\/v2\/product\/245\/revisions\/3922"}],"wp:featuredmedia":[{"embeddable":true,"href":"https:\/\/test.velvetskin.ee\/en\/wp-json\/wp\/v2\/media\/997"}],"wp:attachment":[{"href":"https:\/\/test.velvetskin.ee\/en\/wp-json\/wp\/v2\/media?parent=245"}],"wp:term":[{"taxonomy":"product_brand","embeddable":true,"href":"https:\/\/test.velvetskin.ee\/en\/wp-json\/wp\/v2\/product_brand?post=245"},{"taxonomy":"product_cat","embeddable":true,"href":"https:\/\/test.velvetskin.ee\/en\/wp-json\/wp\/v2\/product_cat?post=245"},{"taxonomy":"product_tag","embeddable":true,"href":"https:\/\/test.velvetskin.ee\/en\/wp-json\/wp\/v2\/product_tag?post=245"}],"curies":[{"name":"wp","href":"https:\/\/api.w.org\/{rel}","templated":true}]}}