{"id":2451,"date":"2025-01-15T17:17:21","date_gmt":"2025-01-15T15:17:21","guid":{"rendered":"https:\/\/test.velvetskin.ee\/?post_type=product&#038;p=2451"},"modified":"2025-11-26T22:41:00","modified_gmt":"2025-11-26T20:41:00","slug":"radiance-luminous-facial-gel-cream","status":"publish","type":"product","link":"https:\/\/test.velvetskin.ee\/en\/product\/radiance-luminous-facial-gel-cream\/","title":{"rendered":"Radiance Luminous Facial Gel Cream"},"content":{"rendered":"<p>Niisutav, s\u00e4raandev ja p\u00f5letikuvastane geelkreem, sobib segat\u00fc\u00fcpi ja\/v\u00f5i rasusele nahale.<\/p>\n<p>Antioks\u00fcdantide rikas n\u00e4okreem, mis sobib probleemsele, rasusele v\u00f5i kombineeritud nahale.<\/p>\n<p><strong>Kasutusjuhend:<\/strong><br \/>\nKanna ringjate liigutustega n\u00e4ole, kaelale ja dekolteele hommikul ja \/ v\u00f5i \u00f5htul.<\/p>\n<p><strong>Aktiivained:<br \/>\n<\/strong>100% Argaania \u00f5li, \u00f6ko sertifikaadiga<br \/>\nFerulichape<br \/>\nPhytosterol<\/p>","protected":false},"excerpt":{"rendered":"<p>Antioks\u00fcdantide rikas geelkreem, mis sobib segat\u00fc\u00fcpi ja\/v\u00f5i rasusele nahale. V\u00e4hendab p\u00f5letikulised protsessid nahal, annab s\u00e4ra ja niisutust.<br \/>\nKasutusjuhend: Kanna ringjate liigutustega n\u00e4ole, kaelale ja dekolteele hommikul ja \/ v\u00f5i \u00f5htul.<\/p>\n<p>&nbsp;<\/p>","protected":false},"featured_media":3184,"template":"","meta":{"_acf_changed":false},"product_brand":[159],"product_cat":[169],"product_tag":[178,179,180],"class_list":{"0":"post-2451","1":"product","2":"type-product","3":"status-publish","4":"has-post-thumbnail","6":"product_brand-inlab","7":"product_cat-kreemid","8":"product_tag-akne-ja-akneilmingud","9":"product_tag-rasune-ja-kombineeritud-nahk","10":"product_tag-rosaatsea-ja-kuperroosa","12":"first","13":"instock","14":"sale","15":"taxable","16":"shipping-taxable","17":"purchasable","18":"product-type-simple"},"acf":[],"_links":{"self":[{"href":"https:\/\/test.velvetskin.ee\/en\/wp-json\/wp\/v2\/product\/2451","targetHints":{"allow":["GET"]}}],"collection":[{"href":"https:\/\/test.velvetskin.ee\/en\/wp-json\/wp\/v2\/product"}],"about":[{"href":"https:\/\/test.velvetskin.ee\/en\/wp-json\/wp\/v2\/types\/product"}],"version-history":[{"count":8,"href":"https:\/\/test.velvetskin.ee\/en\/wp-json\/wp\/v2\/product\/2451\/revisions"}],"predecessor-version":[{"id":3997,"href":"https:\/\/test.velvetskin.ee\/en\/wp-json\/wp\/v2\/product\/2451\/revisions\/3997"}],"wp:featuredmedia":[{"embeddable":true,"href":"https:\/\/test.velvetskin.ee\/en\/wp-json\/wp\/v2\/media\/3184"}],"wp:attachment":[{"href":"https:\/\/test.velvetskin.ee\/en\/wp-json\/wp\/v2\/media?parent=2451"}],"wp:term":[{"taxonomy":"product_brand","embeddable":true,"href":"https:\/\/test.velvetskin.ee\/en\/wp-json\/wp\/v2\/product_brand?post=2451"},{"taxonomy":"product_cat","embeddable":true,"href":"https:\/\/test.velvetskin.ee\/en\/wp-json\/wp\/v2\/product_cat?post=2451"},{"taxonomy":"product_tag","embeddable":true,"href":"https:\/\/test.velvetskin.ee\/en\/wp-json\/wp\/v2\/product_tag?post=2451"}],"curies":[{"name":"wp","href":"https:\/\/api.w.org\/{rel}","templated":true}]}}