{"id":2455,"date":"2025-01-15T17:20:02","date_gmt":"2025-01-15T15:20:02","guid":{"rendered":"https:\/\/test.velvetskin.ee\/?post_type=product&#038;p=2455"},"modified":"2025-11-26T22:41:00","modified_gmt":"2025-11-26T20:41:00","slug":"radiance-cream-urban","status":"publish","type":"product","link":"https:\/\/test.velvetskin.ee\/en\/product\/radiance-cream-urban\/","title":{"rendered":"Radiance Cream Urban"},"content":{"rendered":"<p>S\u00e4raandev n\u00e4okreem kullaga, argaania\u00f5li ja Pycnogenol\u00ae-iga. V\u00f5imas antioks\u00fcdantne toime. Imeline n\u00e4okreem, mis elustab ja toidab, \u00fchendades vananemisvastase ja fotovananemisvastase toime. Pinguldav toime, mis korrigeerib peeneid kortse ja miimikajooni. Naha jumet \u00fchtlustav toime.<\/p>\n<p>Formuleeritud tipptasemel toimeainetega: Pycnogenol\u00ae on aktiivne koostisosa, mis kinnitub nahale, avaldades kaitsvat m\u00f5ju elastiini ja kollageeni suhtes, hoides naha pikaks ajaks pingul ja elastsena. Argatensyl\u00ae on uuenduslik toimeaine,mis hoiab \u00e4ra kortsude tekke. Selle toimeainete hulka kuulub argaania\u00f5li, mis annab nahale regeneratiivsed, toitvad ja niisutavad omadused.<\/p>\n<p><strong>Kasutusjuhend:<\/strong><br \/>\nKanna ringjate liigutustega ideaalselt puhtale n\u00e4ole, kaelale ja dekolteele, v\u00e4ltides silma\u00fcmbrust. Kanna hommikul ja\/v\u00f5i \u00f5htul.<\/p>\n<p><strong>Koostisained:<\/strong><br \/>\nMagusa mandli \u00f5li<br \/>\nArgaania\u00f5li<br \/>\nPycnogenol\u00ae<br \/>\nArgatensyl\u00ae<br \/>\nGreibi\u00f5li<br \/>\nMandariini \u00f5li<br \/>\nApelsini\u00f5li<br \/>\nE-vitamiin<br \/>\n24-karaadine kuld<\/p>","protected":false},"excerpt":{"rendered":"<p>S\u00e4raandev n\u00e4okreem kullaga, argaania\u00f5li ja Pycnogenol\u00ae-iga. V\u00f5imas antioks\u00fcdantne toime. Imeline n\u00e4ohooldus, mis elustab ja toidab, \u00fchendades vananemisvastase ja fotovananemisvastase toime. Pinguldav toime, mis korrigeerib peeneid kortse ja miimikajooni nin jumet \u00fchtlustav toime.<br \/>\nKasutamine: kanna kreemi masserides puhtale nahale hommikul ja\/v\u00f5i \u00f5htul.<\/p>","protected":false},"featured_media":3183,"template":"","meta":{"_acf_changed":false},"product_brand":[159],"product_cat":[169],"product_tag":[181,182,183],"class_list":{"0":"post-2455","1":"product","2":"type-product","3":"status-publish","4":"has-post-thumbnail","6":"product_brand-inlab","7":"product_cat-kreemid","8":"product_tag-esimesed-kortsud-30","9":"product_tag-kortsud-ja-lotvunud-nahk","10":"product_tag-tuhm-ja-sara-kaotanud-nahk","12":"first","13":"instock","14":"sale","15":"taxable","16":"shipping-taxable","17":"purchasable","18":"product-type-simple"},"acf":[],"_links":{"self":[{"href":"https:\/\/test.velvetskin.ee\/en\/wp-json\/wp\/v2\/product\/2455","targetHints":{"allow":["GET"]}}],"collection":[{"href":"https:\/\/test.velvetskin.ee\/en\/wp-json\/wp\/v2\/product"}],"about":[{"href":"https:\/\/test.velvetskin.ee\/en\/wp-json\/wp\/v2\/types\/product"}],"version-history":[{"count":8,"href":"https:\/\/test.velvetskin.ee\/en\/wp-json\/wp\/v2\/product\/2455\/revisions"}],"predecessor-version":[{"id":3998,"href":"https:\/\/test.velvetskin.ee\/en\/wp-json\/wp\/v2\/product\/2455\/revisions\/3998"}],"wp:featuredmedia":[{"embeddable":true,"href":"https:\/\/test.velvetskin.ee\/en\/wp-json\/wp\/v2\/media\/3183"}],"wp:attachment":[{"href":"https:\/\/test.velvetskin.ee\/en\/wp-json\/wp\/v2\/media?parent=2455"}],"wp:term":[{"taxonomy":"product_brand","embeddable":true,"href":"https:\/\/test.velvetskin.ee\/en\/wp-json\/wp\/v2\/product_brand?post=2455"},{"taxonomy":"product_cat","embeddable":true,"href":"https:\/\/test.velvetskin.ee\/en\/wp-json\/wp\/v2\/product_cat?post=2455"},{"taxonomy":"product_tag","embeddable":true,"href":"https:\/\/test.velvetskin.ee\/en\/wp-json\/wp\/v2\/product_tag?post=2455"}],"curies":[{"name":"wp","href":"https:\/\/api.w.org\/{rel}","templated":true}]}}