{"id":2496,"date":"2025-01-16T16:57:30","date_gmt":"2025-01-16T14:57:30","guid":{"rendered":"https:\/\/test.velvetskin.ee\/?post_type=product&#038;p=2496"},"modified":"2025-11-25T21:34:12","modified_gmt":"2025-11-25T19:34:12","slug":"lifting-pack","status":"publish","type":"product","link":"https:\/\/test.velvetskin.ee\/en\/product\/lifting-pack\/","title":{"rendered":"Inlab Medical Lifting Pack"},"content":{"rendered":"<p>Sisaldab:<\/p>\n<ul>\n<li>BOTXLIKE PURE SERUM botoxi efektiga seerum<\/li>\n<li>DMAE 3% PURE SERUM niisutav ja kortsukesi siluv seerum<\/li>\n<li>LIFTING CREAM kortse siluv n\u00e4okreem<\/li>\n<li>ADVANCED REPAIR EYE CREAM silmakreem<\/li>\n<\/ul>\n<p><strong>Kasutamine:<\/strong> Botxlike seerum hommikul puhtale nahale, kanna peale Lifting kreem ja silmadele kreem. DMAE 3% seerum kanna puhtale nahale \u00f5htul, kanna peale Lifting kreem ja soovikorral silmakreem.<\/p>\n<ul>\n<li>BOTXLIKE PURE SERUM botoxi efektiga seerum<br \/>\nBOTXLIKE PURE SERUM N\u00e4oseerum botoxi efekti peptiididega. Tuntud kui t\u00f5hus vahend peenikeste miimikakortsude v\u00e4hendamiseks. Peamiselt vananemisvastane koostisosa. Kasutusjuhend: Kanna n\u00e4ole, kaelale ja dekolteele \u00f5rnalt masseerides.<\/li>\n<li>DMAE 3% PURE SERUM niisutav ja kortsukesi siluv seerum<br \/>\nDMAE 3% PURE SERUM N\u00e4oseerum, mis stimuleerib kollageeni s\u00fcnteesi. Parandab naha tekstuuri ja niisutust oma tugeva pinguldava toimeainete t\u00f5ttu.<br \/>\nKasutusjuhend: Kanna n\u00e4ole, kaelale ja dekolteele \u00f5rnalt masseerides. V\u00e4ldi kokkupuudet<br \/>\nlimaskestade ja haavadega.<\/li>\n<li>LIFTING CREAM kortse siluv n\u00e4okreem<br \/>\nPinguldav n\u00e4okreem aaloe vera, vetikate ja h\u00fcaluroonhappega, mis niisutab ja<br \/>\npinguldab nahka.<br \/>\nKasutusjuhend: Kandke ringjate liigutustega t\u00e4iesti puhtale n\u00e4ole, kaelale ja<br \/>\ndekolteele, v\u00e4ltides silmade \u00fcmbrust. Kandke hommikul v\u00f5i \u00f5htul.<br \/>\nKoostisosad:<br \/>\nAaloe Vera<br \/>\nEnteromorpha vetikad<br \/>\nMere gl\u00fckogeen<br \/>\nH\u00fcaluroonhape<br \/>\nKoens\u00fc\u00fcm Q10<br \/>\nSheav\u00f5i<br \/>\nMakadaamia<br \/>\nMagusamandli\u00f5li<br \/>\nVitamiin E<br \/>\nPorgand<br \/>\nPeptiidid<\/li>\n<li>ADVANCED REPAIR EYE CREAM silmakreem . Toote omadused: T\u00e4iustatud taastav on uus silmakontuur Inlab Medicalilt, nende Urban Cosmeticsi sarjas. Sisaldab niatsiinamiidi v\u00f5i B3-vitamiini, mis aitab v\u00e4hendada tumedaid ringe ja kortse silmade \u00fcmber. Piimhape on alfa-h\u00fcdroks\u00fchape, mida on juba Cleopatra ajast vananemisvastase toimeainena kasutanud. See stimuleerib kollageeni ja elastiini s\u00fcnteesi.<\/li>\n<\/ul>","protected":false},"excerpt":{"rendered":"<p>Kortsukesi siluv komplekt.<br \/>\n\u2022 BOTXLIKE PURE SERUM botoxi efektiga seerum<br \/>\n\u2022 DMAE 3% PURE SERUM niisutav ja kortsukesi siluv seerum<br \/>\n\u2022 LIFTING CREAM kortse siluv n\u00e4okreem<br \/>\n\u2022 ADVANCED REPAIR EYE CREAM silmakreem<\/p>","protected":false},"featured_media":2498,"template":"","meta":{"_acf_changed":false},"product_brand":[159],"product_cat":[168,169,192],"product_tag":[182],"class_list":{"0":"post-2496","1":"product","2":"type-product","3":"status-publish","4":"has-post-thumbnail","6":"product_brand-inlab","7":"product_cat-ampulli-seerumid","8":"product_cat-kreemid","9":"product_cat-sooduskomplektid","10":"product_tag-kortsud-ja-lotvunud-nahk","12":"first","13":"instock","14":"sale","15":"taxable","16":"shipping-taxable","17":"purchasable","18":"product-type-simple"},"acf":[],"_links":{"self":[{"href":"https:\/\/test.velvetskin.ee\/en\/wp-json\/wp\/v2\/product\/2496","targetHints":{"allow":["GET"]}}],"collection":[{"href":"https:\/\/test.velvetskin.ee\/en\/wp-json\/wp\/v2\/product"}],"about":[{"href":"https:\/\/test.velvetskin.ee\/en\/wp-json\/wp\/v2\/types\/product"}],"version-history":[{"count":10,"href":"https:\/\/test.velvetskin.ee\/en\/wp-json\/wp\/v2\/product\/2496\/revisions"}],"predecessor-version":[{"id":4000,"href":"https:\/\/test.velvetskin.ee\/en\/wp-json\/wp\/v2\/product\/2496\/revisions\/4000"}],"wp:featuredmedia":[{"embeddable":true,"href":"https:\/\/test.velvetskin.ee\/en\/wp-json\/wp\/v2\/media\/2498"}],"wp:attachment":[{"href":"https:\/\/test.velvetskin.ee\/en\/wp-json\/wp\/v2\/media?parent=2496"}],"wp:term":[{"taxonomy":"product_brand","embeddable":true,"href":"https:\/\/test.velvetskin.ee\/en\/wp-json\/wp\/v2\/product_brand?post=2496"},{"taxonomy":"product_cat","embeddable":true,"href":"https:\/\/test.velvetskin.ee\/en\/wp-json\/wp\/v2\/product_cat?post=2496"},{"taxonomy":"product_tag","embeddable":true,"href":"https:\/\/test.velvetskin.ee\/en\/wp-json\/wp\/v2\/product_tag?post=2496"}],"curies":[{"name":"wp","href":"https:\/\/api.w.org\/{rel}","templated":true}]}}