{"id":250,"date":"2024-05-28T17:38:51","date_gmt":"2024-05-28T14:38:51","guid":{"rendered":"https:\/\/test.velvetskin.ee\/?post_type=product&#038;p=250"},"modified":"2025-11-25T21:34:08","modified_gmt":"2025-11-25T19:34:08","slug":"skin-solution-sos-cream","status":"publish","type":"product","link":"https:\/\/test.velvetskin.ee\/en\/product\/skin-solution-sos-cream\/","title":{"rendered":"Skin Solution SOS Cream"},"content":{"rendered":"<h4>Intensiivselt hooldav ja tasakaalustav kreem<\/h4>\n<p><strong>Sisaldab 71% aloe vera baasi ja v\u00e4ga toitvaid rahustavaid koostisosi, mis rahustavad tundlikku nahka ja kaitse<\/strong><strong>vad kahjustatud nahka.<\/strong><\/p>\n<ul>\n<li><strong>Rahustab punast ja tundlikku nahka.<\/strong><br \/>\nNiisutab ja rahustab p\u00f5hjalikult tundlikku, punetavat ja kuiva nahka, sest sisaldab suures kontsentratsioonis centella asiaticat, kummelit, saialille ekstrakti ja annantoiini. Igap\u00e4evasel kasutamisel taastav naha tervisliku seisundi.<\/li>\n<li><strong>Taruvaik v\u00e4hendab p\u00f5letikku.<\/strong><br \/>\nSisaldab antibakteriaalset taruvaiku, mis on t\u00f5hus p\u00f5letikuv\u00e4hendaja ja tugevdab nahabarj\u00e4\u00e4ri.<\/li>\n<li><strong>715Centella asiatica ekstrakti puhastatud vee asemel.<\/strong><br \/>\nPuhastatud vee asemel sisaldab see peamise koostisosana 71% Centella asiatica ekstrakti, mis on t\u00f5hus naha rahustaja ja sobib kahjustatud ning tundlikule nahale.<\/li>\n<li><strong>Ei sisalda kunstlikke v\u00e4rvi-, l\u00f5hna- ega s\u00e4ilitusaineid.<\/strong><br \/>\nTaruvaigu tugevalt looduslikku l\u00f5hna v\u00e4hendavad apelsini ja grapefruidi naturaalsed \u00f5rnad aroomi\u00f5lid, toode ei l\u00f5hna liiga tugevalt ning samuti ei pea te muretsema ei v\u00e4rv- ega s\u00e4ilitusainete p\u00e4rast-toode on testitud ja nahale ohutu!<\/li>\n<\/ul>","protected":false},"excerpt":{"rendered":"<p>Moisturizing cream provides a feeling of comfort and soothes, restoring the skin's healthy condition thanks to aloe vera, centella asiatica, propolis extract and allantoin. With a lighter texture, it is well suited for combination skin. 80g<\/p>","protected":false},"featured_media":999,"template":"","meta":{"_acf_changed":false},"product_brand":[158],"product_cat":[169],"product_tag":[178,179],"class_list":{"0":"post-250","1":"product","2":"type-product","3":"status-publish","4":"has-post-thumbnail","6":"product_brand-fau","7":"product_cat-kreemid","8":"product_tag-akne-ja-akneilmingud","9":"product_tag-rasune-ja-kombineeritud-nahk","11":"first","12":"instock","13":"sale","14":"taxable","15":"shipping-taxable","16":"purchasable","17":"product-type-simple"},"acf":[],"_links":{"self":[{"href":"https:\/\/test.velvetskin.ee\/en\/wp-json\/wp\/v2\/product\/250","targetHints":{"allow":["GET"]}}],"collection":[{"href":"https:\/\/test.velvetskin.ee\/en\/wp-json\/wp\/v2\/product"}],"about":[{"href":"https:\/\/test.velvetskin.ee\/en\/wp-json\/wp\/v2\/types\/product"}],"version-history":[{"count":9,"href":"https:\/\/test.velvetskin.ee\/en\/wp-json\/wp\/v2\/product\/250\/revisions"}],"predecessor-version":[{"id":3923,"href":"https:\/\/test.velvetskin.ee\/en\/wp-json\/wp\/v2\/product\/250\/revisions\/3923"}],"wp:featuredmedia":[{"embeddable":true,"href":"https:\/\/test.velvetskin.ee\/en\/wp-json\/wp\/v2\/media\/999"}],"wp:attachment":[{"href":"https:\/\/test.velvetskin.ee\/en\/wp-json\/wp\/v2\/media?parent=250"}],"wp:term":[{"taxonomy":"product_brand","embeddable":true,"href":"https:\/\/test.velvetskin.ee\/en\/wp-json\/wp\/v2\/product_brand?post=250"},{"taxonomy":"product_cat","embeddable":true,"href":"https:\/\/test.velvetskin.ee\/en\/wp-json\/wp\/v2\/product_cat?post=250"},{"taxonomy":"product_tag","embeddable":true,"href":"https:\/\/test.velvetskin.ee\/en\/wp-json\/wp\/v2\/product_tag?post=250"}],"curies":[{"name":"wp","href":"https:\/\/api.w.org\/{rel}","templated":true}]}}