{"id":2505,"date":"2025-01-16T17:09:07","date_gmt":"2025-01-16T15:09:07","guid":{"rendered":"https:\/\/test.velvetskin.ee\/?post_type=product&#038;p=2505"},"modified":"2025-11-25T21:34:12","modified_gmt":"2025-11-25T19:34:12","slug":"inlab-hydration-pack","status":"publish","type":"product","link":"https:\/\/test.velvetskin.ee\/en\/product\/inlab-hydration-pack\/","title":{"rendered":"Inlab Medical Hydration Pack"},"content":{"rendered":"<p>Sisaldab:<\/p>\n<ul>\n<li>HYALURONIC SEERUM 2% h\u00fcaluroonhappe seerum<\/li>\n<li>BIOPLASMA 5% SERUM Bioplasma seerum<\/li>\n<li>RADIANCE CREAM URBAN s\u00e4raandev n\u00e4okreem<\/li>\n<li>ADVANCED REPAIR EYE CREAM silmakreem<\/li>\n<\/ul>\n<p><strong>Kasutamine:<\/strong> H\u00fcaluroonhappe seerum hommikul puhtale nahale, kanna peale Radiance kreem ja silmadele kreem. Bioplasma seerum kanna puhtale nahale \u00f5htul, kanna peale Radiance kreem ja soovikorral silmakreem.<\/p>\n<p><strong>Hydration pack:<\/strong><\/p>\n<ul>\n<li>H\u00dcALUROONSEERUM 2% H\u00fcaluroonhappe Seerum<br \/>\nN\u00e4oseerum suure h\u00fcaluroonhappe kontsentratsiooniga. Saavutab<br \/>\nhelendava ja siledama naha v\u00e4limuse. Aitab suurendada naha niisutust.<br \/>\nAktiivsed koostisosad: H\u00fcaluroonhape: Seda kasutatakse epidermise niisutamiseks,<br \/>\nkuna see taastab naha kudede toetamiseks vajalikke kiude, andes sellele parema vormi.<br \/>\nH\u00fcaluroonhape muudab naha pehmeks,siledaks ja elastseks.<\/li>\n<li>BIOPLASMA 5% Seerum<br \/>\nVananemisvastane toime ja rakkude uuenemise stimuleerimine.<br \/>\nAktiivsed koostisosad:<br \/>\nPeptiidid: Need ergutavad naha ainevahetust ja tagavad pikaajaliselt elut\u00e4htsate raku funktsioonid.<br \/>\nBIOPLASMA \u00fcldine aminohapete koostis sisaldab m\u00e4rkimisv\u00e4\u00e4rset protsenti<br \/>\nessentsiaalseid aminohappeid, mida organism ei s\u00fcnteesi. Seega tagab BIOPLASMA raku<br \/>\ntoiteainete otsese varustamise, mis on vajalik bioloogilise tasakaalu s\u00e4ilitamiseks. Neid<br \/>\naminohappeid kasutatakse valkude, n\u00e4iteks kollageeni, elastiini v\u00f5i keratiini s\u00fcnteesimiseks.<br \/>\nHamamelis Virginiana (N\u00f5iapuu): V\u00f5imas veresooni ahendav toime k\u00f5rge flavonoidide<br \/>\nsisalduse t\u00f5ttu. Veenitooniline ja veresooni kaitsev. V\u00e4hendab vere kapillaaride l\u00e4bilaskvust.<br \/>\nHarilik Hobukastan (Aesculus Hippocastanum): P\u00f5letikuvastased ja tursev\u00e4hendavad<br \/>\nomadused tulenevad peamiselt terpeensaponiinide (10%) ja eriti essiini sisaldusest. Essiin<br \/>\ntoimib sidekudedele ja rakumembraanidele.<\/li>\n<li>S\u00c4RAANDEV N\u00c4OKREEM<br \/>\nAktiivsed koostrisosad: 100% Puhas Argaania\u00f5li: Ecocert sertifikaadiga, saadud<br \/>\nArgaania puu tuuma viljast (Argania Spinosa) kasutades ainult mehaanilist k\u00fclmpressimist,<br \/>\nseega on see puhas aktiivne koostisosa, \u00f6koloogiline kosmeetika, kemikaalivaba ja l\u00f5hnatu.<br \/>\nArgaania\u00f5li koosneb kuni 80% essentsiaalsetest rasvhapetest, andes sellele k\u00f5rged<br \/>\nantioks\u00fcdantsed, p\u00f5letikuvastased, taastava- ja vananemisvastased omadused. Taastab<br \/>\nnaha ja kaitseb seda vabade radikaalide p\u00f5hjustatud oks\u00fcdatsiooni eest.<br \/>\nOmega 6 rasvhape on pol\u00fck\u00fcllastamata rasvhape (linoolhape), mis leidub k\u00f5rgetes kontsentratsioonides argaania\u00f5lis. Nahk kasutab seda toitainena, taastades h\u00fcdrolipiidikihi, suurendades niiskust ja v\u00e4hendades kortsude tekkimist.<br \/>\nPycnogenol: Flavonoidide ja orgaaniliste hapete segu, pakkudes imelisi looduslikke omadusi. Pycnogenol ainulaadne segu aktiivsetest komponentidest omab nelja p\u00f5hivara: see on v\u00f5imas antioks\u00fcdant, toimib loodusliku p\u00f5letikuvastasena, aitab ehitada kollageeni ja h\u00fcaluroonhapet ning soodustab endoteeli l\u00e4mmastikoksiidi tootmist, mis aitab veresoontel laieneda. Kaitseb kollageeni ja elastiini. Suurendab naha elastsust. Aitab ennetada UV-kiirgust ja fotovananemist. Parandab naha mikrotsirkulatsiooni. On v\u00f5imasantioks\u00fcdant.<br \/>\nSobib nahat\u00fc\u00fcbile, millel on naha vananemise m\u00e4rke, kortsud, kuivus ja intensiivne tuhm jume. Kuperoosa ja punetan nahk.<\/li>\n<li>SILAMKREEM<br \/>\nToote omadused: T\u00e4iustatud taastav on uus silmakontuur Inlab Medicalilt, nende Urban Cosmeticsi sarjas. Sisaldab niatsiinamiidi v\u00f5i B3-vitamiini, mis aitab v\u00e4hendada tumedaid ringe ja kortse silmade \u00fcmber. Piimhape on alfa-h\u00fcdroks\u00fchape, mida on juba Cleopatra ajast vananemisvastase toimeainena kasutanud. See stimuleerib kollageeni ja elastiini s\u00fcnteesi.<\/li>\n<\/ul>","protected":false},"excerpt":{"rendered":"<p>Nahka niisutav komplekt:<br \/>\n\u2022 HYALURONIC SEERUM 2% h\u00fcaluroonhappe seerum<br \/>\n\u2022 BIOPLASMA 5% SERUM Bioplasma seerum<br \/>\n\u2022 RADIANCE CREAM URBAN s\u00e4raandev n\u00e4okreem<br \/>\n\u2022 ADVANCED REPAIR EYE CREAM silmakreem<\/p>","protected":false},"featured_media":2507,"template":"","meta":{"_acf_changed":false},"product_brand":[159],"product_cat":[169],"product_tag":[181,182,180,183],"class_list":{"0":"post-2505","1":"product","2":"type-product","3":"status-publish","4":"has-post-thumbnail","6":"product_brand-inlab","7":"product_cat-kreemid","8":"product_tag-esimesed-kortsud-30","9":"product_tag-kortsud-ja-lotvunud-nahk","10":"product_tag-rosaatsea-ja-kuperroosa","11":"product_tag-tuhm-ja-sara-kaotanud-nahk","13":"first","14":"outofstock","15":"sale","16":"taxable","17":"shipping-taxable","18":"purchasable","19":"product-type-simple"},"acf":[],"_links":{"self":[{"href":"https:\/\/test.velvetskin.ee\/en\/wp-json\/wp\/v2\/product\/2505","targetHints":{"allow":["GET"]}}],"collection":[{"href":"https:\/\/test.velvetskin.ee\/en\/wp-json\/wp\/v2\/product"}],"about":[{"href":"https:\/\/test.velvetskin.ee\/en\/wp-json\/wp\/v2\/types\/product"}],"version-history":[{"count":10,"href":"https:\/\/test.velvetskin.ee\/en\/wp-json\/wp\/v2\/product\/2505\/revisions"}],"predecessor-version":[{"id":4002,"href":"https:\/\/test.velvetskin.ee\/en\/wp-json\/wp\/v2\/product\/2505\/revisions\/4002"}],"wp:featuredmedia":[{"embeddable":true,"href":"https:\/\/test.velvetskin.ee\/en\/wp-json\/wp\/v2\/media\/2507"}],"wp:attachment":[{"href":"https:\/\/test.velvetskin.ee\/en\/wp-json\/wp\/v2\/media?parent=2505"}],"wp:term":[{"taxonomy":"product_brand","embeddable":true,"href":"https:\/\/test.velvetskin.ee\/en\/wp-json\/wp\/v2\/product_brand?post=2505"},{"taxonomy":"product_cat","embeddable":true,"href":"https:\/\/test.velvetskin.ee\/en\/wp-json\/wp\/v2\/product_cat?post=2505"},{"taxonomy":"product_tag","embeddable":true,"href":"https:\/\/test.velvetskin.ee\/en\/wp-json\/wp\/v2\/product_tag?post=2505"}],"curies":[{"name":"wp","href":"https:\/\/api.w.org\/{rel}","templated":true}]}}