{"id":3064,"date":"2025-05-09T16:06:13","date_gmt":"2025-05-09T13:06:13","guid":{"rendered":"https:\/\/test.velvetskin.ee\/?post_type=product&#038;p=3064"},"modified":"2025-11-25T21:34:13","modified_gmt":"2025-11-25T19:34:13","slug":"carboxy-mask","status":"publish","type":"product","link":"https:\/\/test.velvetskin.ee\/en\/product\/carboxy-mask\/","title":{"rendered":"Carboxy Mask"},"content":{"rendered":"<div><strong>MIDA SEE TEEB<\/strong><\/div>\n<div>Eemaldab nahast toksiinid. Aitab puhastada naha pooridest kemikaale. Eemaldab surnud naharakud ja stimuleerib rakkude kasvu, muutes naha elastseks, pehmeks ja siledaks. Suurep\u00e4rane rasuse ja aknele kalduva naha puhastamiseks.<\/div>\n<div><strong>AKTIIVSED TOIMEAINED<\/strong><\/div>\n<div>S\u00fcsi: Paljud Aasia tsivilisatsioonid on sajandeid kasutanud s\u00fctt. Jaapanlased on seda kasutanud toidulisandina organismi puhastamiseks, kuna see suudab siduda ja eemaldada seedes\u00fcsteemi j\u00e4\u00e4kaineid. See on poorne materjal, millel on suurep\u00e4rased imamisomadused. Selline poorne struktuur v\u00f5imaldab tal neelata ja filtreerida kahjulikke kemikaale, toksiine ning mitmesuguseid orgaanilisi ja anorgaanilisi ebapuhtusi.<\/div>\n<div>Bambuss\u00fcsi: Valmistatud Moso bambusest, mille struktuur koosneb kuusnurksetest s\u00fcsinikumolekulidest, mis on omavahel \u00fchendatud. Bambuss\u00fcsi on keskkonnas\u00f5bralik materjal, millel on suurep\u00e4rased imamisomadused. Selle pindala on 300 m\u00b2\/g, mist\u00f5ttu on see ideaalne puhastaja ja niiskuse reguleerija.<\/div>","protected":false},"excerpt":{"rendered":"<div>Eemaldab nahast toksiinid. Aitab puhastada naha pooridest kemikaale. Eemaldab surnud naharakud ja stimuleerib rakkude kasvu, muutes naha elastseks, pehmeks ja siledaks. Suurep\u00e4rane rasuse ja aknele kalduva naha puhastamiseks.<\/div>","protected":false},"featured_media":3065,"template":"","meta":{"_acf_changed":false},"product_brand":[159],"product_cat":[172],"product_tag":[178,186,179],"class_list":{"0":"post-3064","1":"product","2":"type-product","3":"status-publish","4":"has-post-thumbnail","6":"product_brand-inlab","7":"product_cat-naomaskid","8":"product_tag-akne-ja-akneilmingud","9":"product_tag-pigmendiprobleemid","10":"product_tag-rasune-ja-kombineeritud-nahk","12":"first","13":"instock","14":"sale","15":"taxable","16":"shipping-taxable","17":"purchasable","18":"product-type-simple"},"acf":[],"_links":{"self":[{"href":"https:\/\/test.velvetskin.ee\/en\/wp-json\/wp\/v2\/product\/3064","targetHints":{"allow":["GET"]}}],"collection":[{"href":"https:\/\/test.velvetskin.ee\/en\/wp-json\/wp\/v2\/product"}],"about":[{"href":"https:\/\/test.velvetskin.ee\/en\/wp-json\/wp\/v2\/types\/product"}],"version-history":[{"count":1,"href":"https:\/\/test.velvetskin.ee\/en\/wp-json\/wp\/v2\/product\/3064\/revisions"}],"predecessor-version":[{"id":3066,"href":"https:\/\/test.velvetskin.ee\/en\/wp-json\/wp\/v2\/product\/3064\/revisions\/3066"}],"wp:featuredmedia":[{"embeddable":true,"href":"https:\/\/test.velvetskin.ee\/en\/wp-json\/wp\/v2\/media\/3065"}],"wp:attachment":[{"href":"https:\/\/test.velvetskin.ee\/en\/wp-json\/wp\/v2\/media?parent=3064"}],"wp:term":[{"taxonomy":"product_brand","embeddable":true,"href":"https:\/\/test.velvetskin.ee\/en\/wp-json\/wp\/v2\/product_brand?post=3064"},{"taxonomy":"product_cat","embeddable":true,"href":"https:\/\/test.velvetskin.ee\/en\/wp-json\/wp\/v2\/product_cat?post=3064"},{"taxonomy":"product_tag","embeddable":true,"href":"https:\/\/test.velvetskin.ee\/en\/wp-json\/wp\/v2\/product_tag?post=3064"}],"curies":[{"name":"wp","href":"https:\/\/api.w.org\/{rel}","templated":true}]}}