{"id":860,"date":"2024-07-09T19:42:54","date_gmt":"2024-07-09T16:42:54","guid":{"rendered":"https:\/\/test.velvetskin.ee\/?post_type=product&#038;p=860"},"modified":"2025-11-25T21:34:08","modified_gmt":"2025-11-25T19:34:08","slug":"shiny-pumpkin-vegan-jelly-plaastrid-naopiirkonnale","status":"publish","type":"product","link":"https:\/\/test.velvetskin.ee\/en\/product\/shiny-pumpkin-vegan-jelly-plaastrid-naopiirkonnale\/","title":{"rendered":"Shiny Pumpkin Vegan Jelly-pad"},"content":{"rendered":"<p><strong>Jahutava efektiga h\u00fcpoallergeensed Vegan Jelly Pad plaastrid n\u00e4opiirkonnale<\/strong><\/p>\n<p>\u2022 Sisaldab Korea noore k\u00f5rvitsa ekstrakti ja looduslikku k\u00f5rvitsa piimhappebaktereid, mis aitab kaasa naha tervenemisele ja silub kortsukesi. Rikastatud vitamiin C ga mis on tugev antioks\u00fcdant ning aitab helendada tumedaid silmaaluseid . FAU patendeeritud tehnoloogia, Moist\u2122 and Quality Hydrogel, tagab naha eriti tugeva niisutusega<\/p>\n<p>\u2022 Plaastrit nahale kandest tekib jahutav tunne ning rahustab \u00e4rritunud ja tundikku naha koheselt. Plaastrid p\u00fcsivad nahal v\u00e4ga h\u00e4sti, ei libise ning neid saab kanda erinevates n\u00e4opiirkondades<\/p>\n<p>\u2022 Vegan sertifitseeritud plaastrid sobivad ka k\u00f5ige tundlikumale nahale<\/p>","protected":false},"excerpt":{"rendered":"<p>Jahutava efektiga h\u00fcpoallergeensed Vegan Jelly Pad plaastrid n\u00e4opiirkonnale. 60 x 96g<\/p>","protected":false},"featured_media":866,"template":"","meta":{"_acf_changed":false},"product_brand":[158],"product_cat":[170],"product_tag":[182,180,187,183],"class_list":{"0":"post-860","1":"product","2":"type-product","3":"status-publish","4":"has-post-thumbnail","6":"product_brand-fau","7":"product_cat-silmaumbruse-hooldus","8":"product_tag-kortsud-ja-lotvunud-nahk","9":"product_tag-rosaatsea-ja-kuperroosa","10":"product_tag-silmaumbruse-probleemid","11":"product_tag-tuhm-ja-sara-kaotanud-nahk","13":"first","14":"instock","15":"sale","16":"taxable","17":"shipping-taxable","18":"purchasable","19":"product-type-simple"},"acf":[],"_links":{"self":[{"href":"https:\/\/test.velvetskin.ee\/en\/wp-json\/wp\/v2\/product\/860","targetHints":{"allow":["GET"]}}],"collection":[{"href":"https:\/\/test.velvetskin.ee\/en\/wp-json\/wp\/v2\/product"}],"about":[{"href":"https:\/\/test.velvetskin.ee\/en\/wp-json\/wp\/v2\/types\/product"}],"version-history":[{"count":8,"href":"https:\/\/test.velvetskin.ee\/en\/wp-json\/wp\/v2\/product\/860\/revisions"}],"predecessor-version":[{"id":3933,"href":"https:\/\/test.velvetskin.ee\/en\/wp-json\/wp\/v2\/product\/860\/revisions\/3933"}],"wp:featuredmedia":[{"embeddable":true,"href":"https:\/\/test.velvetskin.ee\/en\/wp-json\/wp\/v2\/media\/866"}],"wp:attachment":[{"href":"https:\/\/test.velvetskin.ee\/en\/wp-json\/wp\/v2\/media?parent=860"}],"wp:term":[{"taxonomy":"product_brand","embeddable":true,"href":"https:\/\/test.velvetskin.ee\/en\/wp-json\/wp\/v2\/product_brand?post=860"},{"taxonomy":"product_cat","embeddable":true,"href":"https:\/\/test.velvetskin.ee\/en\/wp-json\/wp\/v2\/product_cat?post=860"},{"taxonomy":"product_tag","embeddable":true,"href":"https:\/\/test.velvetskin.ee\/en\/wp-json\/wp\/v2\/product_tag?post=860"}],"curies":[{"name":"wp","href":"https:\/\/api.w.org\/{rel}","templated":true}]}}