{"id":1559,"date":"2024-11-26T11:19:35","date_gmt":"2024-11-26T11:19:35","guid":{"rendered":"https:\/\/test.velvetskin.ee\/?page_id=1559"},"modified":"2025-11-24T23:38:21","modified_gmt":"2025-11-24T21:38:21","slug":"muugitingimused","status":"publish","type":"page","link":"https:\/\/test.velvetskin.ee\/fi\/muugitingimused\/","title":{"rendered":"Myyntiehdot"},"content":{"rendered":"<div data-elementor-type=\"wp-page\" data-elementor-id=\"1559\" class=\"elementor elementor-1559\" data-elementor-post-type=\"page\">\n\t\t\t\t<div class=\"elementor-element elementor-element-153c5f7 e-flex e-con-boxed e-con e-parent\" data-id=\"153c5f7\" data-element_type=\"container\">\n\t\t\t\t\t<div class=\"e-con-inner\">\n\t\t\t\t<div class=\"elementor-element elementor-element-3344005 elementor-widget elementor-widget-heading\" data-id=\"3344005\" data-element_type=\"widget\" data-widget_type=\"heading.default\">\n\t\t\t\t<div class=\"elementor-widget-container\">\n\t\t\t\t\t<h2 class=\"elementor-heading-title elementor-size-default\">VELVETSKIN E-POE M\u00dc\u00dcGITINGIMUSED<\/h2>\t\t\t\t<\/div>\n\t\t\t\t<\/div>\n\t\t\t\t<div class=\"elementor-element elementor-element-f2e26b7 elementor-widget elementor-widget-text-editor\" data-id=\"f2e26b7\" data-element_type=\"widget\" data-widget_type=\"text-editor.default\">\n\t\t\t\t<div class=\"elementor-widget-container\">\n\t\t\t\t\t\t\t\t\t<h2>Tooteinfo ja hinnad<\/h2><ul><li>K\u00f5ik hinnad on eurodes ja sisaldavad Eestis kehtivat k\u00e4ibemaksu.<\/li><li>Toote hindadele lisandub tarnekulu, mis s\u00f5ltub tarneviisist ja asukohast; n\u00e4ed seda enne tellimuse kinnitamist.<\/li><li>Kampaaniahinnad kehtivad kampaania ajal.<\/li><\/ul><h2>Tellimuse esitamine<\/h2><ol><li>Vali toode ja lisa see ostukorvi.<\/li><li>Sisesta tarneaadress ja kontaktandmed.<\/li><li>Vali sobiv tarneviis ja makseviis.<\/li><li>Kinnita tellimus ja tasu turvalises maksekeskkonnas.<\/li><\/ol><p>Maksmine toimub teenusepakkuja turvalises keskkonnas v\u00e4ljaspool veebipoodi. Aktsepteerime kohalikke pangalinke ja kaardimakseid. Tellimus j\u00f5ustub p\u00e4rast makse laekumist.<\/p><h2>Tarneaeg ja vastutus<\/h2><ul><li>Tarneaeg on tavaliselt 1\u20135 t\u00f6\u00f6p\u00e4eva Eestis.<\/li><li>Kui toode on laost otsas, teavitame sind ja tagastame makse v\u00f5i lepime kokku uue tarneaja.<\/li><li>Vastutame toodete kvaliteedi ja kohaletoimetamise eest kuni nende \u00fcleandmiseni sinule v\u00f5i kullerile.<\/li><\/ul><h2>T\u00fchistamine ja tagastus<\/h2><ul><li>Sul on \u00f5igus lepingust taganeda 14 p\u00e4eva jooksul alates kauba k\u00e4ttesaamisest.<\/li><li>Taganemiseks saada vabas vormis kiri e-postiga. Kauba tagastamisega seotud otsesed kulud kannad sina.<\/li><li>Tagastatavad tooted peavad olema kasutamata ja originaalpakendis. Kosmeetikat ei saa tagastada, kui pakend on avatud tervise- ja h\u00fcgieenikaalutlustel.<\/li><li>Tagasimakse teeme 14 p\u00e4eva jooksul sama makseviisi kaudu.<\/li><\/ul><h2>Pretensioonid<\/h2><p>Kui toode on puudusega, v\u00f5ta meiega \u00fchendust kahe kuu jooksul puuduse avastamisest. Lahendame pretensiooni m\u00f5istliku aja jooksul. Kui ei j\u00f5ua kokkuleppele, on sul \u00f5igus p\u00f6\u00f6rduda tarbijakaitse ja tehnilise j\u00e4relevalve ameti poole.<\/p><h2>Muud tingimused<\/h2><p>Lepingule kohaldub Eesti Vabariigi \u00f5igus. Lahkarvamused lahendame l\u00e4bir\u00e4\u00e4kimiste teel v\u00f5i Harju Maakohtus.<\/p>\t\t\t\t\t\t\t\t<\/div>\n\t\t\t\t<\/div>\n\t\t\t\t\t<\/div>\n\t\t\t\t<\/div>\n\t\t<div class=\"elementor-element elementor-element-5088e2f e-flex e-con-boxed e-con e-parent\" data-id=\"5088e2f\" data-element_type=\"container\">\n\t\t\t\t\t<div class=\"e-con-inner\">\n\t\t\t\t<div class=\"elementor-element elementor-element-6cbef82 elementor-widget elementor-widget-spacer\" data-id=\"6cbef82\" data-element_type=\"widget\" data-widget_type=\"spacer.default\">\n\t\t\t\t<div class=\"elementor-widget-container\">\n\t\t\t\t\t\t\t<div class=\"elementor-spacer\">\n\t\t\t<div class=\"elementor-spacer-inner\"><\/div>\n\t\t<\/div>\n\t\t\t\t\t\t<\/div>\n\t\t\t\t<\/div>\n\t\t\t\t\t<\/div>\n\t\t\t\t<\/div>\n\t\t\t\t<\/div>","protected":false},"excerpt":{"rendered":"<p>VELVETSKIN E-POE M\u00dc\u00dcGITINGIMUSED Tooteinfo ja hinnad K\u00f5ik hinnad on eurodes ja sisaldavad Eestis kehtivat k\u00e4ibemaksu. Toote hindadele lisandub tarnekulu, mis s\u00f5ltub tarneviisist ja asukohast; n\u00e4ed seda enne tellimuse kinnitamist. Kampaaniahinnad kehtivad kampaania ajal. Tellimuse esitamine Vali toode ja lisa see ostukorvi. Sisesta tarneaadress ja kontaktandmed. Vali sobiv tarneviis ja makseviis. Kinnita tellimus ja tasu turvalises [&hellip;]<\/p>","protected":false},"author":2,"featured_media":0,"parent":0,"menu_order":0,"comment_status":"closed","ping_status":"closed","template":"","meta":{"_acf_changed":false,"footnotes":""},"class_list":["post-1559","page","type-page","status-publish","hentry"],"acf":[],"_links":{"self":[{"href":"https:\/\/test.velvetskin.ee\/fi\/wp-json\/wp\/v2\/pages\/1559","targetHints":{"allow":["GET"]}}],"collection":[{"href":"https:\/\/test.velvetskin.ee\/fi\/wp-json\/wp\/v2\/pages"}],"about":[{"href":"https:\/\/test.velvetskin.ee\/fi\/wp-json\/wp\/v2\/types\/page"}],"author":[{"embeddable":true,"href":"https:\/\/test.velvetskin.ee\/fi\/wp-json\/wp\/v2\/users\/2"}],"replies":[{"embeddable":true,"href":"https:\/\/test.velvetskin.ee\/fi\/wp-json\/wp\/v2\/comments?post=1559"}],"version-history":[{"count":40,"href":"https:\/\/test.velvetskin.ee\/fi\/wp-json\/wp\/v2\/pages\/1559\/revisions"}],"predecessor-version":[{"id":3912,"href":"https:\/\/test.velvetskin.ee\/fi\/wp-json\/wp\/v2\/pages\/1559\/revisions\/3912"}],"wp:attachment":[{"href":"https:\/\/test.velvetskin.ee\/fi\/wp-json\/wp\/v2\/media?parent=1559"}],"curies":[{"name":"wp","href":"https:\/\/api.w.org\/{rel}","templated":true}]}}