{"id":1900,"date":"2024-12-06T13:50:34","date_gmt":"2024-12-06T13:50:34","guid":{"rendered":"https:\/\/test.velvetskin.ee\/?page_id=1900"},"modified":"2025-11-24T23:32:20","modified_gmt":"2025-11-24T21:32:20","slug":"privaatsuspoliitika","status":"publish","type":"page","link":"https:\/\/test.velvetskin.ee\/fi\/privaatsuspoliitika\/","title":{"rendered":"Tietosuojak\u00e4yt\u00e4nt\u00f6"},"content":{"rendered":"<div data-elementor-type=\"wp-page\" data-elementor-id=\"1900\" class=\"elementor elementor-1900\" data-elementor-post-type=\"page\">\n\t\t\t\t<div class=\"elementor-element elementor-element-b1772b2 e-flex e-con-boxed e-con e-parent\" data-id=\"b1772b2\" data-element_type=\"container\">\n\t\t\t\t\t<div class=\"e-con-inner\">\n\t\t\t\t<div class=\"elementor-element elementor-element-90d3f68 elementor-widget elementor-widget-heading\" data-id=\"90d3f68\" data-element_type=\"widget\" data-widget_type=\"heading.default\">\n\t\t\t\t<div class=\"elementor-widget-container\">\n\t\t\t\t\t<h2 class=\"elementor-heading-title elementor-size-default\">Tietosuojak\u00e4yt\u00e4nt\u00f6<\/h2>\t\t\t\t<\/div>\n\t\t\t\t<\/div>\n\t\t\t\t<div class=\"elementor-element elementor-element-7aed56b elementor-widget elementor-widget-text-editor\" data-id=\"7aed56b\" data-element_type=\"widget\" data-widget_type=\"text-editor.default\">\n\t\t\t\t<div class=\"elementor-widget-container\">\n\t\t\t\t\t\t\t\t\tPrivaatsuspoliitika selgitab, kuidas kogume ja kasutame sinu isikuandmeid, kui ostad tooteid test.velvetskin.ee veebipoest.\n\nAndmed, mida kogume\n<ul>\n \t<li>tellimuse esitamisel: sinu nimi, aadress, telefon, e\u202fpost<\/li>\n \t<li>konto loomisel: kasutajanimi, e\u202fpost, ostuajalugu<\/li>\n \t<li>tellimuse t\u00e4itmiseks vajalikud makselahenduse metaandmed; makseteenuse pakkuja t\u00f6\u00f6tleb sinu kaartide v\u00f5i pangalingi andmeid, me ei n\u00e4e neid<\/li>\n \t<li>veebipoe kasutamise logi: IP\u202faadress, brauser, seadme t\u00fc\u00fcp<\/li>\n \t<li>k\u00fcpsised: vajalikud k\u00fcpsised sessiooni hoidmiseks; statistilised k\u00fcpsised anal\u00fc\u00fctica jaoks; turundusk\u00fcpsised reklaamide jaoks<\/li>\n<\/ul>\nMilleks andmeid kasutame\n<ul>\n \t<li>tellimuste vastuv\u00f5tmiseks, t\u00f6\u00f6tlemiseks ja kohaletoimetamiseks<\/li>\n \t<li>klienditeeninduseks ja probleemide lahendamiseks<\/li>\n \t<li>uudiskirjade ja kampaaniate saatmiseks, kui oled n\u00f5ustunud<\/li>\n \t<li>veebipoe parendamiseks statistika abil<\/li>\n<\/ul>\n\u00d5iguslik alus\n<ul>\n \t<li>lepingu t\u00e4itmine: sinu tellimuse t\u00e4itmine ja teenuste osutamine<\/li>\n \t<li>\u00f5igustatud huvi: veebipoe arendamine, turundus<\/li>\n \t<li>n\u00f5usolek: uudiskiri ja turunduslikud k\u00fcpsised<\/li>\n \t<li>seadusest tulenev kohustus: raamatupidamine ja tarbija\u00f5igused<\/li>\n<\/ul>\nAndmete s\u00e4ilitamine ja jagamine\n<ul>\n \t<li>s\u00e4ilitame andmeid nii kaua, kui on vaja lepingust tulenevate kohustuste t\u00e4itmiseks ja seadusest tuleneva raamatupidamise jaoks<\/li>\n \t<li>jagame andmeid tarnijate ja makselahenduse teenusepakkujatega ainult tellimuse t\u00e4itmiseks; need kolmandad osapooled t\u00f6\u00f6tlevad andmeid koosk\u00f5las GDPRiga<\/li>\n \t<li>ei edasta andmeid v\u00e4ljapoole EL-i, v\u00e4lja arvatud juhul, kui selle jaoks on tagatud piisav kaitse<\/li>\n<\/ul>\nSinu \u00f5igused\n<ol>\n \t<li>k\u00fcsida, milliseid andmeid sinu kohta hoiame, ja saada nendest koopia<\/li>\n \t<li>parandada ebat\u00e4psed v\u00f5i puuduolevad andmed<\/li>\n \t<li>taotleda andmete kustutamist, kui nende t\u00f6\u00f6tlemise alus puudub<\/li>\n \t<li>piirata andmete t\u00f6\u00f6tlemist<\/li>\n \t<li>v\u00f5tta andmed masinloetavas vormis kaasa ja edastada teisele teenusepakkujale<\/li>\n \t<li>v\u00f5tta tagasi n\u00f5usolek turunduslikeks tegevusteks<\/li>\n<\/ol>\nTaotluse korral v\u00f5ta meiega \u00fchendust aadressil info@velvetskin.ee. Vastame hiljemalt \u00fche kuu jooksul.\n\nK\u00fcpsised Veebileht kasutab k\u00fcpsiseid. Vajalikud k\u00fcpsised tagavad poe p\u00f5hifunktsioonid (nt ostukorv ja seansi hoidmine). Statistilised k\u00fcpsised koguvad anon\u00fc\u00fcmset infot k\u00fclastuste kohta. Turundusk\u00fcpsised aitavad n\u00e4idata sobivamaid reklaame. T\u00e4iendavate k\u00fcpsiste kasutamiseks k\u00fcsime sinu n\u00f5usolekut. Annan teada, kui k\u00fcpsis kogub teavet kolmandate osapoolte kaudu ning kui kaua seda hoitakse. Saad oma eelistusi alati muuta brauseri seadetes.\t\t\t\t\t\t\t\t<\/div>\n\t\t\t\t<\/div>\n\t\t\t\t\t<\/div>\n\t\t\t\t<\/div>\n\t\t<div class=\"elementor-element elementor-element-4b0a8c9 e-flex e-con-boxed e-con e-parent\" data-id=\"4b0a8c9\" data-element_type=\"container\">\n\t\t\t\t\t<div class=\"e-con-inner\">\n\t\t\t\t<div class=\"elementor-element elementor-element-d918562 elementor-widget elementor-widget-spacer\" data-id=\"d918562\" data-element_type=\"widget\" data-widget_type=\"spacer.default\">\n\t\t\t\t<div class=\"elementor-widget-container\">\n\t\t\t\t\t\t\t<div class=\"elementor-spacer\">\n\t\t\t<div class=\"elementor-spacer-inner\"><\/div>\n\t\t<\/div>\n\t\t\t\t\t\t<\/div>\n\t\t\t\t<\/div>\n\t\t\t\t\t<\/div>\n\t\t\t\t<\/div>\n\t\t\t\t<\/div>","protected":false},"excerpt":{"rendered":"<p>PRIVAATSUSPOLIITIKA Privaatsuspoliitika selgitab, kuidas kogume ja kasutame sinu isikuandmeid, kui ostad tooteid test.velvetskin.ee veebipoest. Andmed, mida kogume tellimuse esitamisel: sinu nimi, aadress, telefon, e\u202fpost konto loomisel: kasutajanimi, e\u202fpost, ostuajalugu tellimuse t\u00e4itmiseks vajalikud makselahenduse metaandmed; makseteenuse pakkuja t\u00f6\u00f6tleb sinu kaartide v\u00f5i pangalingi andmeid, me ei n\u00e4e neid veebipoe kasutamise logi: IP\u202faadress, brauser, seadme t\u00fc\u00fcp k\u00fcpsised: vajalikud [&hellip;]<\/p>","protected":false},"author":2,"featured_media":0,"parent":0,"menu_order":0,"comment_status":"closed","ping_status":"closed","template":"","meta":{"_acf_changed":false,"footnotes":""},"class_list":["post-1900","page","type-page","status-publish","hentry"],"acf":[],"_links":{"self":[{"href":"https:\/\/test.velvetskin.ee\/fi\/wp-json\/wp\/v2\/pages\/1900","targetHints":{"allow":["GET"]}}],"collection":[{"href":"https:\/\/test.velvetskin.ee\/fi\/wp-json\/wp\/v2\/pages"}],"about":[{"href":"https:\/\/test.velvetskin.ee\/fi\/wp-json\/wp\/v2\/types\/page"}],"author":[{"embeddable":true,"href":"https:\/\/test.velvetskin.ee\/fi\/wp-json\/wp\/v2\/users\/2"}],"replies":[{"embeddable":true,"href":"https:\/\/test.velvetskin.ee\/fi\/wp-json\/wp\/v2\/comments?post=1900"}],"version-history":[{"count":10,"href":"https:\/\/test.velvetskin.ee\/fi\/wp-json\/wp\/v2\/pages\/1900\/revisions"}],"predecessor-version":[{"id":3906,"href":"https:\/\/test.velvetskin.ee\/fi\/wp-json\/wp\/v2\/pages\/1900\/revisions\/3906"}],"wp:attachment":[{"href":"https:\/\/test.velvetskin.ee\/fi\/wp-json\/wp\/v2\/media?parent=1900"}],"curies":[{"name":"wp","href":"https:\/\/api.w.org\/{rel}","templated":true}]}}