{"id":1013,"date":"2024-07-28T18:36:27","date_gmt":"2024-07-28T15:36:27","guid":{"rendered":"https:\/\/test.velvetskin.ee\/?post_type=product&#038;p=1013"},"modified":"2025-11-25T21:34:08","modified_gmt":"2025-11-25T19:34:08","slug":"shiny-pumpkin-peel-care-cream","status":"publish","type":"product","link":"https:\/\/test.velvetskin.ee\/fi\/tuote\/shiny-pumpkin-peel-care-cream\/","title":{"rendered":"Shiny Pumpkin Peel Care Cream"},"content":{"rendered":"<h4>Siidpehme nahk kuni naudid ilu-und<\/h4>\n<p><strong>Kolmekordne koorimine AHA, BHA, PHA<\/strong><br \/>\n<strong>+ 17 asendamatut aminohapet<\/strong><\/p>\n<ul>\n<li><strong>H\u00fcpoallergiline kooriv kreem \u00f6\u00f6seks-s\u00e4rav nahk hommikuks ilma seda \u00e4rritamata<\/strong><br \/>\nSee on kodune esteetiline toode karedale ja probleemsele nahale. Eemaldab \u00f5rnalt surnud naharakud kolme kooriva koostisosa, AHA, BHA ja PHA abil, varustades teda samal ajal 17 asendamatut aminohappekompondiga, et soodustada rakkude regeneratsiooni.<\/li>\n<li><strong>Peamised toimeained<br \/>\n<\/strong>Piimhape (AHA), salits\u00fc\u00fclhape (BHA), PHA, asendamatu 17 aminohappe kompleks, k\u00f5rvitsa ekstrakt<\/li>\n<li><strong>Kuidas kasutada<\/strong><br \/>\n1. Kandke puhastatud nahale v\u00e4ike kogus kreemi, masseeerige \u00f5rnalt \u00fcle kogu n\u00e4o.<br \/>\n2. J\u00e4rgmisel hommikul pesta kergelt leige veega.<br \/>\n3. Kasutage olenevalt nahat\u00fc\u00fcbist 1-2 x n\u00e4dalas tavap\u00e4rase \u00f6\u00f6kreemi asemel.<\/li>\n<li><strong>TEKSTUUR<\/strong><\/li>\n<\/ul>\n<p>&nbsp;<\/p>\n<p><img fetchpriority=\"high\" decoding=\"async\" class=\"alignnone wp-image-1019 size-full\" src=\"https:\/\/test.velvetskin.ee\/wp-content\/uploads\/2024\/07\/peel-care-cream.png\" alt=\"\" width=\"739\" height=\"214\" srcset=\"https:\/\/test.velvetskin.ee\/wp-content\/uploads\/2024\/07\/peel-care-cream.png 739w, https:\/\/test.velvetskin.ee\/wp-content\/uploads\/2024\/07\/peel-care-cream-300x87.png 300w, https:\/\/test.velvetskin.ee\/wp-content\/uploads\/2024\/07\/peel-care-cream-18x5.png 18w, https:\/\/test.velvetskin.ee\/wp-content\/uploads\/2024\/07\/peel-care-cream-600x174.png 600w, https:\/\/test.velvetskin.ee\/wp-content\/uploads\/2024\/07\/peel-care-cream-350x100.png 350w\" sizes=\"(max-width: 739px) 100vw, 739px\" \/><\/p>","protected":false},"excerpt":{"rendered":"<p>Hapetega \u00f6\u00f6mask. Siidpehme nahk kuni naudid ilu-und. Kolmekordne koorimine AHA, BHA, PHA + 17 asendamatut aminohapet. 50g<\/p>","protected":false},"featured_media":1024,"template":"","meta":{"_acf_changed":false},"product_brand":[158],"product_cat":[169],"product_tag":[178,181,182,186,179,183],"class_list":{"0":"post-1013","1":"product","2":"type-product","3":"status-publish","4":"has-post-thumbnail","6":"product_brand-fau","7":"product_cat-kreemid","8":"product_tag-akne-ja-akneilmingud","9":"product_tag-esimesed-kortsud-30","10":"product_tag-kortsud-ja-lotvunud-nahk","11":"product_tag-pigmendiprobleemid","12":"product_tag-rasune-ja-kombineeritud-nahk","13":"product_tag-tuhm-ja-sara-kaotanud-nahk","15":"first","16":"instock","17":"sale","18":"taxable","19":"shipping-taxable","20":"purchasable","21":"product-type-simple"},"acf":[],"_links":{"self":[{"href":"https:\/\/test.velvetskin.ee\/fi\/wp-json\/wp\/v2\/product\/1013","targetHints":{"allow":["GET"]}}],"collection":[{"href":"https:\/\/test.velvetskin.ee\/fi\/wp-json\/wp\/v2\/product"}],"about":[{"href":"https:\/\/test.velvetskin.ee\/fi\/wp-json\/wp\/v2\/types\/product"}],"version-history":[{"count":19,"href":"https:\/\/test.velvetskin.ee\/fi\/wp-json\/wp\/v2\/product\/1013\/revisions"}],"predecessor-version":[{"id":3934,"href":"https:\/\/test.velvetskin.ee\/fi\/wp-json\/wp\/v2\/product\/1013\/revisions\/3934"}],"wp:featuredmedia":[{"embeddable":true,"href":"https:\/\/test.velvetskin.ee\/fi\/wp-json\/wp\/v2\/media\/1024"}],"wp:attachment":[{"href":"https:\/\/test.velvetskin.ee\/fi\/wp-json\/wp\/v2\/media?parent=1013"}],"wp:term":[{"taxonomy":"product_brand","embeddable":true,"href":"https:\/\/test.velvetskin.ee\/fi\/wp-json\/wp\/v2\/product_brand?post=1013"},{"taxonomy":"product_cat","embeddable":true,"href":"https:\/\/test.velvetskin.ee\/fi\/wp-json\/wp\/v2\/product_cat?post=1013"},{"taxonomy":"product_tag","embeddable":true,"href":"https:\/\/test.velvetskin.ee\/fi\/wp-json\/wp\/v2\/product_tag?post=1013"}],"curies":[{"name":"wp","href":"https:\/\/api.w.org\/{rel}","templated":true}]}}