{"id":1029,"date":"2024-07-28T18:43:18","date_gmt":"2024-07-28T15:43:18","guid":{"rendered":"https:\/\/test.velvetskin.ee\/?post_type=product&#038;p=1029"},"modified":"2025-11-25T21:34:08","modified_gmt":"2025-11-25T19:34:08","slug":"shiny-pumpkin-cream","status":"publish","type":"product","link":"https:\/\/test.velvetskin.ee\/fi\/tuote\/shiny-pumpkin-cream\/","title":{"rendered":"Shiny Pumpkin Cream 24h"},"content":{"rendered":"<h4>V Shape noorendav kreem<\/h4>\n<p><strong>K\u00f5rvitsaekstrakt 72% + 17 aminohapet <\/strong>(skin constituents)<br \/>\n<strong>+ EGF <\/strong>(epidermal growth factor)<br \/>\n<strong>+ t\u00fcvirakkude aktivaator <\/strong>(dermal regeneration promotion)<\/p>\n<ul>\n<li><strong>K\u00f5rge funktsionaalsusega s\u00e4rataastav niisutav ja elastust suurendav kreem.<\/strong><br \/>\n72% k\u00f5rvitsaekstrakti , 17 aminohapet (asendamatut valku, millest nahk koosneb) ja EGF sisaldav kreem, mis aktiveerib kahjustatud naha paranemise ja varustab nahka vitamiinide ja mineraalidega, et see oleks terve ja kauni jumega.<\/li>\n<li><strong>Peamised toimeained<\/strong><br \/>\nK\u00f5rvitsaekstrakt 72%, EGF, 17 asendamatut aminohapet, h\u00fcaluronhape, allantoiin, niatsinamiid<\/li>\n<li><strong>Kuidas kasutada<\/strong><br \/>\nKandke sobiv kogus nahale ja masseerige s\u00f5rmeotstega kergelt kuni imendumiseni.<\/li>\n<\/ul>\n<p>&nbsp;<\/p>\n<p>&nbsp;<\/p>","protected":false},"excerpt":{"rendered":"<p>V Shape noorendav kreem. K\u00f5rvitsaekstrakt 72% + 17 aminohapet (skin constituents) + EGF (epidermal growth factor) + t\u00fcvirakkude aktivaator (dermal regeneration promotion). K\u00f5rge funktsionaalsusega s\u00e4rataastav niisutav ja elastust suurendav kreem. 100g<\/p>","protected":false},"featured_media":1035,"template":"","meta":{"_acf_changed":false},"product_brand":[158],"product_cat":[169],"product_tag":[178,181,182,179,183],"class_list":{"0":"post-1029","1":"product","2":"type-product","3":"status-publish","4":"has-post-thumbnail","6":"product_brand-fau","7":"product_cat-kreemid","8":"product_tag-akne-ja-akneilmingud","9":"product_tag-esimesed-kortsud-30","10":"product_tag-kortsud-ja-lotvunud-nahk","11":"product_tag-rasune-ja-kombineeritud-nahk","12":"product_tag-tuhm-ja-sara-kaotanud-nahk","14":"first","15":"instock","16":"sale","17":"taxable","18":"shipping-taxable","19":"purchasable","20":"product-type-simple"},"acf":[],"_links":{"self":[{"href":"https:\/\/test.velvetskin.ee\/fi\/wp-json\/wp\/v2\/product\/1029","targetHints":{"allow":["GET"]}}],"collection":[{"href":"https:\/\/test.velvetskin.ee\/fi\/wp-json\/wp\/v2\/product"}],"about":[{"href":"https:\/\/test.velvetskin.ee\/fi\/wp-json\/wp\/v2\/types\/product"}],"version-history":[{"count":15,"href":"https:\/\/test.velvetskin.ee\/fi\/wp-json\/wp\/v2\/product\/1029\/revisions"}],"predecessor-version":[{"id":3935,"href":"https:\/\/test.velvetskin.ee\/fi\/wp-json\/wp\/v2\/product\/1029\/revisions\/3935"}],"wp:featuredmedia":[{"embeddable":true,"href":"https:\/\/test.velvetskin.ee\/fi\/wp-json\/wp\/v2\/media\/1035"}],"wp:attachment":[{"href":"https:\/\/test.velvetskin.ee\/fi\/wp-json\/wp\/v2\/media?parent=1029"}],"wp:term":[{"taxonomy":"product_brand","embeddable":true,"href":"https:\/\/test.velvetskin.ee\/fi\/wp-json\/wp\/v2\/product_brand?post=1029"},{"taxonomy":"product_cat","embeddable":true,"href":"https:\/\/test.velvetskin.ee\/fi\/wp-json\/wp\/v2\/product_cat?post=1029"},{"taxonomy":"product_tag","embeddable":true,"href":"https:\/\/test.velvetskin.ee\/fi\/wp-json\/wp\/v2\/product_tag?post=1029"}],"curies":[{"name":"wp","href":"https:\/\/api.w.org\/{rel}","templated":true}]}}