{"id":1092,"date":"2024-07-29T14:28:46","date_gmt":"2024-07-29T11:28:46","guid":{"rendered":"https:\/\/test.velvetskin.ee\/?post_type=product&#038;p=1092"},"modified":"2025-11-25T21:34:08","modified_gmt":"2025-11-25T19:34:08","slug":"shiny-pumpkin-hydra-toner","status":"publish","type":"product","link":"https:\/\/test.velvetskin.ee\/fi\/tuote\/shiny-pumpkin-hydra-toner\/","title":{"rendered":"Shiny Pumpkin Hydra Toner"},"content":{"rendered":"<h4>Kuiva ja kareda naha asemel niiske ja elastne nahk<\/h4>\n<p><strong>17 aminohapet <\/strong>(nahaga sarnased)<strong> + K\u00f5rvitsaekstrakt 5%<\/strong><\/p>\n<p><img fetchpriority=\"high\" decoding=\"async\" class=\"alignnone wp-image-1108 size-full\" src=\"https:\/\/test.velvetskin.ee\/wp-content\/uploads\/2024\/07\/pumpkin-toodete-labelid-1.png\" alt=\"\" width=\"749\" height=\"139\" srcset=\"https:\/\/test.velvetskin.ee\/wp-content\/uploads\/2024\/07\/pumpkin-toodete-labelid-1.png 749w, https:\/\/test.velvetskin.ee\/wp-content\/uploads\/2024\/07\/pumpkin-toodete-labelid-1-300x56.png 300w, https:\/\/test.velvetskin.ee\/wp-content\/uploads\/2024\/07\/pumpkin-toodete-labelid-1-18x3.png 18w, https:\/\/test.velvetskin.ee\/wp-content\/uploads\/2024\/07\/pumpkin-toodete-labelid-1-600x111.png 600w\" sizes=\"(max-width: 749px) 100vw, 749px\" \/><\/p>\n<ul>\n<li><strong>Toitev toonik, mis taastab niiskuse kohe peale pealekandmist<\/strong><br \/>\nP\u00e4rast n\u00e4opesu tasakaalustab see naha PH ja niisutab koheselt nahka vitamiini- ja mineraalaineterikaste toitainetega. See on veebaasil igap\u00e4evaseks kasutamiseks m\u00f5eldud toitev toonik, mis hoiab naha niiske, kuid ei tekita kleepuvustunnet<\/li>\n<li><strong>Peamised toimeained<\/strong><br \/>\nK\u00f5rvitsaekstrakt 5%, aminohapete kompleks, n\u00f5iapuu ekstrakt, aaloe vera, h\u00fcaluroonhape, allantoiin<\/li>\n<li><strong>Kuidas kasutada<\/strong><br \/>\nP\u00e4rast n\u00e4o pesemist kandke sobiv kogus n\u00e4ole ja imendage \u00f5rnalt masseerides.<\/li>\n<\/ul>","protected":false},"excerpt":{"rendered":"<p>Kuiva ja kareda naha asemel niiske ja elastne nahk. 17 aminohapet (nahaga sarnased) + K\u00f5rvitsaekstrakt 5%. Toitev toonik, mis taastab niiskuse kohe peale pealekandmist. 500ml<\/p>","protected":false},"featured_media":1099,"template":"","meta":{"_acf_changed":false},"product_brand":[158],"product_cat":[166],"product_tag":[190,181,182,186,180,183,189],"class_list":{"0":"post-1092","1":"product","2":"type-product","3":"status-publish","4":"has-post-thumbnail","6":"product_brand-fau","7":"product_cat-naopuhastus","8":"product_tag-arritunud-ja-voi-kuiv-nahk","9":"product_tag-esimesed-kortsud-30","10":"product_tag-kortsud-ja-lotvunud-nahk","11":"product_tag-pigmendiprobleemid","12":"product_tag-rosaatsea-ja-kuperroosa","13":"product_tag-tuhm-ja-sara-kaotanud-nahk","14":"product_tag-tundlik","16":"first","17":"instock","18":"sale","19":"taxable","20":"shipping-taxable","21":"purchasable","22":"product-type-simple"},"acf":[],"_links":{"self":[{"href":"https:\/\/test.velvetskin.ee\/fi\/wp-json\/wp\/v2\/product\/1092","targetHints":{"allow":["GET"]}}],"collection":[{"href":"https:\/\/test.velvetskin.ee\/fi\/wp-json\/wp\/v2\/product"}],"about":[{"href":"https:\/\/test.velvetskin.ee\/fi\/wp-json\/wp\/v2\/types\/product"}],"version-history":[{"count":15,"href":"https:\/\/test.velvetskin.ee\/fi\/wp-json\/wp\/v2\/product\/1092\/revisions"}],"predecessor-version":[{"id":3939,"href":"https:\/\/test.velvetskin.ee\/fi\/wp-json\/wp\/v2\/product\/1092\/revisions\/3939"}],"wp:featuredmedia":[{"embeddable":true,"href":"https:\/\/test.velvetskin.ee\/fi\/wp-json\/wp\/v2\/media\/1099"}],"wp:attachment":[{"href":"https:\/\/test.velvetskin.ee\/fi\/wp-json\/wp\/v2\/media?parent=1092"}],"wp:term":[{"taxonomy":"product_brand","embeddable":true,"href":"https:\/\/test.velvetskin.ee\/fi\/wp-json\/wp\/v2\/product_brand?post=1092"},{"taxonomy":"product_cat","embeddable":true,"href":"https:\/\/test.velvetskin.ee\/fi\/wp-json\/wp\/v2\/product_cat?post=1092"},{"taxonomy":"product_tag","embeddable":true,"href":"https:\/\/test.velvetskin.ee\/fi\/wp-json\/wp\/v2\/product_tag?post=1092"}],"curies":[{"name":"wp","href":"https:\/\/api.w.org\/{rel}","templated":true}]}}