{"id":1111,"date":"2024-07-29T16:06:38","date_gmt":"2024-07-29T13:06:38","guid":{"rendered":"https:\/\/test.velvetskin.ee\/?post_type=product&#038;p=1111"},"modified":"2025-11-25T21:34:08","modified_gmt":"2025-11-25T19:34:08","slug":"shiny-pumpkin-enzyme-powder-wash","status":"publish","type":"product","link":"https:\/\/test.velvetskin.ee\/fi\/tuote\/shiny-pumpkin-enzyme-powder-wash\/","title":{"rendered":"Shiny Pumpkin Enzyme Powder Wash"},"content":{"rendered":"<h4>H\u00fcpoallergiline \u00f5rn happeline ens\u00fc\u00fcmpuuder<\/h4>\n<p><strong>Kookosp\u00e4hklist saadud taimsed pindaktiivsed ained + ens\u00fc\u00fcm<\/strong><\/p>\n<p><img fetchpriority=\"high\" decoding=\"async\" class=\"alignnone wp-image-1108 size-full\" src=\"https:\/\/test.velvetskin.ee\/wp-content\/uploads\/2024\/07\/pumpkin-toodete-labelid-1.png\" alt=\"\" width=\"749\" height=\"139\" srcset=\"https:\/\/test.velvetskin.ee\/wp-content\/uploads\/2024\/07\/pumpkin-toodete-labelid-1.png 749w, https:\/\/test.velvetskin.ee\/wp-content\/uploads\/2024\/07\/pumpkin-toodete-labelid-1-300x56.png 300w, https:\/\/test.velvetskin.ee\/wp-content\/uploads\/2024\/07\/pumpkin-toodete-labelid-1-18x3.png 18w, https:\/\/test.velvetskin.ee\/wp-content\/uploads\/2024\/07\/pumpkin-toodete-labelid-1-600x111.png 600w\" sizes=\"(max-width: 749px) 100vw, 749px\" \/><\/p>\n<ul>\n<li><strong>\u00d5rn s\u00fcgavpuhastus ilma \u00e4rrituseta.<\/strong><br \/>\nGranuleerimismeetodiga on vees lahustuv peenosakeste pulber v\u00f5imeline eemaldama 99,9% j\u00e4\u00e4kaineid pooridest ja aktiveerima ens\u00fc\u00fcme, mis lahustavad naha pinnal surnud naharakud &#8211; tulemuseks on siledam nahatekstuur ilma f\u00fc\u00fcsilise v\u00f5i keemilise koorimiseta. Lisaks sisaldab see toode Cucurbita Pepo (k\u00f5rvitsa) puuviljaekstrakti ja 8 erinevat t\u00fc\u00fcpi h\u00fcaluroonhapet, mis mitte ainult ei toida, vaid annavad p\u00e4rast pesemist ka niisutava efekti, j\u00e4ttes naha puhtaks ja klaariks.<\/li>\n<li><strong>Peamised toimeained<\/strong><br \/>\nKookosp\u00e4hklist saadud taimsed pindaktiivsed ained, maltodekstriin, papaiin, Cucurbita Pepo (k\u00f5rvitsa) puuviljaekstrakt, Cica kompleks, 8-kordne h\u00fcaluroonhappe kompleks.<\/li>\n<li><strong>Kuidas kasutada<\/strong><br \/>\nV\u00f5tke umbes \u00bd tl pulbrit, lisage m\u00f5ni tilk leiget vett, vahustage pintsliga tugevaks vahuks, kandke vaht k\u00e4te v\u00f5i pintsli abil nahale, masseerige, j\u00e4tke nahale 3 minutiks ja seej\u00e4rel loputage leige veega.<\/li>\n<\/ul>","protected":false},"excerpt":{"rendered":"<p>H\u00fcpoallergiline \u00f5rn happeline ens\u00fc\u00fcmpuuder. Kookosp\u00e4hklist saadud taimsed pindaktiivsed ained + ens\u00fc\u00fcm. \u00d5rn s\u00fcgavpuhastus ilma \u00e4rrituseta. 60g<\/p>","protected":false},"featured_media":1113,"template":"","meta":{"_acf_changed":false},"product_brand":[158],"product_cat":[171],"product_tag":[178,190,181,182,186,179,180,183,189],"class_list":{"0":"post-1111","1":"product","2":"type-product","3":"status-publish","4":"has-post-thumbnail","6":"product_brand-fau","7":"product_cat-nahakoorijad","8":"product_tag-akne-ja-akneilmingud","9":"product_tag-arritunud-ja-voi-kuiv-nahk","10":"product_tag-esimesed-kortsud-30","11":"product_tag-kortsud-ja-lotvunud-nahk","12":"product_tag-pigmendiprobleemid","13":"product_tag-rasune-ja-kombineeritud-nahk","14":"product_tag-rosaatsea-ja-kuperroosa","15":"product_tag-tuhm-ja-sara-kaotanud-nahk","16":"product_tag-tundlik","18":"first","19":"instock","20":"sale","21":"taxable","22":"shipping-taxable","23":"purchasable","24":"product-type-simple"},"acf":[],"_links":{"self":[{"href":"https:\/\/test.velvetskin.ee\/fi\/wp-json\/wp\/v2\/product\/1111","targetHints":{"allow":["GET"]}}],"collection":[{"href":"https:\/\/test.velvetskin.ee\/fi\/wp-json\/wp\/v2\/product"}],"about":[{"href":"https:\/\/test.velvetskin.ee\/fi\/wp-json\/wp\/v2\/types\/product"}],"version-history":[{"count":5,"href":"https:\/\/test.velvetskin.ee\/fi\/wp-json\/wp\/v2\/product\/1111\/revisions"}],"predecessor-version":[{"id":3940,"href":"https:\/\/test.velvetskin.ee\/fi\/wp-json\/wp\/v2\/product\/1111\/revisions\/3940"}],"wp:featuredmedia":[{"embeddable":true,"href":"https:\/\/test.velvetskin.ee\/fi\/wp-json\/wp\/v2\/media\/1113"}],"wp:attachment":[{"href":"https:\/\/test.velvetskin.ee\/fi\/wp-json\/wp\/v2\/media?parent=1111"}],"wp:term":[{"taxonomy":"product_brand","embeddable":true,"href":"https:\/\/test.velvetskin.ee\/fi\/wp-json\/wp\/v2\/product_brand?post=1111"},{"taxonomy":"product_cat","embeddable":true,"href":"https:\/\/test.velvetskin.ee\/fi\/wp-json\/wp\/v2\/product_cat?post=1111"},{"taxonomy":"product_tag","embeddable":true,"href":"https:\/\/test.velvetskin.ee\/fi\/wp-json\/wp\/v2\/product_tag?post=1111"}],"curies":[{"name":"wp","href":"https:\/\/api.w.org\/{rel}","templated":true}]}}