{"id":1117,"date":"2024-07-29T16:16:27","date_gmt":"2024-07-29T13:16:27","guid":{"rendered":"https:\/\/test.velvetskin.ee\/?post_type=product&#038;p=1117"},"modified":"2025-11-25T21:34:09","modified_gmt":"2025-11-25T19:34:09","slug":"shiny-pumpkin-hydra-cleanser","status":"publish","type":"product","link":"https:\/\/test.velvetskin.ee\/fi\/tuote\/shiny-pumpkin-hydra-cleanser\/","title":{"rendered":"Shiny Pumpkin Hydra Cleanser"},"content":{"rendered":"<p><strong>17 aminohapet (nahaga sarnased) + K\u00f5rvitsaekstrakt<\/strong><\/p>\n<p><img fetchpriority=\"high\" decoding=\"async\" class=\"alignnone wp-image-1108 size-full\" src=\"https:\/\/test.velvetskin.ee\/wp-content\/uploads\/2024\/07\/pumpkin-toodete-labelid-1.png\" alt=\"\" width=\"749\" height=\"139\" srcset=\"https:\/\/test.velvetskin.ee\/wp-content\/uploads\/2024\/07\/pumpkin-toodete-labelid-1.png 749w, https:\/\/test.velvetskin.ee\/wp-content\/uploads\/2024\/07\/pumpkin-toodete-labelid-1-300x56.png 300w, https:\/\/test.velvetskin.ee\/wp-content\/uploads\/2024\/07\/pumpkin-toodete-labelid-1-18x3.png 18w, https:\/\/test.velvetskin.ee\/wp-content\/uploads\/2024\/07\/pumpkin-toodete-labelid-1-600x111.png 600w\" sizes=\"(max-width: 749px) 100vw, 749px\" \/><\/p>\n<ul>\n<li><strong>Unikaalne puhastuspiim topeltpuhastusefektiga mis ei vaja eraldi puhastusvahu v\u00f5i geeli kasutamist.<\/strong><br \/>\nEemaldab ka paksu meigi, samal ajal kaitseb liigsest pesemisest kergesti kuivavat nahaniiskust. See on piimat\u00fc\u00fcpi niisutav puhastusvahend, mis eemaldab ka paksu meigi, sobib ka kuivale ja \u00e4rritunud nahale seda liigselt kuivatamata.<\/li>\n<li><strong>Peamised toimeained.<\/strong><br \/>\nK\u00f5rvitsaekstrakt, aminohapete kompleks, kollageen, elastiin.<\/li>\n<li><strong>Kuidas kasutada.<\/strong><br \/>\nKandke sobiv kogus toodet kogu n\u00e4ole, masseerige \u00f5rnalt ja peske n\u00e4gu leige veega.<\/li>\n<\/ul>","protected":false},"excerpt":{"rendered":"<p>H\u00fcpoallergiline k\u00f5rvitsa puhastuspiim. 17 aminohapet (nahaga sarnased) + K\u00f5rvitsaekstrakt. Unikaalne puhastuspiim topeltpuhastusefektiga mis ei vaja eraldi puhastusvahu v\u00f5i geeli kasutamist. 500ml<\/p>","protected":false},"featured_media":1119,"template":"","meta":{"_acf_changed":false},"product_brand":[158],"product_cat":[166],"product_tag":[190,181,182,186,180,183,189],"class_list":{"0":"post-1117","1":"product","2":"type-product","3":"status-publish","4":"has-post-thumbnail","6":"product_brand-fau","7":"product_cat-naopuhastus","8":"product_tag-arritunud-ja-voi-kuiv-nahk","9":"product_tag-esimesed-kortsud-30","10":"product_tag-kortsud-ja-lotvunud-nahk","11":"product_tag-pigmendiprobleemid","12":"product_tag-rosaatsea-ja-kuperroosa","13":"product_tag-tuhm-ja-sara-kaotanud-nahk","14":"product_tag-tundlik","16":"first","17":"instock","18":"sale","19":"taxable","20":"shipping-taxable","21":"purchasable","22":"product-type-simple"},"acf":[],"_links":{"self":[{"href":"https:\/\/test.velvetskin.ee\/fi\/wp-json\/wp\/v2\/product\/1117","targetHints":{"allow":["GET"]}}],"collection":[{"href":"https:\/\/test.velvetskin.ee\/fi\/wp-json\/wp\/v2\/product"}],"about":[{"href":"https:\/\/test.velvetskin.ee\/fi\/wp-json\/wp\/v2\/types\/product"}],"version-history":[{"count":6,"href":"https:\/\/test.velvetskin.ee\/fi\/wp-json\/wp\/v2\/product\/1117\/revisions"}],"predecessor-version":[{"id":3941,"href":"https:\/\/test.velvetskin.ee\/fi\/wp-json\/wp\/v2\/product\/1117\/revisions\/3941"}],"wp:featuredmedia":[{"embeddable":true,"href":"https:\/\/test.velvetskin.ee\/fi\/wp-json\/wp\/v2\/media\/1119"}],"wp:attachment":[{"href":"https:\/\/test.velvetskin.ee\/fi\/wp-json\/wp\/v2\/media?parent=1117"}],"wp:term":[{"taxonomy":"product_brand","embeddable":true,"href":"https:\/\/test.velvetskin.ee\/fi\/wp-json\/wp\/v2\/product_brand?post=1117"},{"taxonomy":"product_cat","embeddable":true,"href":"https:\/\/test.velvetskin.ee\/fi\/wp-json\/wp\/v2\/product_cat?post=1117"},{"taxonomy":"product_tag","embeddable":true,"href":"https:\/\/test.velvetskin.ee\/fi\/wp-json\/wp\/v2\/product_tag?post=1117"}],"curies":[{"name":"wp","href":"https:\/\/api.w.org\/{rel}","templated":true}]}}