{"id":1204,"date":"2024-07-30T13:32:37","date_gmt":"2024-07-30T10:32:37","guid":{"rendered":"https:\/\/test.velvetskin.ee\/?post_type=product&#038;p=1204"},"modified":"2025-11-25T21:34:09","modified_gmt":"2025-11-25T19:34:09","slug":"core-intensive-rich-cream","status":"publish","type":"product","link":"https:\/\/test.velvetskin.ee\/fi\/tuote\/core-intensive-rich-cream\/","title":{"rendered":"Core Intensive Rich Cream"},"content":{"rendered":"<p><b>Raku <\/b><b>kasvufaktorite<\/b><b> ja <\/b><b>peptiididega<\/b> <b>k\u00f5rge<\/b> <b>toitainete<\/b> <b>sisaldusega<\/b> <b>kreem<\/b><\/p>\n<p><b>#Quick Nutrition Recharge #Skin Supple Boosting Cream #Baby face cream<\/b><\/p>\n<p>\u00dcliniisutav ja noorendav kreem, taastab kahjustatud nahka ja\u00a0 silub kortse, varustab nahka peptiidide<\/p>\n<p>ja elut\u00e4htsate aminohapetega, mis suurendavad naha elastsust, m\u00f5ruapelsini \u00f5ievesi kaitseb<\/p>\n<p>oks\u00fcdatiivse stressi eest<\/p>\n<ul>\n<li><b>5 raku <\/b><b>kasvufaktori<\/b> <b>kompleks<\/b><b> ja 5 <\/b><b>peptiidi<\/b> <b>kompleks<\/b><\/li>\n<\/ul>\n<p>Meie enda eriretseptiga naha elastsust suurendav kreem 5GF kompleksi ja 5PEP kompleksi<\/p>\n<p>koostisainetega muudab naha siidpehmeks, siledaks ja s\u00e4ravaks.<\/p>\n<ul>\n<li><b>Ohutu<\/b> <b>retsept<\/b> <b>nahale<\/b><\/li>\n<\/ul>\n<p>Nahal ohutu kasutada,\u00a0 ei sisalda silikooni ega kunstlikke v\u00e4rvaineid.<\/p>\n<ul>\n<li><b>M\u00f5ruapelsini lillep\u00f5hi, mis sisaldab 5-kihilist <\/b><b>h\u00fcaluroonhapet<\/b><b> v\u00e4ga niisutava toimega<\/b><\/li>\n<li>Puhastatud vee asemel kasutatakse pingeid ja stressi leevendavat Neroli e.m\u00f5ruapelsini lillevett, mis rahustab, pinguldab ja kontrollib naha seisundit ning hoiab nahka niiskena 5-kihilise h\u00fcaluroonhappega..<\/li>\n<li><b>Vedelkristallmeetod<\/b> <b>kiireks<\/b> <b>imendumiseks<\/b><\/li>\n<li><i>V\u00e4ga kontsentreeritud kreemjas tekstuur, kasutades \u00e4ra vedelat koostist, mis imendub kiiresti l\u00e4bi neljaastmelise <\/i><\/li>\n<li><i>jahutuss\u00fcsteemi. See suurendab imendumiskiirust, nii et toitained ja niiskus p\u00e4\u00e4sevad h\u00e4sti nahka.<\/i><\/li>\n<\/ul>\n<p>Suurus: 100g<\/p>","protected":false},"excerpt":{"rendered":"<p>\u00dcliniisutav ja noorendav kreem, taastab kahjustatud nahka ja\u00a0 silub kortse, varustab nahka peptiidide ja elut\u00e4htsate aminohapetega, mis suurendavad naha elastsust, m\u00f5ruapelsini \u00f5ievesi kaitseb oks\u00fcdatiivse stressi eest. Sobib h\u00e4sti alates 35+ vanusele nahale , kellel on naha kuivus ja tundlikkus kuid samas on vaja siluda juba olemasolevaid v\u00f5i esimesi kortsukesi. 100g<\/p>","protected":false},"featured_media":1205,"template":"","meta":{"_acf_changed":false},"product_brand":[158],"product_cat":[169],"product_tag":[190,182,189],"class_list":{"0":"post-1204","1":"product","2":"type-product","3":"status-publish","4":"has-post-thumbnail","6":"product_brand-fau","7":"product_cat-kreemid","8":"product_tag-arritunud-ja-voi-kuiv-nahk","9":"product_tag-kortsud-ja-lotvunud-nahk","10":"product_tag-tundlik","12":"first","13":"instock","14":"sale","15":"taxable","16":"shipping-taxable","17":"purchasable","18":"product-type-simple"},"acf":[],"_links":{"self":[{"href":"https:\/\/test.velvetskin.ee\/fi\/wp-json\/wp\/v2\/product\/1204","targetHints":{"allow":["GET"]}}],"collection":[{"href":"https:\/\/test.velvetskin.ee\/fi\/wp-json\/wp\/v2\/product"}],"about":[{"href":"https:\/\/test.velvetskin.ee\/fi\/wp-json\/wp\/v2\/types\/product"}],"version-history":[{"count":7,"href":"https:\/\/test.velvetskin.ee\/fi\/wp-json\/wp\/v2\/product\/1204\/revisions"}],"predecessor-version":[{"id":3943,"href":"https:\/\/test.velvetskin.ee\/fi\/wp-json\/wp\/v2\/product\/1204\/revisions\/3943"}],"wp:featuredmedia":[{"embeddable":true,"href":"https:\/\/test.velvetskin.ee\/fi\/wp-json\/wp\/v2\/media\/1205"}],"wp:attachment":[{"href":"https:\/\/test.velvetskin.ee\/fi\/wp-json\/wp\/v2\/media?parent=1204"}],"wp:term":[{"taxonomy":"product_brand","embeddable":true,"href":"https:\/\/test.velvetskin.ee\/fi\/wp-json\/wp\/v2\/product_brand?post=1204"},{"taxonomy":"product_cat","embeddable":true,"href":"https:\/\/test.velvetskin.ee\/fi\/wp-json\/wp\/v2\/product_cat?post=1204"},{"taxonomy":"product_tag","embeddable":true,"href":"https:\/\/test.velvetskin.ee\/fi\/wp-json\/wp\/v2\/product_tag?post=1204"}],"curies":[{"name":"wp","href":"https:\/\/api.w.org\/{rel}","templated":true}]}}