{"id":1225,"date":"2024-07-30T13:50:08","date_gmt":"2024-07-30T10:50:08","guid":{"rendered":"https:\/\/test.velvetskin.ee\/?post_type=product&#038;p=1225"},"modified":"2025-11-25T21:34:09","modified_gmt":"2025-11-25T19:34:09","slug":"core-intensive-recovery-bb-kreem","status":"publish","type":"product","link":"https:\/\/test.velvetskin.ee\/fi\/tuote\/core-intensive-recovery-bb-kreem\/","title":{"rendered":"Core Intensive Recovery Bb kreem"},"content":{"rendered":"<p><strong>\u00dclit\u00f5hus vananemisvastane BB-kreem, kaaviari ja Centella asiatica ekstrakti, millel on suurep\u00e4rane taastav ja rahustav toime. \u00dchildub nahaga, katab ebatasasused ja j\u00e4tab naha s\u00e4ravaks kogu p\u00e4evaks.<\/strong><\/p>\n<ul>\n<li><strong>Sisaldab kaaviari ekstrakti<\/strong><br \/>\nKvaliteetsed toitained, vitamiinid ja mineraalid on \u00fclimalt kontsentreeritud, mis teeb sellest BB kreemist suurep\u00e4rase rahustava ja vananemisvastase toimega niisutaja.<br \/>\n6 Centella asiatica toimeainet tagavad naha t\u00e4ieliku rahustamise.<br \/>\nLisatud on 6 erinevat Centella asiatica koostisainet, et anda \u00e4rritunud nahale tugev rahustav toime (Centella Centella ekstrakt,<br \/>\nCentella asiatica lehtede ekstrakt, madekassosiid, madekassiidhape, asiatikosiid, asiatica hape)<\/li>\n<li><strong>Cynanchum Atratum e Bai Wei tugevdab nahka ja aaloe ekstrakt for skin rahustab<\/strong><br \/>\nCynanchum Atratum ekstrakt rahustab ja niisutab t\u00f5husalt ning v\u00e4hendab naha\u00e4rritust, tagades t\u00e4isuliku k\u00e4iste. Aloe Vera imendub naharakkudesse kiiremini kui vesi ning annab nahale mineraale ja vitamiine, aidates tundlikku nahka rahustada ja nahatooni heledamaks muuta.<br \/>\nUV kaitse ja naha uuenemine 24 tunniks.<br \/>\nSisaldab 17 asendamatut aminohapet ning SPF37\/PA++ UV-kaitset, mis taastab kahjustatud naha ja kaitseb nahka v\u00e4liskeskkonna kahjustuste eest.<\/li>\n<\/ul>","protected":false},"excerpt":{"rendered":"<p>Super vananemisvastane taastav BB-kreem. \u00dclit\u00f5hus vananemisvastane BB-kreem, kaaviari ja Centella asiatica ekstrakti, millel on suurep\u00e4rane taastav ja rahustav toime. \u00dchildub nahaga, katab ebatasasused ja j\u00e4tab naha s\u00e4ravaks kogu p\u00e4evaks. 50g<\/p>","protected":false},"featured_media":1226,"template":"","meta":{"_acf_changed":false},"product_brand":[158],"product_cat":[174],"product_tag":[190,181,182,180,189],"class_list":{"0":"post-1225","1":"product","2":"type-product","3":"status-publish","4":"has-post-thumbnail","6":"product_brand-fau","7":"product_cat-meigitooted","8":"product_tag-arritunud-ja-voi-kuiv-nahk","9":"product_tag-esimesed-kortsud-30","10":"product_tag-kortsud-ja-lotvunud-nahk","11":"product_tag-rosaatsea-ja-kuperroosa","12":"product_tag-tundlik","14":"first","15":"instock","16":"sale","17":"taxable","18":"shipping-taxable","19":"purchasable","20":"product-type-simple"},"acf":[],"_links":{"self":[{"href":"https:\/\/test.velvetskin.ee\/fi\/wp-json\/wp\/v2\/product\/1225","targetHints":{"allow":["GET"]}}],"collection":[{"href":"https:\/\/test.velvetskin.ee\/fi\/wp-json\/wp\/v2\/product"}],"about":[{"href":"https:\/\/test.velvetskin.ee\/fi\/wp-json\/wp\/v2\/types\/product"}],"version-history":[{"count":7,"href":"https:\/\/test.velvetskin.ee\/fi\/wp-json\/wp\/v2\/product\/1225\/revisions"}],"predecessor-version":[{"id":3946,"href":"https:\/\/test.velvetskin.ee\/fi\/wp-json\/wp\/v2\/product\/1225\/revisions\/3946"}],"wp:featuredmedia":[{"embeddable":true,"href":"https:\/\/test.velvetskin.ee\/fi\/wp-json\/wp\/v2\/media\/1226"}],"wp:attachment":[{"href":"https:\/\/test.velvetskin.ee\/fi\/wp-json\/wp\/v2\/media?parent=1225"}],"wp:term":[{"taxonomy":"product_brand","embeddable":true,"href":"https:\/\/test.velvetskin.ee\/fi\/wp-json\/wp\/v2\/product_brand?post=1225"},{"taxonomy":"product_cat","embeddable":true,"href":"https:\/\/test.velvetskin.ee\/fi\/wp-json\/wp\/v2\/product_cat?post=1225"},{"taxonomy":"product_tag","embeddable":true,"href":"https:\/\/test.velvetskin.ee\/fi\/wp-json\/wp\/v2\/product_tag?post=1225"}],"curies":[{"name":"wp","href":"https:\/\/api.w.org\/{rel}","templated":true}]}}