{"id":1235,"date":"2024-07-30T14:00:13","date_gmt":"2024-07-30T11:00:13","guid":{"rendered":"https:\/\/test.velvetskin.ee\/?post_type=product&#038;p=1235"},"modified":"2025-11-25T21:34:09","modified_gmt":"2025-11-25T19:34:09","slug":"core-intensive-caviar-ampoule","status":"publish","type":"product","link":"https:\/\/test.velvetskin.ee\/fi\/tuote\/core-intensive-caviar-ampoule\/","title":{"rendered":"Core Intensive Caviar Ampoule"},"content":{"rendered":"<p><strong>Sisaldab kaaviari, mida kutsutakse ka \u201emereteemandiks\u201c, mis sarnaneb naha struktuuriga, ning l\u00f5he DNA-d, mis kiirendab naha paranemist, aminohapete kompleksi ja peptiide, mis parandavad naha elastsust, v\u00e4hendades vananemisest tingitud kortse, annavad nahale rikkalikult toitaineid ja niiskust.<\/strong><\/p>\n<ul>\n<li><strong>Sisaldab 0,1% kaaviari ekstrakti.<\/strong><br \/>\nKuna k\u00f5rgekvaliteedilised toitained nagu valk, vitamiinid ja mineraalid on kontsentreeritud, on see seerum suurep\u00e4rane niisutaja, omades samal ajal rahustavat ja vananemisvastast toimet.<\/li>\n<li><strong>EGF + FGF + LIPOSOOMID<\/strong><br \/>\nSisaldab epidermaalseid ja dermaalseid fibroblastide kasvufaktoreid ning on \u00fclimalt efektiivne \u00f5hukese ja kuiva naha taastamisel, samuti laser- v\u00f5i happekoorimisravi j\u00e4rgselt uute naharakkude uuenemiseks+lisaks imendumist soodustavad liposoomid.<\/li>\n<li><strong>Kahjustatud nahakoe taastamise toimeaine, l\u00f5he DNA<\/strong><br \/>\nTaastab kahjustatud nahka, mis on \u00e4rritunud v\u00e4lisest stimulatsioonist, kaitseb nahka reaktiivsete hapnikuliikide (ROS) eest, mis p\u00f5hjustab vananemist, ja soodustab kollageeni tootmist, et muuta nahk uuesti elastseks ja pehmeks.<\/li>\n<li><strong>\u00dclikontsentreeritud kaheotoimeline ampull-seerum.<br \/>\n<\/strong>&#8211; Seerum imendub kiiresti nahka, niisutab rikkalikult ning ei j\u00e4ta seda kleepuvaks.<br \/>\n&#8211; Kahefunktsiooniline: s\u00e4raandev ja nahatooni helendav + j\u00f5uliselt kortse silendav.<\/li>\n<\/ul>","protected":false},"excerpt":{"rendered":"<p>Vananemisvastane Seerum. Sisaldab kaaviari, mida kutsutakse ka \u201emereteemandiks\u201c, mis sarnaneb naha struktuuriga, ning l\u00f5he DNA-d, mis kiirendab naha paranemist, aminohapete kompleksi ja peptiide, mis parandavad naha elastsust, v\u00e4hendades vananemisest tingitud kortse, annavad nahale rikkalikult toitaineid ja niiskust. Seerum on v\u00e4ga \u00f5rna delikaatse aroomiga ning imendub kergelt naha sisse. 100ml<\/p>","protected":false},"featured_media":1236,"template":"","meta":{"_acf_changed":false},"product_brand":[158],"product_cat":[167],"product_tag":[190,182,189],"class_list":{"0":"post-1235","1":"product","2":"type-product","3":"status-publish","4":"has-post-thumbnail","6":"product_brand-fau","7":"product_cat-seerumid","8":"product_tag-arritunud-ja-voi-kuiv-nahk","9":"product_tag-kortsud-ja-lotvunud-nahk","10":"product_tag-tundlik","12":"first","13":"instock","14":"sale","15":"taxable","16":"shipping-taxable","17":"purchasable","18":"product-type-simple"},"acf":[],"_links":{"self":[{"href":"https:\/\/test.velvetskin.ee\/fi\/wp-json\/wp\/v2\/product\/1235","targetHints":{"allow":["GET"]}}],"collection":[{"href":"https:\/\/test.velvetskin.ee\/fi\/wp-json\/wp\/v2\/product"}],"about":[{"href":"https:\/\/test.velvetskin.ee\/fi\/wp-json\/wp\/v2\/types\/product"}],"version-history":[{"count":9,"href":"https:\/\/test.velvetskin.ee\/fi\/wp-json\/wp\/v2\/product\/1235\/revisions"}],"predecessor-version":[{"id":3947,"href":"https:\/\/test.velvetskin.ee\/fi\/wp-json\/wp\/v2\/product\/1235\/revisions\/3947"}],"wp:featuredmedia":[{"embeddable":true,"href":"https:\/\/test.velvetskin.ee\/fi\/wp-json\/wp\/v2\/media\/1236"}],"wp:attachment":[{"href":"https:\/\/test.velvetskin.ee\/fi\/wp-json\/wp\/v2\/media?parent=1235"}],"wp:term":[{"taxonomy":"product_brand","embeddable":true,"href":"https:\/\/test.velvetskin.ee\/fi\/wp-json\/wp\/v2\/product_brand?post=1235"},{"taxonomy":"product_cat","embeddable":true,"href":"https:\/\/test.velvetskin.ee\/fi\/wp-json\/wp\/v2\/product_cat?post=1235"},{"taxonomy":"product_tag","embeddable":true,"href":"https:\/\/test.velvetskin.ee\/fi\/wp-json\/wp\/v2\/product_tag?post=1235"}],"curies":[{"name":"wp","href":"https:\/\/api.w.org\/{rel}","templated":true}]}}