{"id":1333,"date":"2024-07-30T18:29:52","date_gmt":"2024-07-30T15:29:52","guid":{"rendered":"https:\/\/test.velvetskin.ee\/?post_type=product&#038;p=1333"},"modified":"2025-11-25T21:34:09","modified_gmt":"2025-11-25T19:34:09","slug":"skin-solution-sos-mask","status":"publish","type":"product","link":"https:\/\/test.velvetskin.ee\/fi\/tuote\/skin-solution-sos-mask\/","title":{"rendered":"Skin Solution SOS Mask 1tk"},"content":{"rendered":"<h4>T\u00f5eliselt jahutav mask, mis alandab naha temperatuuri<\/h4>\n<p><strong>Rahustab tundlikku ja \u00e4rritunud nahka, ka v\u00e4liskeskkonnast tingitud \u00e4rritustest, nagu kliimaseade ja k\u00fcte, UV-kiirgus. Mask alandab koheselt kuuma naha temperatuuri.<\/strong><\/p>\n<ul>\n<li><strong>Naha temperatuuri langus<\/strong><br \/>\nIlma k\u00fclmkappi panemata asetage mask lihtsalt nahale ja see alandab koheselt naha temperatuuri pideva jahutamisega 15 minutiks maski kandmise ajal!<\/li>\n<li><strong>Rahustab \u00e4rritunud nahka<\/strong><br \/>\nTeepuu, aloe vera, Centella asiatica, allantoiin ja taruvaik rahustavad punetavat ja \u00e4rritatud nahka, niisutavad ja v\u00e4hendavad punetust.<\/li>\n<li><strong>Niisutus, ei mingit \u00e4rritust- 100% puuvilla pehmus<\/strong><br \/>\n100% naturaalne l\u00e4bikumav puuvill,amaterjal, mis kleepub \u00f5rnalt ja t\u00e4iuslikult vastu nahka, niisutab rikkalikult ja taastab mugavustunde.<\/li>\n<li><strong>Poore ahendav ja nahka pinguldav<\/strong><br \/>\nSee alandab koheselt naha temperatuuri, ahendab poore ja hoiab naha elastsena.<\/li>\n<\/ul>","protected":false},"excerpt":{"rendered":"<p>T\u00f5eliselt jahutav mask, mis alandab naha temperatuuri. Rahustab tundlikku ja \u00e4rritunud nahka, ka v\u00e4liskeskkonnast tingitud \u00e4rritustest nagu kliimaseade ja k\u00fcte, UV-kiirgus. Mask alandab koheselt kuuma naha temperatuuri. 25g<\/p>","protected":false},"featured_media":1004,"template":"","meta":{"_acf_changed":false},"product_brand":[158],"product_cat":[172],"product_tag":[178,190,181,182,179,180,183,189],"class_list":{"0":"post-1333","1":"product","2":"type-product","3":"status-publish","4":"has-post-thumbnail","6":"product_brand-fau","7":"product_cat-naomaskid","8":"product_tag-akne-ja-akneilmingud","9":"product_tag-arritunud-ja-voi-kuiv-nahk","10":"product_tag-esimesed-kortsud-30","11":"product_tag-kortsud-ja-lotvunud-nahk","12":"product_tag-rasune-ja-kombineeritud-nahk","13":"product_tag-rosaatsea-ja-kuperroosa","14":"product_tag-tuhm-ja-sara-kaotanud-nahk","15":"product_tag-tundlik","17":"first","18":"instock","19":"sale","20":"taxable","21":"shipping-taxable","22":"purchasable","23":"product-type-simple"},"acf":[],"_links":{"self":[{"href":"https:\/\/test.velvetskin.ee\/fi\/wp-json\/wp\/v2\/product\/1333","targetHints":{"allow":["GET"]}}],"collection":[{"href":"https:\/\/test.velvetskin.ee\/fi\/wp-json\/wp\/v2\/product"}],"about":[{"href":"https:\/\/test.velvetskin.ee\/fi\/wp-json\/wp\/v2\/types\/product"}],"version-history":[{"count":3,"href":"https:\/\/test.velvetskin.ee\/fi\/wp-json\/wp\/v2\/product\/1333\/revisions"}],"predecessor-version":[{"id":3948,"href":"https:\/\/test.velvetskin.ee\/fi\/wp-json\/wp\/v2\/product\/1333\/revisions\/3948"}],"wp:featuredmedia":[{"embeddable":true,"href":"https:\/\/test.velvetskin.ee\/fi\/wp-json\/wp\/v2\/media\/1004"}],"wp:attachment":[{"href":"https:\/\/test.velvetskin.ee\/fi\/wp-json\/wp\/v2\/media?parent=1333"}],"wp:term":[{"taxonomy":"product_brand","embeddable":true,"href":"https:\/\/test.velvetskin.ee\/fi\/wp-json\/wp\/v2\/product_brand?post=1333"},{"taxonomy":"product_cat","embeddable":true,"href":"https:\/\/test.velvetskin.ee\/fi\/wp-json\/wp\/v2\/product_cat?post=1333"},{"taxonomy":"product_tag","embeddable":true,"href":"https:\/\/test.velvetskin.ee\/fi\/wp-json\/wp\/v2\/product_tag?post=1333"}],"curies":[{"name":"wp","href":"https:\/\/api.w.org\/{rel}","templated":true}]}}