{"id":1464,"date":"2024-11-23T13:17:07","date_gmt":"2024-11-23T11:17:07","guid":{"rendered":"https:\/\/test.velvetskin.ee\/?post_type=product&#038;p=1464"},"modified":"2025-11-25T21:34:09","modified_gmt":"2025-11-25T19:34:09","slug":"core-intensive-collagen-velvet-mask-1tk","status":"publish","type":"product","link":"https:\/\/test.velvetskin.ee\/fi\/tuote\/core-intensive-collagen-velvet-mask-1tk\/","title":{"rendered":"Core Intensive Collagen Velvet Mask 1 Tk"},"content":{"rendered":"<p><strong>H\u00fcaluroonhape ja patenteeritud koostisaine AQUAXYL niisutavad rikkalikult ja t\u00f5stavad naha kaitsev\u00f5imet.<\/strong><br \/>\n<strong>Erinevad peptiidid ja kollageen suurendavad naha tugevust ja rikastavad toiteainetega, taastades elastsust.<\/strong><\/p>\n<ul>\n<li><strong>H\u00fcdrol\u00fc\u00fcsitud kollageen &amp; 5 erinevat peptiidi<\/strong><br \/>\nKollageen suurendab kahjustatud naha elastsust ning 5-t\u00fc\u00fcpi peptiidide kompleks toimib s\u00fcnergiliselt h\u00fcdrol\u00fc\u00fcsitud kollageeniga, et toita nahka ja tugevdada naha k\u00f5iki kihte.<br \/>\n7 erinevat t\u00fc\u00fcpi h\u00fcaluroonhapet<br \/>\n7 erinevas molekulaarsuuruses h\u00fcaluroonhape &#8211; \u00fclimadalatest kuni \u00fclik\u00f5rgete molekulideni, t\u00e4idab naha niiskusega nii v\u00e4ljast kui ka seestpoolt, moodustades niiskuskile ja tekitades niiskusluku efekti, v\u00e4ltides niiskuse aurustumist nahas.<\/li>\n<li><strong>Rahvusvaheline patent AQUAXYL (gl\u00fckoos + ks\u00fclitool)<\/strong><br \/>\nSee on valgest kasest ja p\u00f6\u00f6kpuust ekstraheeritud naturaalne niisutaja, mis \u00fchendab gl\u00fckoosi ja ks\u00fclitooli, et hoida nahka pikka aega niisutatuna ja parandada naha kaitsebarj\u00e4\u00e4ri funktsiooni.<\/li>\n<li><strong>Keskkonnas\u00f5bralik materjal, l\u00e4bipaistev geeljas lehtmask<\/strong><br \/>\n&#8211; Mask on geeljas ja l\u00e4bipaistev, kohanduvb ideaalselt nahale ja t\u00e4idab selle rikkalikult niiskuse ning toitainetega,<br \/>\n&#8211; 100% biolagunev.<\/li>\n<\/ul>","protected":false},"excerpt":{"rendered":"<p>Mask on geeljas ja l\u00e4bipaistev, t\u00e4idab selle rikkalikult niiskuse ning toitainetega, pinguldab ja rahustab nahka. Sobib ka tundlikule nahale. \u00a0100% biolagunev materjal. 25g<\/p>","protected":false},"featured_media":1217,"template":"","meta":{"_acf_changed":false},"product_brand":[158],"product_cat":[172],"product_tag":[190,181,182,180,183,189],"class_list":{"0":"post-1464","1":"product","2":"type-product","3":"status-publish","4":"has-post-thumbnail","6":"product_brand-fau","7":"product_cat-naomaskid","8":"product_tag-arritunud-ja-voi-kuiv-nahk","9":"product_tag-esimesed-kortsud-30","10":"product_tag-kortsud-ja-lotvunud-nahk","11":"product_tag-rosaatsea-ja-kuperroosa","12":"product_tag-tuhm-ja-sara-kaotanud-nahk","13":"product_tag-tundlik","15":"first","16":"instock","17":"sale","18":"taxable","19":"shipping-taxable","20":"purchasable","21":"product-type-simple"},"acf":[],"_links":{"self":[{"href":"https:\/\/test.velvetskin.ee\/fi\/wp-json\/wp\/v2\/product\/1464","targetHints":{"allow":["GET"]}}],"collection":[{"href":"https:\/\/test.velvetskin.ee\/fi\/wp-json\/wp\/v2\/product"}],"about":[{"href":"https:\/\/test.velvetskin.ee\/fi\/wp-json\/wp\/v2\/types\/product"}],"version-history":[{"count":4,"href":"https:\/\/test.velvetskin.ee\/fi\/wp-json\/wp\/v2\/product\/1464\/revisions"}],"predecessor-version":[{"id":3950,"href":"https:\/\/test.velvetskin.ee\/fi\/wp-json\/wp\/v2\/product\/1464\/revisions\/3950"}],"wp:featuredmedia":[{"embeddable":true,"href":"https:\/\/test.velvetskin.ee\/fi\/wp-json\/wp\/v2\/media\/1217"}],"wp:attachment":[{"href":"https:\/\/test.velvetskin.ee\/fi\/wp-json\/wp\/v2\/media?parent=1464"}],"wp:term":[{"taxonomy":"product_brand","embeddable":true,"href":"https:\/\/test.velvetskin.ee\/fi\/wp-json\/wp\/v2\/product_brand?post=1464"},{"taxonomy":"product_cat","embeddable":true,"href":"https:\/\/test.velvetskin.ee\/fi\/wp-json\/wp\/v2\/product_cat?post=1464"},{"taxonomy":"product_tag","embeddable":true,"href":"https:\/\/test.velvetskin.ee\/fi\/wp-json\/wp\/v2\/product_tag?post=1464"}],"curies":[{"name":"wp","href":"https:\/\/api.w.org\/{rel}","templated":true}]}}