{"id":1530,"date":"2024-11-24T16:28:20","date_gmt":"2024-11-24T14:28:20","guid":{"rendered":"https:\/\/test.velvetskin.ee\/?post_type=product&#038;p=1530"},"modified":"2025-11-25T21:34:10","modified_gmt":"2025-11-25T19:34:10","slug":"centella-moisture-silky-kreem","status":"publish","type":"product","link":"https:\/\/test.velvetskin.ee\/fi\/tuote\/centella-moisture-silky-kreem\/","title":{"rendered":"Centella Moisture Silky kreem"},"content":{"rendered":"<p>Noorendav kreem kahjustunud nahale, mis sisadab teolima ja Centella Asiatica ekstrakti, pakkudes intensiivset niisutust nahale ning mis tugevdab naha kaitsebarj\u00e4\u00e4ri.<\/p>\n<p><strong>Aktiivained<br \/>\n<\/strong>See on rikastatud vee asemel 7% teolimaga. Koostiseks veel 61% Madagascar&#8217;s Centella Asiatica ekstrakt. Gl\u00fckoaminogl\u00fckaan, mis on tugev dermise niisutaja, aloe vera, h\u00fcaluroonhape. Need koostisained annavad kreemile siidise tekstuuri.<\/p>\n<p><strong>Preemium niisutavad koostisained<\/strong><br \/>\nSisaldab preemium \u00d6KO sertifitseeritud gl\u00fctseriini, mis on \u00fclitugev niiustaja. See aitab nahka kaitsta keskkonnam\u00f5jude vastu, tekitab kaitsekihi ka tolmu jms \u00f5hus lendleva mustuse eest ning takistab nahalt niiskuse aurustumist.<\/p>\n<p><strong>Naha \u00e4rritustest on l\u00f5puni viidud<\/strong><br \/>\nSee on h\u00fcpoallergeeniline looduslik kreem. Ei sisalda parabeene ja teisi s\u00e4ilitusaineid ning ei sisalda phenoxyethanoli. Seet\u00f5ttu sobib ka k\u00f5ige<br \/>\ntundlikumale nahale.<\/p>\n<p>Kreem on 210g suuruses purgis, mist\u00f5ttu kindalasti soovitame kasutada kreemi ka kaelal ja dekolteel.<\/p>","protected":false},"excerpt":{"rendered":"<p>Noorendav kreem kahjustunud nahale, mis sisadab teolima ja Centella Asiatica ekstrakti, pakkudes intensiivset niisutust nahale ning mis tugevdab naha kaitsebarj\u00e4\u00e4ri. 210 g<\/p>","protected":false},"featured_media":1533,"template":"","meta":{"_acf_changed":false},"product_brand":[158],"product_cat":[169],"product_tag":[181,182,186,179,180,183],"class_list":{"0":"post-1530","1":"product","2":"type-product","3":"status-publish","4":"has-post-thumbnail","6":"product_brand-fau","7":"product_cat-kreemid","8":"product_tag-esimesed-kortsud-30","9":"product_tag-kortsud-ja-lotvunud-nahk","10":"product_tag-pigmendiprobleemid","11":"product_tag-rasune-ja-kombineeritud-nahk","12":"product_tag-rosaatsea-ja-kuperroosa","13":"product_tag-tuhm-ja-sara-kaotanud-nahk","15":"first","16":"instock","17":"sale","18":"taxable","19":"shipping-taxable","20":"purchasable","21":"product-type-simple"},"acf":[],"_links":{"self":[{"href":"https:\/\/test.velvetskin.ee\/fi\/wp-json\/wp\/v2\/product\/1530","targetHints":{"allow":["GET"]}}],"collection":[{"href":"https:\/\/test.velvetskin.ee\/fi\/wp-json\/wp\/v2\/product"}],"about":[{"href":"https:\/\/test.velvetskin.ee\/fi\/wp-json\/wp\/v2\/types\/product"}],"version-history":[{"count":8,"href":"https:\/\/test.velvetskin.ee\/fi\/wp-json\/wp\/v2\/product\/1530\/revisions"}],"predecessor-version":[{"id":3953,"href":"https:\/\/test.velvetskin.ee\/fi\/wp-json\/wp\/v2\/product\/1530\/revisions\/3953"}],"wp:featuredmedia":[{"embeddable":true,"href":"https:\/\/test.velvetskin.ee\/fi\/wp-json\/wp\/v2\/media\/1533"}],"wp:attachment":[{"href":"https:\/\/test.velvetskin.ee\/fi\/wp-json\/wp\/v2\/media?parent=1530"}],"wp:term":[{"taxonomy":"product_brand","embeddable":true,"href":"https:\/\/test.velvetskin.ee\/fi\/wp-json\/wp\/v2\/product_brand?post=1530"},{"taxonomy":"product_cat","embeddable":true,"href":"https:\/\/test.velvetskin.ee\/fi\/wp-json\/wp\/v2\/product_cat?post=1530"},{"taxonomy":"product_tag","embeddable":true,"href":"https:\/\/test.velvetskin.ee\/fi\/wp-json\/wp\/v2\/product_tag?post=1530"}],"curies":[{"name":"wp","href":"https:\/\/api.w.org\/{rel}","templated":true}]}}