{"id":1535,"date":"2024-11-24T16:30:33","date_gmt":"2024-11-24T14:30:33","guid":{"rendered":"https:\/\/test.velvetskin.ee\/?post_type=product&#038;p=1535"},"modified":"2025-11-25T21:34:10","modified_gmt":"2025-11-25T19:34:10","slug":"spotlight-whitening-kangasmask-1-tk","status":"publish","type":"product","link":"https:\/\/test.velvetskin.ee\/fi\/tuote\/spotlight-whitening-kangasmask-1-tk\/","title":{"rendered":"Spotlight Whitening Kangasmask 1 tk"},"content":{"rendered":"<p>Kangasmask, mis sisaldab naturaalsest Guaavast saadud vitamiine. C, B ja E vitamiinid annavad nahale s\u00e4ra, uus ja ainulaadne Ipomoea Hederacea Callus Culture Extract on patenteeritud pigmendihelendaja. 100% naturaalsest puuvillast.<\/p>\n<p>Kasutamine: 1-2 x n\u00e4dalas.<\/p>\n<p>Kabinetihoolduses: kasutada vahe-v\u00f5i l\u00f5pumaskina pigmenti \u00fchtlustavas v\u00f5i noorendavas hoolduses NB! EI SOBI kasutada peale microneedligut (dermapeni).<\/p>","protected":false},"excerpt":{"rendered":"<p>Kangasmask, mis sisaldab naturaalsest Guaavast saadud vitamiine. C, B ja E vitamiinid annavad nahale s\u00e4ra, uus ja ainulaadne Ipomoea Hederacea Callus Culture Extract on patenteeritud pigmendihelendaja. 100% naturaalsest puuvillast.<\/p>","protected":false},"featured_media":1538,"template":"","meta":{"_acf_changed":false},"product_brand":[158],"product_cat":[172],"product_tag":[182,186,183],"class_list":{"0":"post-1535","1":"product","2":"type-product","3":"status-publish","4":"has-post-thumbnail","6":"product_brand-fau","7":"product_cat-naomaskid","8":"product_tag-kortsud-ja-lotvunud-nahk","9":"product_tag-pigmendiprobleemid","10":"product_tag-tuhm-ja-sara-kaotanud-nahk","12":"first","13":"instock","14":"sale","15":"taxable","16":"shipping-taxable","17":"purchasable","18":"product-type-simple"},"acf":[],"_links":{"self":[{"href":"https:\/\/test.velvetskin.ee\/fi\/wp-json\/wp\/v2\/product\/1535","targetHints":{"allow":["GET"]}}],"collection":[{"href":"https:\/\/test.velvetskin.ee\/fi\/wp-json\/wp\/v2\/product"}],"about":[{"href":"https:\/\/test.velvetskin.ee\/fi\/wp-json\/wp\/v2\/types\/product"}],"version-history":[{"count":6,"href":"https:\/\/test.velvetskin.ee\/fi\/wp-json\/wp\/v2\/product\/1535\/revisions"}],"predecessor-version":[{"id":3954,"href":"https:\/\/test.velvetskin.ee\/fi\/wp-json\/wp\/v2\/product\/1535\/revisions\/3954"}],"wp:featuredmedia":[{"embeddable":true,"href":"https:\/\/test.velvetskin.ee\/fi\/wp-json\/wp\/v2\/media\/1538"}],"wp:attachment":[{"href":"https:\/\/test.velvetskin.ee\/fi\/wp-json\/wp\/v2\/media?parent=1535"}],"wp:term":[{"taxonomy":"product_brand","embeddable":true,"href":"https:\/\/test.velvetskin.ee\/fi\/wp-json\/wp\/v2\/product_brand?post=1535"},{"taxonomy":"product_cat","embeddable":true,"href":"https:\/\/test.velvetskin.ee\/fi\/wp-json\/wp\/v2\/product_cat?post=1535"},{"taxonomy":"product_tag","embeddable":true,"href":"https:\/\/test.velvetskin.ee\/fi\/wp-json\/wp\/v2\/product_tag?post=1535"}],"curies":[{"name":"wp","href":"https:\/\/api.w.org\/{rel}","templated":true}]}}