{"id":1550,"date":"2024-11-26T13:18:08","date_gmt":"2024-11-26T11:18:08","guid":{"rendered":"https:\/\/test.velvetskin.ee\/?post_type=product&#038;p=1550"},"modified":"2025-11-25T21:34:10","modified_gmt":"2025-11-25T19:34:10","slug":"star-solution-cushion-black","status":"publish","type":"product","link":"https:\/\/test.velvetskin.ee\/fi\/tuote\/star-solution-cushion-black\/","title":{"rendered":"Star Solution Cushion Black"},"content":{"rendered":"<p>Kollaka alatooniga. Nahka niisutava, jumet \u00fchtlustav ja vananemisvastase toimega. UV kaitse SPF 50.<\/p>\n<p>Koostisained: Kolme erineva h\u00fcaluroohappe kompleks, 4 erineva peptiidi kompleks.<\/p>\n<p>Niisutav ja s\u00e4rav tulemus. Sobib h\u00e4sti l\u00f5tvnud nahale, kerged kortsud, normaalsele ja kombineeritud nahale.<\/p>","protected":false},"excerpt":{"rendered":"<p>Kollaka alatooniga. Nahka niisutava, jumet \u00fchtlustav ja vananemisvastase toimega. UV kaitse SPF 50.<\/p>","protected":false},"featured_media":1556,"template":"","meta":{"_acf_changed":false},"product_brand":[158],"product_cat":[174],"product_tag":[190,181,182,186,180,183,189],"class_list":{"0":"post-1550","1":"product","2":"type-product","3":"status-publish","4":"has-post-thumbnail","6":"product_brand-fau","7":"product_cat-meigitooted","8":"product_tag-arritunud-ja-voi-kuiv-nahk","9":"product_tag-esimesed-kortsud-30","10":"product_tag-kortsud-ja-lotvunud-nahk","11":"product_tag-pigmendiprobleemid","12":"product_tag-rosaatsea-ja-kuperroosa","13":"product_tag-tuhm-ja-sara-kaotanud-nahk","14":"product_tag-tundlik","16":"first","17":"instock","18":"sale","19":"taxable","20":"shipping-taxable","21":"purchasable","22":"product-type-simple"},"acf":[],"_links":{"self":[{"href":"https:\/\/test.velvetskin.ee\/fi\/wp-json\/wp\/v2\/product\/1550","targetHints":{"allow":["GET"]}}],"collection":[{"href":"https:\/\/test.velvetskin.ee\/fi\/wp-json\/wp\/v2\/product"}],"about":[{"href":"https:\/\/test.velvetskin.ee\/fi\/wp-json\/wp\/v2\/types\/product"}],"version-history":[{"count":7,"href":"https:\/\/test.velvetskin.ee\/fi\/wp-json\/wp\/v2\/product\/1550\/revisions"}],"predecessor-version":[{"id":3955,"href":"https:\/\/test.velvetskin.ee\/fi\/wp-json\/wp\/v2\/product\/1550\/revisions\/3955"}],"wp:featuredmedia":[{"embeddable":true,"href":"https:\/\/test.velvetskin.ee\/fi\/wp-json\/wp\/v2\/media\/1556"}],"wp:attachment":[{"href":"https:\/\/test.velvetskin.ee\/fi\/wp-json\/wp\/v2\/media?parent=1550"}],"wp:term":[{"taxonomy":"product_brand","embeddable":true,"href":"https:\/\/test.velvetskin.ee\/fi\/wp-json\/wp\/v2\/product_brand?post=1550"},{"taxonomy":"product_cat","embeddable":true,"href":"https:\/\/test.velvetskin.ee\/fi\/wp-json\/wp\/v2\/product_cat?post=1550"},{"taxonomy":"product_tag","embeddable":true,"href":"https:\/\/test.velvetskin.ee\/fi\/wp-json\/wp\/v2\/product_tag?post=1550"}],"curies":[{"name":"wp","href":"https:\/\/api.w.org\/{rel}","templated":true}]}}