{"id":1630,"date":"2024-11-26T16:44:01","date_gmt":"2024-11-26T14:44:01","guid":{"rendered":"https:\/\/test.velvetskin.ee\/?post_type=product&#038;p=1630"},"modified":"2025-11-25T21:34:10","modified_gmt":"2025-11-25T19:34:10","slug":"probleemse-kombineeritud-ja-rasuse-naha-komplekt","status":"publish","type":"product","link":"https:\/\/test.velvetskin.ee\/fi\/tuote\/probleemse-kombineeritud-ja-rasuse-naha-komplekt\/","title":{"rendered":"Fau Probleemse"},"content":{"rendered":"<p><strong>\u2022 <a href=\"https:\/\/test.velvetskin.ee\/fi\/tuote\/skin-solution-sos-cream\/\" target=\"_blank\" rel=\"noopener\">SOS kreem<\/a><\/strong><\/p>\n<p><strong>\u2022 <a href=\"https:\/\/test.velvetskin.ee\/fi\/tuote\/skin-solution-sos-seerum-50ml\/\" target=\"_blank\" rel=\"noopener\">SOS seerum<\/a><\/strong><\/p>\n<p><strong>\u2022 <a href=\"https:\/\/test.velvetskin.ee\/fi\/tuote\/shiny-pumpkin-peel-care-cream\/\" target=\"_blank\" rel=\"noopener\">Pumpkin Peel Care kreem<\/a><\/strong><\/p>\n<p>Komplektis sisalduvad tooted on m\u00f5eldud just akne ja rosacea probleemiga v\u00f5itlemiseks. Kreem niisutava, rahustava ja p\u00f5letikuvastase toimega. Sobib kasutamiseks \u00f5htul ja hommikul. SOS seerum on t\u00f5eliselt rahustav ja niisutav ning p\u00f5letikuvastase toimega. Eriliselt meeldiva aroomiga!<\/p>\n<p>NB! Tooted sisaldavad taruvaiku. Kui Sul on selle vastu allergia siis ei soovita toodet kasutada.<\/p>\n<p>Kompletis on lisaks k\u00f5rvitsa hapetega \u00f6\u00f6kreem, mida soovitame kasutada 2-4 korda n\u00e4dalas ja \u00f5htuti. Tulemuseks siidine nahk.<\/p>","protected":false},"excerpt":{"rendered":"<p>\u2022 SOS kreem<br \/>\n\u2022 SOS seerum<br \/>\n\u2022 Pumpkin Peel Care kreem<\/p>","protected":false},"featured_media":1635,"template":"","meta":{"_acf_changed":false},"product_brand":[158],"product_cat":[15],"product_tag":[178,179],"class_list":{"0":"post-1630","1":"product","2":"type-product","3":"status-publish","4":"has-post-thumbnail","6":"product_brand-fau","7":"product_cat-maaramata","8":"product_tag-akne-ja-akneilmingud","9":"product_tag-rasune-ja-kombineeritud-nahk","11":"first","12":"instock","13":"sale","14":"taxable","15":"shipping-taxable","16":"purchasable","17":"product-type-simple"},"acf":[],"_links":{"self":[{"href":"https:\/\/test.velvetskin.ee\/fi\/wp-json\/wp\/v2\/product\/1630","targetHints":{"allow":["GET"]}}],"collection":[{"href":"https:\/\/test.velvetskin.ee\/fi\/wp-json\/wp\/v2\/product"}],"about":[{"href":"https:\/\/test.velvetskin.ee\/fi\/wp-json\/wp\/v2\/types\/product"}],"version-history":[{"count":8,"href":"https:\/\/test.velvetskin.ee\/fi\/wp-json\/wp\/v2\/product\/1630\/revisions"}],"predecessor-version":[{"id":3962,"href":"https:\/\/test.velvetskin.ee\/fi\/wp-json\/wp\/v2\/product\/1630\/revisions\/3962"}],"wp:featuredmedia":[{"embeddable":true,"href":"https:\/\/test.velvetskin.ee\/fi\/wp-json\/wp\/v2\/media\/1635"}],"wp:attachment":[{"href":"https:\/\/test.velvetskin.ee\/fi\/wp-json\/wp\/v2\/media?parent=1630"}],"wp:term":[{"taxonomy":"product_brand","embeddable":true,"href":"https:\/\/test.velvetskin.ee\/fi\/wp-json\/wp\/v2\/product_brand?post=1630"},{"taxonomy":"product_cat","embeddable":true,"href":"https:\/\/test.velvetskin.ee\/fi\/wp-json\/wp\/v2\/product_cat?post=1630"},{"taxonomy":"product_tag","embeddable":true,"href":"https:\/\/test.velvetskin.ee\/fi\/wp-json\/wp\/v2\/product_tag?post=1630"}],"curies":[{"name":"wp","href":"https:\/\/api.w.org\/{rel}","templated":true}]}}