{"id":1725,"date":"2024-11-27T17:30:27","date_gmt":"2024-11-27T15:30:27","guid":{"rendered":"https:\/\/test.velvetskin.ee\/?post_type=product&#038;p=1725"},"modified":"2025-11-26T22:45:23","modified_gmt":"2025-11-26T20:45:23","slug":"vital-modelizing-cream","status":"publish","type":"product","link":"https:\/\/test.velvetskin.ee\/fi\/tuote\/vital-modelizing-cream\/","title":{"rendered":"Vital Modelizing Cream"},"content":{"rendered":"<p><b>T<\/b><b>oitev <\/b><b>massaa\u017eikreem t\u00e4iustatud massaa\u017eitehnikate <\/b><b>jaoks<\/b><\/p>\n<p>Libiseva tekstuuriga niisutav massaazi kreem.<\/p>\n<ul>\n<li><b>Aktiivsete <\/b><b>koostisosade<\/b><b>ga<\/b> <b>rikastatud<\/b><b> massaa\u017eikreem<\/b><b>.<\/b> See sisaldab lagritsajuure ekstrakti, mis on tuntud oma nahka rahustavate ja niisutavate omaduste poolest. See pakub \u00f5rna massaa\u017eikogemust, niisutades nahka t\u00f5husalt, s\u00e4ilitades samal ajal siidisea ja libiseva tekstuuri.<\/li>\n<li><\/li>\n<li><b>S\u00e4ilitusainetevaba <\/b><b>ja ohutu tundlikule nahale <\/b>Ei sisalda parabeene ja fenoks\u00fcetanooli, on ohutu kasutada tundlikul nahal.<\/li>\n<li><b>Pehme ja sametine tekstuur suurendab massaa\u017ei efektiivsust <\/b>See libiseb sujuvalt, s\u00e4ilitades niiskuse kogu massaa\u017ei v\u00e4ltel.<\/li>\n<\/ul>\n<p>Kuiva ja kareda naha taastamiseks massaa\u017ei ajal<\/p>\n<ul>\n<li>Massaa\u017eitehnika efektiivsuse t\u00f5stmiseks<\/li>\n<li>Nii n\u00e4o- kui kehamassaa\u017eiks sobiva massaa\u017eikreemi otsimisel<\/li>\n<li>Kui otsite niisutavat, toitvat ja mitte\u00e4rritavat massaa\u017eikreemi<\/li>\n<\/ul>","protected":false},"excerpt":{"rendered":"<p>Kerge aroomiga, h\u00e4sti libisev ja \u00fcli niisutav massaazikreem, mis sobib nii n\u00e4ole kui kehale. Ei \u00e4rrita nahka ja kreem ei hakka massa\u017ei ajal rulluma nahal. 1000ml<\/p>","protected":false},"featured_media":1728,"template":"","meta":{"_acf_changed":false},"product_brand":[158],"product_cat":[175],"product_tag":[182],"class_list":{"0":"post-1725","1":"product","2":"type-product","3":"status-publish","4":"has-post-thumbnail","6":"product_brand-fau","7":"product_cat-massaazitooted","8":"product_tag-kortsud-ja-lotvunud-nahk","10":"first","11":"instock","12":"sale","13":"taxable","14":"shipping-taxable","15":"purchasable","16":"product-type-simple"},"acf":[],"_links":{"self":[{"href":"https:\/\/test.velvetskin.ee\/fi\/wp-json\/wp\/v2\/product\/1725","targetHints":{"allow":["GET"]}}],"collection":[{"href":"https:\/\/test.velvetskin.ee\/fi\/wp-json\/wp\/v2\/product"}],"about":[{"href":"https:\/\/test.velvetskin.ee\/fi\/wp-json\/wp\/v2\/types\/product"}],"version-history":[{"count":5,"href":"https:\/\/test.velvetskin.ee\/fi\/wp-json\/wp\/v2\/product\/1725\/revisions"}],"predecessor-version":[{"id":3967,"href":"https:\/\/test.velvetskin.ee\/fi\/wp-json\/wp\/v2\/product\/1725\/revisions\/3967"}],"wp:featuredmedia":[{"embeddable":true,"href":"https:\/\/test.velvetskin.ee\/fi\/wp-json\/wp\/v2\/media\/1728"}],"wp:attachment":[{"href":"https:\/\/test.velvetskin.ee\/fi\/wp-json\/wp\/v2\/media?parent=1725"}],"wp:term":[{"taxonomy":"product_brand","embeddable":true,"href":"https:\/\/test.velvetskin.ee\/fi\/wp-json\/wp\/v2\/product_brand?post=1725"},{"taxonomy":"product_cat","embeddable":true,"href":"https:\/\/test.velvetskin.ee\/fi\/wp-json\/wp\/v2\/product_cat?post=1725"},{"taxonomy":"product_tag","embeddable":true,"href":"https:\/\/test.velvetskin.ee\/fi\/wp-json\/wp\/v2\/product_tag?post=1725"}],"curies":[{"name":"wp","href":"https:\/\/api.w.org\/{rel}","templated":true}]}}