{"id":2165,"date":"2024-12-19T16:38:46","date_gmt":"2024-12-19T14:38:46","guid":{"rendered":"https:\/\/test.velvetskin.ee\/?post_type=product&#038;p=2165"},"modified":"2025-11-25T21:34:10","modified_gmt":"2025-11-25T19:34:10","slug":"core-intensive-eye-cream","status":"publish","type":"product","link":"https:\/\/test.velvetskin.ee\/fi\/tuote\/core-intensive-eye-cream\/","title":{"rendered":"Core Intensive Eye Cream"},"content":{"rendered":"<ul>\n<li><b>Neroli e. <\/b><b>m\u00f5ruapelsinivee<\/b> <b>baasil<\/b> <b>kreem<\/b><\/li>\n<\/ul>\n<p>Sisaldab tavalise puhastatud vee asemel m\u00f5ruapelsini lillevett, mis sobib \u00f5rnale ja tundlikule nahale ning\u00a0annab silma\u00fcmbrusele s\u00e4ra ja eluj\u00f5udu.<\/p>\n<ul>\n<li><b> <\/b><b>Botoxilaadne<\/b> <b>toimeaine<\/b><b> &#8211;<\/b><b>atset\u00fc\u00fclheksapeptiid<\/b><\/li>\n<\/ul>\n<p>Kuna see peptiid on sarnane meie nahavalguga ja imendub kergesti nahka, annab ta koheselt efekti-kortsud on siledamad ja nahk elastsem ning p\u00f5hjalikult niisutatud.<\/p>\n<p>&nbsp;<\/p>","protected":false},"excerpt":{"rendered":"<p>See silmakreem sisaldab taimseid koostisosi, andes elastsust ja eluj\u00f5udu \u00f5rnale silma\u00fcmbruse nahale, kus k\u00f5ige kergemini tekivad kortsud. Botoxi-efektiga atset\u00fc\u00fclheksapeptiid l\u00f5\u00f5gastab ja silendab silma\u00fcmbruse kortse koheselt ja efektiivselt.<\/p>\n<p>Kasutamine: Kanna silmakreemi hommikul ja \u00f5htul silma\u00fcmber kergelt maseerivate liigutustega.<\/p>","protected":false},"featured_media":2168,"template":"","meta":{"_acf_changed":false},"product_brand":[158],"product_cat":[170],"product_tag":[181,182,187],"class_list":{"0":"post-2165","1":"product","2":"type-product","3":"status-publish","4":"has-post-thumbnail","6":"product_brand-fau","7":"product_cat-silmaumbruse-hooldus","8":"product_tag-esimesed-kortsud-30","9":"product_tag-kortsud-ja-lotvunud-nahk","10":"product_tag-silmaumbruse-probleemid","12":"first","13":"instock","14":"sale","15":"taxable","16":"shipping-taxable","17":"purchasable","18":"product-type-simple"},"acf":[],"_links":{"self":[{"href":"https:\/\/test.velvetskin.ee\/fi\/wp-json\/wp\/v2\/product\/2165","targetHints":{"allow":["GET"]}}],"collection":[{"href":"https:\/\/test.velvetskin.ee\/fi\/wp-json\/wp\/v2\/product"}],"about":[{"href":"https:\/\/test.velvetskin.ee\/fi\/wp-json\/wp\/v2\/types\/product"}],"version-history":[{"count":4,"href":"https:\/\/test.velvetskin.ee\/fi\/wp-json\/wp\/v2\/product\/2165\/revisions"}],"predecessor-version":[{"id":3974,"href":"https:\/\/test.velvetskin.ee\/fi\/wp-json\/wp\/v2\/product\/2165\/revisions\/3974"}],"wp:featuredmedia":[{"embeddable":true,"href":"https:\/\/test.velvetskin.ee\/fi\/wp-json\/wp\/v2\/media\/2168"}],"wp:attachment":[{"href":"https:\/\/test.velvetskin.ee\/fi\/wp-json\/wp\/v2\/media?parent=2165"}],"wp:term":[{"taxonomy":"product_brand","embeddable":true,"href":"https:\/\/test.velvetskin.ee\/fi\/wp-json\/wp\/v2\/product_brand?post=2165"},{"taxonomy":"product_cat","embeddable":true,"href":"https:\/\/test.velvetskin.ee\/fi\/wp-json\/wp\/v2\/product_cat?post=2165"},{"taxonomy":"product_tag","embeddable":true,"href":"https:\/\/test.velvetskin.ee\/fi\/wp-json\/wp\/v2\/product_tag?post=2165"}],"curies":[{"name":"wp","href":"https:\/\/api.w.org\/{rel}","templated":true}]}}