{"id":2169,"date":"2024-12-20T16:47:45","date_gmt":"2024-12-20T14:47:45","guid":{"rendered":"https:\/\/test.velvetskin.ee\/?post_type=product&#038;p=2169"},"modified":"2025-11-25T21:34:10","modified_gmt":"2025-11-25T19:34:10","slug":"fau-skin-solution-sos-travel-kit","status":"publish","type":"product","link":"https:\/\/test.velvetskin.ee\/fi\/tuote\/fau-skin-solution-sos-travel-kit\/","title":{"rendered":"Fau Skin Solution SOS Travel Kit"},"content":{"rendered":"<p>FAU SOS Travel KIT mis sobib kaaslaseks igale reisile ja igale nahat\u00fc\u00fcbile. Eriti sobilik tundlikule, kuivale ja punetavale nahale. Tooted jahutavad, taastavad ja niisutava nahka intensiivselt. V\u00e4ga h\u00e4sti sobib peale liigse p\u00e4ikse tarbimist talisporti tehes v\u00f5i rannapuhkust nautides.<\/p>\n<p><strong>Kosmeetikakott sisaldab:<\/strong><\/p>\n<ul>\n<li>SOS kangasamask 1tk<\/li>\n<li>SOS rahustav niisutav seerum 10ml<\/li>\n<li>SOS toonik 10ml<\/li>\n<li>SOS n\u00e4okreem 15ml<\/li>\n<\/ul>","protected":false},"excerpt":{"rendered":"<p>Kosmeetikakott sisaldab:<br \/>\n1tk SOS kangasamask<br \/>\n10ml SOS rahustav niisutav seerum<br \/>\n10ml SOS toonik<br \/>\n15ml SOS n\u00e4okreem<\/p>","protected":false},"featured_media":2171,"template":"","meta":{"_acf_changed":false},"product_brand":[158],"product_cat":[169],"product_tag":[178,190,179,180,189],"class_list":{"0":"post-2169","1":"product","2":"type-product","3":"status-publish","4":"has-post-thumbnail","6":"product_brand-fau","7":"product_cat-kreemid","8":"product_tag-akne-ja-akneilmingud","9":"product_tag-arritunud-ja-voi-kuiv-nahk","10":"product_tag-rasune-ja-kombineeritud-nahk","11":"product_tag-rosaatsea-ja-kuperroosa","12":"product_tag-tundlik","14":"first","15":"instock","16":"sale","17":"taxable","18":"shipping-taxable","19":"purchasable","20":"product-type-simple"},"acf":[],"_links":{"self":[{"href":"https:\/\/test.velvetskin.ee\/fi\/wp-json\/wp\/v2\/product\/2169","targetHints":{"allow":["GET"]}}],"collection":[{"href":"https:\/\/test.velvetskin.ee\/fi\/wp-json\/wp\/v2\/product"}],"about":[{"href":"https:\/\/test.velvetskin.ee\/fi\/wp-json\/wp\/v2\/types\/product"}],"version-history":[{"count":7,"href":"https:\/\/test.velvetskin.ee\/fi\/wp-json\/wp\/v2\/product\/2169\/revisions"}],"predecessor-version":[{"id":3975,"href":"https:\/\/test.velvetskin.ee\/fi\/wp-json\/wp\/v2\/product\/2169\/revisions\/3975"}],"wp:featuredmedia":[{"embeddable":true,"href":"https:\/\/test.velvetskin.ee\/fi\/wp-json\/wp\/v2\/media\/2171"}],"wp:attachment":[{"href":"https:\/\/test.velvetskin.ee\/fi\/wp-json\/wp\/v2\/media?parent=2169"}],"wp:term":[{"taxonomy":"product_brand","embeddable":true,"href":"https:\/\/test.velvetskin.ee\/fi\/wp-json\/wp\/v2\/product_brand?post=2169"},{"taxonomy":"product_cat","embeddable":true,"href":"https:\/\/test.velvetskin.ee\/fi\/wp-json\/wp\/v2\/product_cat?post=2169"},{"taxonomy":"product_tag","embeddable":true,"href":"https:\/\/test.velvetskin.ee\/fi\/wp-json\/wp\/v2\/product_tag?post=2169"}],"curies":[{"name":"wp","href":"https:\/\/api.w.org\/{rel}","templated":true}]}}