{"id":2285,"date":"2025-01-13T18:03:14","date_gmt":"2025-01-13T16:03:14","guid":{"rendered":"https:\/\/test.velvetskin.ee\/?post_type=product&#038;p=2285"},"modified":"2025-11-25T21:34:10","modified_gmt":"2025-11-25T19:34:10","slug":"dr-bioled-naomask","status":"publish","type":"product","link":"https:\/\/test.velvetskin.ee\/fi\/tuote\/dr-bioled-naomask\/","title":{"rendered":"Dr.bioled N?omask"},"content":{"rendered":"<p>Uuendus nahahooldustehnoloogias: Dr. BioLEDi Red Light Therapy Mask. Valmistatud teie \u00fclimat mugavust ja k\u00e4ep\u00e4rasust silmas pidades, muudab Dr. BioLEDi LED-n\u00e4omask koduseid nahahooldusrutiine.<\/p>\n<p>Kvaliteetsest silikoonmaterjalist valmistatud valgusteraapiamask on pehme, paindlik ja kerge, pakkudes kasutamise ajal v\u00f5rratut mugavust. Erinevalt traditsioonilistest plastikust n\u00e4omaskidest tagab silikoondisain teie n\u00e4ole tihedalt sobivuse, v\u00f5imaldades teil vabalt liikuda, ilma et peaksite end kohmakalt v\u00f5i piiratuna tundma. Lisaks muudab selle kokkupandav disain h\u00f5lpsasti kaasas kandmiseks k\u00f5ikjal, kuhu l\u00e4hete, ning sobib ideaalselt neile, kellel on kiire ja liikuv eluviis.<\/p>\n<p>Kasutades punase valguse teraapia j\u00f5udu, tagab Dr.bioledLED-n\u00e4omask teie nahale sihip\u00e4rase ravi, soodustades hooldust ja paranemist seestpoolt. Kuumusevabad LED-pirnid edastavad valgusenergia s\u00fcgavale nahka, stimuleerides kollageeni tootmist, v\u00e4hendades peeneid joonekesi ja kortse ning parandades \u00fcldist nahatekstuuri. Regulaarsel kasutamisel m\u00e4rkate siledamat, s\u00e4ravamat ja tervema v\u00e4ljan\u00e4gemisega nahka.<\/p>\n<ul>\n<li>Seitsmev\u00e4rvilise LED-valgusteraapia nahahooldusmaski ilufunktsioon: punase, rohelise, sinise, kollase, lilla, helesinise ja pehme valgusega kiiritamine muudab teie n\u00e4o siledamaks ja l\u00e4ikivamaks.<\/li>\n<li>Spetsiaalselt n\u00e4ohoolduseks loodud fototeraapiamask: Dr. BioLED mask kasutab valgusreaktsiooni j\u00f5udu naha hooldamiseks. Valgusenergia kandub naha pinnale l\u00e4bi soojusvabade LED pirnide.<\/li>\n<li>Kvaliteetne silikoonmaterjalist valgusteraapiamask: toode on loodud teie n\u00e4o jaoks parimast silikoonmaterjalist, mis muudab maski pehmeks, mugavaks, korduvkasutatavaks ja h\u00f5lpsasti kaasaskandmiseks kokkupandavaks. See ei libise kergesti n\u00e4olt nagu tavaline plastmask. Kandke seda, ilu on sama lihtne kui uni ja laske oma nahal energiat t\u00e4ielikult absorbeerida.<\/li>\n<li>Lihtne ja t\u00f5hus nahahooldus: spetsiaalselt n\u00e4onaha ilu jaoks loodud maskid on pehmed ja mugavad, sobivad k\u00f5ikidele nahat\u00fc\u00fcpidele. Lihtsalt kasutage seda 3-5 korda n\u00e4dalas 15-30 minuti jooksul ja oodake n\u00e4htavat naha paranemist umbes 4 n\u00e4dala p\u00e4rast. J\u00e4rjepidev igap\u00e4evane kasutamine annab teile uue eluv\u00e4rske n\u00e4o.<\/li>\n<\/ul>","protected":false},"excerpt":{"rendered":"<p><strong>Laetav ja kaasaskantav LED-fototeraapia seade.<\/strong><br \/>\n\u00dchtlane valgus n\u00e4o kosmeetiliseks hoolduseks.<\/p>","protected":false},"featured_media":2293,"template":"","meta":{"_acf_changed":false},"product_brand":[160],"product_cat":[176],"product_tag":[178,181,182,179,180],"class_list":{"0":"post-2285","1":"product","2":"type-product","3":"status-publish","4":"has-post-thumbnail","6":"product_brand-dr-bioled","7":"product_cat-naohooldusaparaadid","8":"product_tag-akne-ja-akneilmingud","9":"product_tag-esimesed-kortsud-30","10":"product_tag-kortsud-ja-lotvunud-nahk","11":"product_tag-rasune-ja-kombineeritud-nahk","12":"product_tag-rosaatsea-ja-kuperroosa","14":"first","15":"instock","16":"sale","17":"taxable","18":"shipping-taxable","19":"purchasable","20":"product-type-simple"},"acf":[],"_links":{"self":[{"href":"https:\/\/test.velvetskin.ee\/fi\/wp-json\/wp\/v2\/product\/2285","targetHints":{"allow":["GET"]}}],"collection":[{"href":"https:\/\/test.velvetskin.ee\/fi\/wp-json\/wp\/v2\/product"}],"about":[{"href":"https:\/\/test.velvetskin.ee\/fi\/wp-json\/wp\/v2\/types\/product"}],"version-history":[{"count":13,"href":"https:\/\/test.velvetskin.ee\/fi\/wp-json\/wp\/v2\/product\/2285\/revisions"}],"predecessor-version":[{"id":3976,"href":"https:\/\/test.velvetskin.ee\/fi\/wp-json\/wp\/v2\/product\/2285\/revisions\/3976"}],"wp:featuredmedia":[{"embeddable":true,"href":"https:\/\/test.velvetskin.ee\/fi\/wp-json\/wp\/v2\/media\/2293"}],"wp:attachment":[{"href":"https:\/\/test.velvetskin.ee\/fi\/wp-json\/wp\/v2\/media?parent=2285"}],"wp:term":[{"taxonomy":"product_brand","embeddable":true,"href":"https:\/\/test.velvetskin.ee\/fi\/wp-json\/wp\/v2\/product_brand?post=2285"},{"taxonomy":"product_cat","embeddable":true,"href":"https:\/\/test.velvetskin.ee\/fi\/wp-json\/wp\/v2\/product_cat?post=2285"},{"taxonomy":"product_tag","embeddable":true,"href":"https:\/\/test.velvetskin.ee\/fi\/wp-json\/wp\/v2\/product_tag?post=2285"}],"curies":[{"name":"wp","href":"https:\/\/api.w.org\/{rel}","templated":true}]}}