{"id":2344,"date":"2025-01-14T15:56:20","date_gmt":"2025-01-14T13:56:20","guid":{"rendered":"https:\/\/test.velvetskin.ee\/?post_type=product&#038;p=2344"},"modified":"2025-11-26T08:52:59","modified_gmt":"2025-11-26T06:52:59","slug":"antiox-facial-peptigenol-ampoules","status":"publish","type":"product","link":"https:\/\/test.velvetskin.ee\/fi\/tuote\/antiox-facial-peptigenol-ampoules\/","title":{"rendered":"Antiox Facial Peptigenol Ampoules"},"content":{"rendered":"<p>Regeneratiivne peptiidikompleks, mis aitab korrigeerida miimikajooni ja vananemise m\u00e4rke. Toidab ja niisutab s\u00fcgavalt. Suurendab naha elastsust ja pehmust. Pakub antioks\u00fcdantset toimet. V\u00f5imsad biofunktsionaalsed koostisosad, nagu peptiidid, mis taaselustavad naha ainevahetust ja aitavad toota kollageeni ja elastiini.<\/p>\n<p><strong>Kasutusjuhend:<\/strong><br \/>\nKanna ringjate liigutustega n\u00e4ole, kaelale ja dekolteele, v\u00e4ltides silma\u00fcmbrust, kuni t\u00e4ieliku imendumiseni. Enne kasutamist loksuta. Kasuta igap\u00e4evaselt.<br \/>\nAva ettevaatlikult ampull,\u00a0 kasuta\u00a0 1 ampull p\u00e4evas, 1 osa hommikul ja 1 osa \u00f5htul. Ampull tuleb kasutada 12h jooksul.<\/p>\n<p><strong>Aktiivkoostisosad:<br \/>\n<\/strong>Peptiidid<br \/>\nAminohapped<br \/>\nKinoa ekstrakt<br \/>\nMere gl\u00fckogeen<br \/>\nE-vitamiin<br \/>\nH\u00fcaluroonhape<br \/>\nKoens\u00fc\u00fcm Q10<\/p>","protected":false},"excerpt":{"rendered":"<p>Regeneratiivne peptiidikompleks, mis aitab korrigeerida miimikajooni ja vananemise m\u00e4rke. Toidab ja niisutab s\u00fcgavalt. Suurendab naha elastsust ja pehmust. Pakub antioks\u00fcdantset toimet.<\/p>","protected":false},"featured_media":2346,"template":"","meta":{"_acf_changed":false},"product_brand":[159],"product_cat":[168],"product_tag":[190,181,182,180,183,189],"class_list":{"0":"post-2344","1":"product","2":"type-product","3":"status-publish","4":"has-post-thumbnail","6":"product_brand-inlab","7":"product_cat-ampulli-seerumid","8":"product_tag-arritunud-ja-voi-kuiv-nahk","9":"product_tag-esimesed-kortsud-30","10":"product_tag-kortsud-ja-lotvunud-nahk","11":"product_tag-rosaatsea-ja-kuperroosa","12":"product_tag-tuhm-ja-sara-kaotanud-nahk","13":"product_tag-tundlik","15":"first","16":"instock","17":"sale","18":"taxable","19":"shipping-taxable","20":"purchasable","21":"product-type-simple"},"acf":[],"_links":{"self":[{"href":"https:\/\/test.velvetskin.ee\/fi\/wp-json\/wp\/v2\/product\/2344","targetHints":{"allow":["GET"]}}],"collection":[{"href":"https:\/\/test.velvetskin.ee\/fi\/wp-json\/wp\/v2\/product"}],"about":[{"href":"https:\/\/test.velvetskin.ee\/fi\/wp-json\/wp\/v2\/types\/product"}],"version-history":[{"count":7,"href":"https:\/\/test.velvetskin.ee\/fi\/wp-json\/wp\/v2\/product\/2344\/revisions"}],"predecessor-version":[{"id":3979,"href":"https:\/\/test.velvetskin.ee\/fi\/wp-json\/wp\/v2\/product\/2344\/revisions\/3979"}],"wp:featuredmedia":[{"embeddable":true,"href":"https:\/\/test.velvetskin.ee\/fi\/wp-json\/wp\/v2\/media\/2346"}],"wp:attachment":[{"href":"https:\/\/test.velvetskin.ee\/fi\/wp-json\/wp\/v2\/media?parent=2344"}],"wp:term":[{"taxonomy":"product_brand","embeddable":true,"href":"https:\/\/test.velvetskin.ee\/fi\/wp-json\/wp\/v2\/product_brand?post=2344"},{"taxonomy":"product_cat","embeddable":true,"href":"https:\/\/test.velvetskin.ee\/fi\/wp-json\/wp\/v2\/product_cat?post=2344"},{"taxonomy":"product_tag","embeddable":true,"href":"https:\/\/test.velvetskin.ee\/fi\/wp-json\/wp\/v2\/product_tag?post=2344"}],"curies":[{"name":"wp","href":"https:\/\/api.w.org\/{rel}","templated":true}]}}