{"id":2353,"date":"2025-01-14T16:04:43","date_gmt":"2025-01-14T14:04:43","guid":{"rendered":"https:\/\/test.velvetskin.ee\/?post_type=product&#038;p=2353"},"modified":"2025-11-26T08:52:59","modified_gmt":"2025-11-26T06:52:59","slug":"flash-effect-vitamin-c-ampoules","status":"publish","type":"product","link":"https:\/\/test.velvetskin.ee\/fi\/tuote\/flash-effect-vitamin-c-ampoules\/","title":{"rendered":"Flash Effect Vitamin C Ampoules"},"content":{"rendered":"<p>Revolutsiooniline kosmeetikatoode, mis p\u00f5hineb Andidest p\u00e4rit kinoa seemnete ekstraktil, kohese pinguldava efektiga. C-vitamiin soodustab naha elastsust, s\u00e4ra ja eluj\u00f5udu. Annab nahale s\u00e4ravama v\u00e4limuse, parandab elastsust ja kohese pinguldava efekti.<\/p>\n<p><strong>Kasutusjuhend:<\/strong> Kanna ringjate liigutustega n\u00e4ole, kaelale ja dekolteele, v\u00e4ltides silma\u00fcmbrust, kuni t\u00e4ieliku imendumiseni. Kasuta igap\u00e4evaselt. Ava ettevaatlikult ampull, lisa karbisolev otsik ja kasuta\u00a0 1 ampull p\u00e4evas, 1 osa hommikul ja 1 osa \u00f5htul. Ampull tuleb kasutada 12h jooksul.<\/p>\n<p><strong>Aktiivkoostisained:<br \/>\n<\/strong>Kinoa ekstrakt<br \/>\nVitamiin C<\/p>","protected":false},"excerpt":{"rendered":"<p>Revolutsiooniline kosmeetikatoode, mis p\u00f5hineb Andidest p\u00e4rit kinoa seemnete ekstraktil, kohese pinguldava efektiga. C-vitamiin soodustab naha elastsust, s\u00e4ra ja eluj\u00f5udu.<\/p>","protected":false},"featured_media":2356,"template":"","meta":{"_acf_changed":false},"product_brand":[159],"product_cat":[168],"product_tag":[182,186,183],"class_list":{"0":"post-2353","1":"product","2":"type-product","3":"status-publish","4":"has-post-thumbnail","6":"product_brand-inlab","7":"product_cat-ampulli-seerumid","8":"product_tag-kortsud-ja-lotvunud-nahk","9":"product_tag-pigmendiprobleemid","10":"product_tag-tuhm-ja-sara-kaotanud-nahk","12":"first","13":"instock","14":"sale","15":"taxable","16":"shipping-taxable","17":"purchasable","18":"product-type-simple"},"acf":[],"_links":{"self":[{"href":"https:\/\/test.velvetskin.ee\/fi\/wp-json\/wp\/v2\/product\/2353","targetHints":{"allow":["GET"]}}],"collection":[{"href":"https:\/\/test.velvetskin.ee\/fi\/wp-json\/wp\/v2\/product"}],"about":[{"href":"https:\/\/test.velvetskin.ee\/fi\/wp-json\/wp\/v2\/types\/product"}],"version-history":[{"count":6,"href":"https:\/\/test.velvetskin.ee\/fi\/wp-json\/wp\/v2\/product\/2353\/revisions"}],"predecessor-version":[{"id":3981,"href":"https:\/\/test.velvetskin.ee\/fi\/wp-json\/wp\/v2\/product\/2353\/revisions\/3981"}],"wp:featuredmedia":[{"embeddable":true,"href":"https:\/\/test.velvetskin.ee\/fi\/wp-json\/wp\/v2\/media\/2356"}],"wp:attachment":[{"href":"https:\/\/test.velvetskin.ee\/fi\/wp-json\/wp\/v2\/media?parent=2353"}],"wp:term":[{"taxonomy":"product_brand","embeddable":true,"href":"https:\/\/test.velvetskin.ee\/fi\/wp-json\/wp\/v2\/product_brand?post=2353"},{"taxonomy":"product_cat","embeddable":true,"href":"https:\/\/test.velvetskin.ee\/fi\/wp-json\/wp\/v2\/product_cat?post=2353"},{"taxonomy":"product_tag","embeddable":true,"href":"https:\/\/test.velvetskin.ee\/fi\/wp-json\/wp\/v2\/product_tag?post=2353"}],"curies":[{"name":"wp","href":"https:\/\/api.w.org\/{rel}","templated":true}]}}