{"id":2363,"date":"2025-01-14T17:30:14","date_gmt":"2025-01-14T15:30:14","guid":{"rendered":"https:\/\/test.velvetskin.ee\/?post_type=product&#038;p=2363"},"modified":"2025-11-25T21:34:11","modified_gmt":"2025-11-25T19:34:11","slug":"matte-milk-matifying-cleansing-milk","status":"publish","type":"product","link":"https:\/\/test.velvetskin.ee\/fi\/tuote\/matte-milk-matifying-cleansing-milk\/","title":{"rendered":"Matte-milk Matifying Cleansing Milk"},"content":{"rendered":"<p>Puhastuspiim, mis sisaldab E-vitamiini, allantoniini ja Panthenoli. N\u00e4opiim on paksema kreemise konsistentsiga, niisutab ja rahustab naha. Aitab taastada naha oma kaitsebarj\u00e4\u00e4ri, mis kaitseb nahka keskkonna m\u00f5jude eest. Sobib tundlikule ja \u00f5rnale nahale.<\/p>\n<p><strong>Kasutusjuhend:<\/strong><br \/>\nKanna n\u00e4ole ja kaelale igap\u00e4evaseks puhastamiseks vatipadjaga. Loputa veega.<\/p>","protected":false},"excerpt":{"rendered":"<p>Puhastuspiim, mis sisaldab E-vitamiini, allantoniini ja Panthenoli. N\u00e4opiim on paksema kreemise konsistentsiga, niisutab ja rahustab naha. Aitab taastada naha oma kaitsebarj\u00e4\u00e4ri, mis kaitseb nahka keskkonna m\u00f5jude eest. Sobib tundlikule ja \u00f5rnale nahale.<br \/>\nKasutusjuhend: Kanna n\u00e4ole ja kaelale igap\u00e4evaseks puhastamiseks vatipadjaga. Loputa veega.<\/p>","protected":false},"featured_media":2365,"template":"","meta":{"_acf_changed":false},"product_brand":[159],"product_cat":[166],"product_tag":[190,181,182,180,183,189],"class_list":{"0":"post-2363","1":"product","2":"type-product","3":"status-publish","4":"has-post-thumbnail","6":"product_brand-inlab","7":"product_cat-naopuhastus","8":"product_tag-arritunud-ja-voi-kuiv-nahk","9":"product_tag-esimesed-kortsud-30","10":"product_tag-kortsud-ja-lotvunud-nahk","11":"product_tag-rosaatsea-ja-kuperroosa","12":"product_tag-tuhm-ja-sara-kaotanud-nahk","13":"product_tag-tundlik","15":"first","16":"instock","17":"sale","18":"taxable","19":"shipping-taxable","20":"purchasable","21":"product-type-simple"},"acf":[],"_links":{"self":[{"href":"https:\/\/test.velvetskin.ee\/fi\/wp-json\/wp\/v2\/product\/2363","targetHints":{"allow":["GET"]}}],"collection":[{"href":"https:\/\/test.velvetskin.ee\/fi\/wp-json\/wp\/v2\/product"}],"about":[{"href":"https:\/\/test.velvetskin.ee\/fi\/wp-json\/wp\/v2\/types\/product"}],"version-history":[{"count":6,"href":"https:\/\/test.velvetskin.ee\/fi\/wp-json\/wp\/v2\/product\/2363\/revisions"}],"predecessor-version":[{"id":3982,"href":"https:\/\/test.velvetskin.ee\/fi\/wp-json\/wp\/v2\/product\/2363\/revisions\/3982"}],"wp:featuredmedia":[{"embeddable":true,"href":"https:\/\/test.velvetskin.ee\/fi\/wp-json\/wp\/v2\/media\/2365"}],"wp:attachment":[{"href":"https:\/\/test.velvetskin.ee\/fi\/wp-json\/wp\/v2\/media?parent=2363"}],"wp:term":[{"taxonomy":"product_brand","embeddable":true,"href":"https:\/\/test.velvetskin.ee\/fi\/wp-json\/wp\/v2\/product_brand?post=2363"},{"taxonomy":"product_cat","embeddable":true,"href":"https:\/\/test.velvetskin.ee\/fi\/wp-json\/wp\/v2\/product_cat?post=2363"},{"taxonomy":"product_tag","embeddable":true,"href":"https:\/\/test.velvetskin.ee\/fi\/wp-json\/wp\/v2\/product_tag?post=2363"}],"curies":[{"name":"wp","href":"https:\/\/api.w.org\/{rel}","templated":true}]}}